{"id":51451,"date":"2023-12-12T12:38:51","date_gmt":"2023-12-12T11:38:51","guid":{"rendered":"https:\/\/pet-shopping.de\/shop\/produkt\/bomber-by-zeus-gross\/"},"modified":"2023-12-12T12:38:51","modified_gmt":"2023-12-12T11:38:51","slug":"bomber-by-zeus-gross","status":"publish","type":"product","link":"https:\/\/all-pets.de\/shop\/produkt\/bomber-by-zeus-gross\/","title":{"rendered":"Bomber by Zeus &#8211; gross"},"content":{"rendered":"<p>Bomber ist ein interaktives Hundespielzeug aus 85% Gummi und 15%Latex.<\/p>\n<p>&#8211; Mit 2 verst\u00e4rkten Griffen<\/p>\n<p>&#8211; Zum Ziehen, Treten und Werfen geeignet.<\/p>\n<p>&#8211; Schwimmf\u00e4hig<\/p>\n<p>&#8211; Sehr widerstandsf\u00e4hig<\/p>\n<p>&#8211; F\u00fcr alle Hunde geeignet<\/p>\n<p>Gr\u00f6\u00dfe: ca. 18 cm<\/p>\n","protected":false},"excerpt":{"rendered":"<p>Bomber ist ein interaktives Hundespielzeug aus 85% Gummi und 15%Latex. &#8211; Mit 2 verst\u00e4rkten Griffen &#8211; Zum Ziehen, Treten und Werfen geeignet. &#8211; Schwimmf\u00e4hig &#8211; Sehr widerstandsf\u00e4hig &#8211; F\u00fcr alle Hunde geeignet Gr\u00f6\u00dfe: ca. 18 cm<\/p>\n","protected":false},"featured_media":18787,"comment_status":"closed","ping_status":"open","template":"","meta":[],"product_cat":[15512],"product_tag":[],"class_list":{"0":"post-51451","1":"product","2":"type-product","3":"status-publish","4":"has-post-thumbnail","6":"product_cat-aqua-spielzeug-hundespielzeug-sport-hundebaellehundewelt-hundespielzeug-sport-hundespielzeug-sporthundewelt","8":"first","9":"instock","10":"taxable","11":"shipping-taxable","12":"purchasable","13":"product-type-simple"},"_links":{"self":[{"href":"https:\/\/all-pets.de\/shop\/wp-json\/wp\/v2\/product\/51451","targetHints":{"allow":["GET"]}}],"collection":[{"href":"https:\/\/all-pets.de\/shop\/wp-json\/wp\/v2\/product"}],"about":[{"href":"https:\/\/all-pets.de\/shop\/wp-json\/wp\/v2\/types\/product"}],"replies":[{"embeddable":true,"href":"https:\/\/all-pets.de\/shop\/wp-json\/wp\/v2\/comments?post=51451"}],"wp:featuredmedia":[{"embeddable":true,"href":"https:\/\/all-pets.de\/shop\/wp-json\/wp\/v2\/media\/18787"}],"wp:attachment":[{"href":"https:\/\/all-pets.de\/shop\/wp-json\/wp\/v2\/media?parent=51451"}],"wp:term":[{"taxonomy":"product_cat","embeddable":true,"href":"https:\/\/all-pets.de\/shop\/wp-json\/wp\/v2\/product_cat?post=51451"},{"taxonomy":"product_tag","embeddable":true,"href":"https:\/\/all-pets.de\/shop\/wp-json\/wp\/v2\/product_tag?post=51451"}],"curies":[{"name":"wp","href":"https:\/\/api.w.org\/{rel}","templated":true}]}}