{"id":51452,"date":"2023-12-12T12:38:51","date_gmt":"2023-12-12T11:38:51","guid":{"rendered":"https:\/\/pet-shopping.de\/shop\/produkt\/trixie-haengebruecke-aus-bambus-45-cm\/"},"modified":"2023-12-12T12:38:52","modified_gmt":"2023-12-12T11:38:52","slug":"trixie-haengebruecke-aus-bambus-45-cm","status":"publish","type":"product","link":"https:\/\/all-pets.de\/shop\/produkt\/trixie-haengebruecke-aus-bambus-45-cm\/","title":{"rendered":"Trixie H\u00e4ngebr\u00fccke aus Bambus &#8211; 45 cm"},"content":{"rendered":"<p>Die H\u00e4ngebr\u00fccke f\u00fcr V\u00f6gel besteht aus Bambus, Kokos, Rattan und Sisalband und bietet Ihrem Liebling tolle M\u00f6glichkeiten zum Klettern, Spielen und Erleben.<\/p>\n<p>Die Br\u00fccke ist mit Holzhaken best\u00fcckt, mit denen sie im K\u00e4figgitter eingehangen werden kann. Aus 100% Naturmaterialien.<\/p>\n<p>Diese Gr\u00f6\u00dfe eignet sich z.B. f\u00fcr Wellen- und Nymphensittiche und \u00e4hnlich gro\u00dfe Vogelarten.<\/p>\n<p>L\u00e4nge: ca. 45 cm<\/p>\n","protected":false},"excerpt":{"rendered":"<p>Die H\u00e4ngebr\u00fccke f\u00fcr V\u00f6gel besteht aus Bambus, Kokos, Rattan und Sisalband und bietet Ihrem Liebling tolle M\u00f6glichkeiten zum Klettern, Spielen und Erleben. Die Br\u00fccke ist mit Holzhaken best\u00fcckt, mit denen sie im K\u00e4figgitter eingehangen werden kann. Aus 100% Naturmaterialien. Diese Gr\u00f6\u00dfe eignet sich z.B. f\u00fcr Wellen- und Nymphensittiche und \u00e4hnlich gro\u00dfe Vogelarten. L\u00e4nge: ca. 45 [&hellip;]<\/p>\n","protected":false},"featured_media":18848,"comment_status":"closed","ping_status":"open","template":"","meta":[],"product_cat":[15513],"product_tag":[],"class_list":{"0":"post-51452","1":"product","2":"type-product","3":"status-publish","4":"has-post-thumbnail","6":"product_cat-vogelleitern-ausstattung-zubehoer-spielzeugvogelwelt","8":"first","9":"instock","10":"taxable","11":"shipping-taxable","12":"purchasable","13":"product-type-simple"},"_links":{"self":[{"href":"https:\/\/all-pets.de\/shop\/wp-json\/wp\/v2\/product\/51452","targetHints":{"allow":["GET"]}}],"collection":[{"href":"https:\/\/all-pets.de\/shop\/wp-json\/wp\/v2\/product"}],"about":[{"href":"https:\/\/all-pets.de\/shop\/wp-json\/wp\/v2\/types\/product"}],"replies":[{"embeddable":true,"href":"https:\/\/all-pets.de\/shop\/wp-json\/wp\/v2\/comments?post=51452"}],"wp:featuredmedia":[{"embeddable":true,"href":"https:\/\/all-pets.de\/shop\/wp-json\/wp\/v2\/media\/18848"}],"wp:attachment":[{"href":"https:\/\/all-pets.de\/shop\/wp-json\/wp\/v2\/media?parent=51452"}],"wp:term":[{"taxonomy":"product_cat","embeddable":true,"href":"https:\/\/all-pets.de\/shop\/wp-json\/wp\/v2\/product_cat?post=51452"},{"taxonomy":"product_tag","embeddable":true,"href":"https:\/\/all-pets.de\/shop\/wp-json\/wp\/v2\/product_tag?post=51452"}],"curies":[{"name":"wp","href":"https:\/\/api.w.org\/{rel}","templated":true}]}}