{"id":51474,"date":"2023-12-12T12:38:57","date_gmt":"2023-12-12T11:38:57","guid":{"rendered":"https:\/\/pet-shopping.de\/shop\/produkt\/trixie-natural-living-vogelspielzeug-klein\/"},"modified":"2023-12-12T12:38:59","modified_gmt":"2023-12-12T11:38:59","slug":"trixie-natural-living-vogelspielzeug-klein","status":"publish","type":"product","link":"https:\/\/all-pets.de\/shop\/produkt\/trixie-natural-living-vogelspielzeug-klein\/","title":{"rendered":"Trixie Natural Living Vogelspielzeug &#8211; Klein"},"content":{"rendered":"<p>Nat\u00fcrliches Vogelspielzeug zur Besch\u00e4ftigung.<\/p>\n<p>Das Spielzeug besteht aus Holz und Tau an einer Kette und ist zus\u00e4tzlich mit einer Glocke best\u00fcckt. Zur einfachen Befestigung im K\u00e4fig- oder Volierengitter ist ein Haken mit Drehverschluss montiert.<\/p>\n<p>L\u00e4nge: ca. 25 cm <br \/> Breite: ca. 9 cm<\/p>\n","protected":false},"excerpt":{"rendered":"<p>Nat\u00fcrliches Vogelspielzeug zur Besch\u00e4ftigung. Das Spielzeug besteht aus Holz und Tau an einer Kette und ist zus\u00e4tzlich mit einer Glocke best\u00fcckt. Zur einfachen Befestigung im K\u00e4fig- oder Volierengitter ist ein Haken mit Drehverschluss montiert. L\u00e4nge: ca. 25 cm Breite: ca. 9 cm<\/p>\n","protected":false},"featured_media":18908,"comment_status":"closed","ping_status":"open","template":"","meta":[],"product_cat":[13692],"product_tag":[],"class_list":{"0":"post-51474","1":"product","2":"type-product","3":"status-publish","4":"has-post-thumbnail","6":"product_cat-spielzeug","8":"first","9":"instock","10":"taxable","11":"shipping-taxable","12":"purchasable","13":"product-type-simple"},"_links":{"self":[{"href":"https:\/\/all-pets.de\/shop\/wp-json\/wp\/v2\/product\/51474","targetHints":{"allow":["GET"]}}],"collection":[{"href":"https:\/\/all-pets.de\/shop\/wp-json\/wp\/v2\/product"}],"about":[{"href":"https:\/\/all-pets.de\/shop\/wp-json\/wp\/v2\/types\/product"}],"replies":[{"embeddable":true,"href":"https:\/\/all-pets.de\/shop\/wp-json\/wp\/v2\/comments?post=51474"}],"wp:featuredmedia":[{"embeddable":true,"href":"https:\/\/all-pets.de\/shop\/wp-json\/wp\/v2\/media\/18908"}],"wp:attachment":[{"href":"https:\/\/all-pets.de\/shop\/wp-json\/wp\/v2\/media?parent=51474"}],"wp:term":[{"taxonomy":"product_cat","embeddable":true,"href":"https:\/\/all-pets.de\/shop\/wp-json\/wp\/v2\/product_cat?post=51474"},{"taxonomy":"product_tag","embeddable":true,"href":"https:\/\/all-pets.de\/shop\/wp-json\/wp\/v2\/product_tag?post=51474"}],"curies":[{"name":"wp","href":"https:\/\/api.w.org\/{rel}","templated":true}]}}