{"id":51476,"date":"2023-12-12T12:38:59","date_gmt":"2023-12-12T11:38:59","guid":{"rendered":"https:\/\/pet-shopping.de\/shop\/produkt\/wolfsblut-down-under-125-kg\/"},"modified":"2023-12-12T12:38:59","modified_gmt":"2023-12-12T11:38:59","slug":"wolfsblut-down-under-125-kg","status":"publish","type":"product","link":"https:\/\/all-pets.de\/shop\/produkt\/wolfsblut-down-under-125-kg\/","title":{"rendered":"Wolfsblut Down Under &#8211; 12,5 kg"},"content":{"rendered":"<p>DOWN UNDER von Wolfsblut ist ein Hundefutter mit nur nat\u00fcrlichen Inhaltsstoffen und Fleisch als Hauptbestandteil, das eine t\u00e4gliche gesunde Ern\u00e4hrung erm\u00f6glicht<\/p>\n<p> F\u00fcr das Trockenfutter DOWN UNDER werden ausschlie\u00dflich nat\u00fcrliche Zutaten verwendet:<\/p>\n<p> Die Hauptzutaten sind eiwei\u00dfreiches und kalorienarmes australisches Black Angus Fleisch und Wasserb\u00fcffelfleisch (vorwiegend Muskelfleisch), beides in Lebensmittelqualit\u00e4t. Angus Rinder und Wasserb\u00fcffel leben ganzj\u00e4hrig auf der Weide und ern\u00e4hren sich dort von unterschiedlichen Grasarten.<br \/> Beide Fleischsorten<br \/> sind unbelastet von Medikamenten und Hormonen,<br \/> haben einen sehr geringen Anteil an Fett und Cholesterin sowie niedrige Kalorienwerte,<br \/> verf\u00fcgen \u00fcber viele Vitamine des B-Komplexes, Vitamin A, D sowie die Mineralien Kalium, Natrium und Eisen,<br \/> besitzen die mehrfach unges\u00e4ttigten Fetts\u00e4uren Omega 3 und 6<br \/> sind sich geschmacklich sehr \u00e4hnlich und werden sehr gerne gefressen<br \/> S\u00fc\u00dfkartoffeln, Banane und K\u00fcrbis enthalten eine Vielzahl von Vitaminen, Mineralstoffen und Spurenelementen<br \/> Papaya, Wei\u00dfe Bete, Ginseng und L\u00f6wenzahn liefern wertvolle Vitalstoffe wie sekund\u00e4re Pflanzenstoffe<br \/> DOWN UNDER von Wolfsblut verzichtet auf jegliche nicht gesunden Zusatzstoffe. Deshalb ist die Zusammensetzung<br \/> ohne Getreide, weil<br \/> Getreide keine nat\u00fcrliche Nahrung f\u00fcr Fleischfresser ist,<br \/> Getreide zu den h\u00e4ufigsten Allergieausl\u00f6sern bei Hunden z\u00e4hlt,<br \/> Getreide als wesentlicher Bestandteil der Tiermast ein schnelles Wachstum u. a. des Knochenger\u00fcstes bewirkt<br \/> ohne Gluten<br \/> ohne industriell hergestellten Zucker<br \/> ohne Geschmacksverst\u00e4rker<br \/> ohne Soja und keine k\u00fcnstliche Farb- und Konservierungsstoffe<br \/> Dieses Trockenfutter eignet sich auch f\u00fcr Allergiker und allergiegef\u00e4hrdete Hunde<\/p>\n<p> Ern\u00e4hrung die sich an der Natur orientiert und zus\u00e4tzlich die Bed\u00fcrfnisse moderner Hunde ber\u00fccksichtigt<\/p>\n<p> Der Wolf, Stammvater unserer Hunde, frisst in erster Linie Fleisch und Fisch. Aber auch Fr\u00fcchte, Kr\u00e4uter und Gem\u00fcse stehen auf seinem Speiseplan. Pflanzliche Nahrung befindet sich h\u00e4ufig im Magen seiner Beutetiere oder wird gezielt gesucht und gefressen. Fleisch, Fisch und Pflanzen liefern dem Wolf alle notwendigen Vitamine, Mineralstoffe, Spurenelemente, Enzyme und sekund\u00e4ren Pflanzenstoffe. Deshalb enth\u00e4lt das Hundefutter DOWN UNDER von Wolfsblut neben der Hauptzutat Black Angus Fleisch und Wasserb\u00fcffelfleisch auch S\u00fc\u00dfkartoffeln, Pastinake und K\u00fcrbis sowie Kaktusfeige, Wei\u00dfe Bete, Wei\u00dfdorn und Brennnessel<\/p>\n<p> Wolfsblut bezieht dar\u00fcber hinaus moderne Erkenntnisse zu den Bed\u00fcrfnissen unserer Hunde ein. Daher enth\u00e4lt DOWN UNDER auch die Naturstoffe Moringa und Topinambur<\/p>\n<p> Moringa oleifera wird auch Meerrettichbaum genannt und geh\u00f6rt zur Familie der Bennussgew\u00e4chse. Au\u00dfergew\u00f6hnlich an dieser Pflanze ist die f\u00fcr S\u00e4ugetiere besonders hohe Konzentration an nutzbringenden Stoffen.<br \/> Dazu geh\u00f6ren im Wesentlichen:<br \/> 7 Vitamine (A, B1, B2, B3, C, E, K)<br \/> Antioxidantien<br \/> Omega-3- und Omega-6-Fetts\u00e4uren<br \/> 10 Aminos\u00e4uren (Arginin, Histidin, Lysin, Tryptophan, Phenylalanin, Methionin, Threonin, Leucin, Isoleucin, Valin)<br \/> 14 Mineralstoffe und Spurenelemente, darunter Eisen und Zink<br \/> Offenbar f\u00fchren sowohl der hohe Gehalt, als auch das Mengenverh\u00e4ltnis an Vitalstoffen und sekund\u00e4ren Pflanzenstoffen zu einer St\u00e4rkung des Immunsystems, weshalb Moringa oleifera so viele positive Wirkungen f\u00fcr den Erhalt der Gesundheit nachgesagt werden. Verschiedene wissenschaftliche Studien belegen, dass der Saft aus den Bl\u00e4ttern eine antimikrobielle Wirkung besitzt, der unter anderem das Bakterienwachstum hemmt (1, 2, 3, 4)<br \/> Topinambur geh\u00f6rt zur den Korbbl\u00fctler und verf\u00fcgt \u00fcber das Kohlenhydrat Inulin. Eine in 2006 durchgef\u00fchrte Studie an der Veterin\u00e4rmedizinischen Fakult\u00e4t der Universit\u00e4t Leipzig hat zum Ergebnis, dass Inulin aus der Topinambur-Pflanze eine Vermehrung n\u00fctzlicher Bakterien im Dickdarm beg\u00fcnstigt. (5) Eine weitere Studie, durchgef\u00fchrt am Institut f\u00fcr Medizinische Mikrobiologie und Hygiene des Universit\u00e4tsklinikums Freiburg hat zum Ergebnis, dass eine gesunde Darmflora die Immunabwehr von S\u00e4ugetieren st\u00e4rkt und diese dadurch vor verschiedenen Bakterien und Viren sch\u00fctzt (6) <\/p>\n<p> Das Hundefutter DOWN UNDER von Wolfsblut vereint Urspr\u00fcnglichkeit mit modernsten ern\u00e4hrungswissenschaftlichen Erkenntnissen. Es erm\u00f6glicht Ihnen Ihren Hund Tag f\u00fcr Tag nat\u00fcrlich, artgerecht und damit gesund zu ern\u00e4hren.<\/p>\n<p> Zusammensetzung:<br \/> Australisches Black Angus Rindfleisch (25 %), getrocknetes Wasserb\u00fcffelfleisch (16 %), S\u00fc\u00dfkartoffel, Banane, Kartoffel, Black Angus Rinderfett (7 %), K\u00fcrbis, Moringa, Kichererbsen, Erbsenprotein, Mineralstoffe, Wei\u00dfe Bete, Topinambur, Pastinake, Quinoa, Papaya, Petersilie, Spinat, Kaktusfeige, M\u00f6hre, Thymian, Majoran, Oregano, Salbei, Brombeeren, Himbeeren, Heidelbeeren, Schwarze Johannisbeeren, Holunderbeeren, Aroniabeeren, Leinsamen, Tomaten, Brennnessel, Wei\u00dfdorn, L\u00f6wenzahn, Ginseng<\/p>\n<p> Ern\u00e4hrungsphysiologische Zusatzstoffe pro kg:<br \/> Vitamine: Vitamin A (als Retinylacetat) 21.871 IU, Vitamin D3 (als Cholecalciferol) 1.471 IU, Vitamin E (als Alpha Tocopherol<br \/> Azetat) 710 IU, Taurin 1.000 mg  Spurenelemente: Eisen 88,96 mg, Kalziumjodat wasser-<br \/> frei 1,58 mg, Kupfer 23,05 mg, Mangan 40,93 mg, Zink 159,86 mg, Selen 0,23 mg  Aminos\u00e4uren: DL-Methionin 2.126 mg, L-Carnithin 82 mg <\/p>\n<p> Analytische Bestandteile:<br \/> Rohprotein 23 %<br \/> Rohfett 15 %<br \/> Rohfaser 3 %<br \/> Rohasche 9 %<br \/> Feuchte 8 %<\/p>\n<p> Kalzium 2 % &#8211; Phosphor 1 %<\/p>\n","protected":false},"excerpt":{"rendered":"<p>DOWN UNDER von Wolfsblut ist ein Hundefutter mit nur nat\u00fcrlichen Inhaltsstoffen und Fleisch als Hauptbestandteil, das eine t\u00e4gliche gesunde Ern\u00e4hrung erm\u00f6glicht F\u00fcr das Trockenfutter DOWN UNDER werden ausschlie\u00dflich nat\u00fcrliche Zutaten verwendet: Die Hauptzutaten sind eiwei\u00dfreiches und kalorienarmes australisches Black Angus Fleisch und Wasserb\u00fcffelfleisch (vorwiegend Muskelfleisch), beides in Lebensmittelqualit\u00e4t. Angus Rinder und Wasserb\u00fcffel leben ganzj\u00e4hrig auf [&hellip;]<\/p>\n","protected":false},"featured_media":51477,"comment_status":"closed","ping_status":"open","template":"","meta":[],"product_cat":[15392],"product_tag":[],"class_list":{"0":"post-51476","1":"product","2":"type-product","3":"status-publish","4":"has-post-thumbnail","6":"product_cat-wolfsblut-getreidefrei-hundetrockenfutter-wolfsbluthundewelt-hundetrockenfutter","8":"first","9":"instock","10":"taxable","11":"shipping-taxable","12":"purchasable","13":"product-type-simple"},"_links":{"self":[{"href":"https:\/\/all-pets.de\/shop\/wp-json\/wp\/v2\/product\/51476","targetHints":{"allow":["GET"]}}],"collection":[{"href":"https:\/\/all-pets.de\/shop\/wp-json\/wp\/v2\/product"}],"about":[{"href":"https:\/\/all-pets.de\/shop\/wp-json\/wp\/v2\/types\/product"}],"replies":[{"embeddable":true,"href":"https:\/\/all-pets.de\/shop\/wp-json\/wp\/v2\/comments?post=51476"}],"wp:featuredmedia":[{"embeddable":true,"href":"https:\/\/all-pets.de\/shop\/wp-json\/wp\/v2\/media\/51477"}],"wp:attachment":[{"href":"https:\/\/all-pets.de\/shop\/wp-json\/wp\/v2\/media?parent=51476"}],"wp:term":[{"taxonomy":"product_cat","embeddable":true,"href":"https:\/\/all-pets.de\/shop\/wp-json\/wp\/v2\/product_cat?post=51476"},{"taxonomy":"product_tag","embeddable":true,"href":"https:\/\/all-pets.de\/shop\/wp-json\/wp\/v2\/product_tag?post=51476"}],"curies":[{"name":"wp","href":"https:\/\/api.w.org\/{rel}","templated":true}]}}