{"id":51488,"date":"2023-12-12T12:39:02","date_gmt":"2023-12-12T11:39:02","guid":{"rendered":"https:\/\/pet-shopping.de\/shop\/produkt\/karlie-katzentuer-4-wege-verschluss-fuer-grosse-katzen-braun\/"},"modified":"2023-12-12T12:39:02","modified_gmt":"2023-12-12T11:39:02","slug":"karlie-katzentuer-4-wege-verschluss-fuer-grosse-katzen-braun","status":"publish","type":"product","link":"https:\/\/all-pets.de\/shop\/produkt\/karlie-katzentuer-4-wege-verschluss-fuer-grosse-katzen-braun\/","title":{"rendered":"Karlie Katzent\u00fcr 4-Wege-Verschluss f\u00fcr gro\u00dfe Katzen &#8211; Braun"},"content":{"rendered":"<p>Die Karlie Katzent\u00fcren Porta erleichtern das Leben von Freig\u00e4nger-Katzen und ihren Besitzern. Sie bestehen aus einem Rahmen, einem Scharniersowie einer horizontal befestigten Klappe. Letztgenannte wird vom Tiermit dem Kopf nach vorn geschoben, um dann durch die \u00d6ffnung zu gelangen. So kann die Katze selbst\u00e4ndig und sicher zwischen Haus und Au\u00dfenbereich wechseln. Ein Magnetverschluss und eine B\u00fcrstendichtung machen dieKatzent\u00fcr wetterfest und zugluftsicher. Dank des Verschlusssystems kannzudem gesteuert werden, ob die Katze beliebig hinaus- und hineingehenkann oder ob die Nutzung eingeschr\u00e4nkt wird. Die mechanische Katzent\u00fcrmit 4-Wege-Verschluss bietet die Wahl zwischen ge\u00f6ffnet (hinaus undhinein) und geschlossen sowie den Optionen nur hinein und nur hinaus. <\/p>\n<p>Die T\u00fcr ist in den Farben Wei\u00df und Braun erh\u00e4ltlich. <br \/>Dieses Modell speziell f\u00fcr gro\u00dfe Katzen ist hinsichtlich seiner Ma\u00dfe an die Bed\u00fcrfnissegr\u00f6\u00dferer Katzenrassen angepasst.<\/p>\n<p>Ma\u00dfe: <span class=\"product-item-name\">B: 23.5 cm H: 25.2 cm<br \/>Farbe: Braun<\/span><\/p>\n","protected":false},"excerpt":{"rendered":"<p>Die Karlie Katzent\u00fcren Porta erleichtern das Leben von Freig\u00e4nger-Katzen und ihren Besitzern. Sie bestehen aus einem Rahmen, einem Scharniersowie einer horizontal befestigten Klappe. Letztgenannte wird vom Tiermit dem Kopf nach vorn geschoben, um dann durch die \u00d6ffnung zu gelangen. So kann die Katze selbst\u00e4ndig und sicher zwischen Haus und Au\u00dfenbereich wechseln. Ein Magnetverschluss und eine [&hellip;]<\/p>\n","protected":false},"featured_media":18979,"comment_status":"closed","ping_status":"open","template":"","meta":[],"product_cat":[14414],"product_tag":[],"class_list":{"0":"post-51488","1":"product","2":"type-product","3":"status-publish","4":"has-post-thumbnail","6":"product_cat-katzenklappen","8":"first","9":"instock","10":"taxable","11":"shipping-taxable","12":"purchasable","13":"product-type-simple"},"_links":{"self":[{"href":"https:\/\/all-pets.de\/shop\/wp-json\/wp\/v2\/product\/51488","targetHints":{"allow":["GET"]}}],"collection":[{"href":"https:\/\/all-pets.de\/shop\/wp-json\/wp\/v2\/product"}],"about":[{"href":"https:\/\/all-pets.de\/shop\/wp-json\/wp\/v2\/types\/product"}],"replies":[{"embeddable":true,"href":"https:\/\/all-pets.de\/shop\/wp-json\/wp\/v2\/comments?post=51488"}],"wp:featuredmedia":[{"embeddable":true,"href":"https:\/\/all-pets.de\/shop\/wp-json\/wp\/v2\/media\/18979"}],"wp:attachment":[{"href":"https:\/\/all-pets.de\/shop\/wp-json\/wp\/v2\/media?parent=51488"}],"wp:term":[{"taxonomy":"product_cat","embeddable":true,"href":"https:\/\/all-pets.de\/shop\/wp-json\/wp\/v2\/product_cat?post=51488"},{"taxonomy":"product_tag","embeddable":true,"href":"https:\/\/all-pets.de\/shop\/wp-json\/wp\/v2\/product_tag?post=51488"}],"curies":[{"name":"wp","href":"https:\/\/api.w.org\/{rel}","templated":true}]}}