{"id":51495,"date":"2023-12-12T12:39:02","date_gmt":"2023-12-12T11:39:02","guid":{"rendered":"https:\/\/pet-shopping.de\/shop\/produkt\/lebon-thermomatte-bask-schwarz-120-x-80-cm\/"},"modified":"2023-12-12T12:39:03","modified_gmt":"2023-12-12T11:39:03","slug":"lebon-thermomatte-bask-schwarz-120-x-80-cm","status":"publish","type":"product","link":"https:\/\/all-pets.de\/shop\/produkt\/lebon-thermomatte-bask-schwarz-120-x-80-cm\/","title":{"rendered":"Lebon Thermomatte Bask &#8211; schwarz &#8211; 120 x 80 cm"},"content":{"rendered":"<p>Die robuste und hochwertig verarbeitete Thermomatte BASK von Lebon ist flexibel einsetzbar. Ob Zuhause, im Auto oder unterwegs sch\u00fctzt die Matte B\u00f6den und Polster vor Hundehaaren und Schmutz. Der hochwertige Schaumstoff ist sehr stabil und formbest\u00e4ndig, sch\u00fctzt die Gelenke vor harten B\u00f6den und sorgt im Inneren f\u00fcr ein flauschiges Gef\u00fchl und eine warme Liegef\u00e4lche. Die weiche Schaumstoff-F\u00fcllung speichert die K\u00f6rperw\u00e4rme des Tieres und gibt sie wieder ab. Die Oberfl\u00e4che ist kuschelig weich und der Boden rutschfest und sehr strapazierf\u00e4hig. Durch ein einfaches Absaugen oder Waschen in der Maschine bis 30 Grad ist eine Reinigung m\u00f6glich.<\/p>\n<p>Farbe: Schwarz<br \/> Gr\u00f6\u00dfe: ca. 120 x 80 cm<\/p>\n","protected":false},"excerpt":{"rendered":"<p>Die robuste und hochwertig verarbeitete Thermomatte BASK von Lebon ist flexibel einsetzbar. Ob Zuhause, im Auto oder unterwegs sch\u00fctzt die Matte B\u00f6den und Polster vor Hundehaaren und Schmutz. Der hochwertige Schaumstoff ist sehr stabil und formbest\u00e4ndig, sch\u00fctzt die Gelenke vor harten B\u00f6den und sorgt im Inneren f\u00fcr ein flauschiges Gef\u00fchl und eine warme Liegef\u00e4lche. Die [&hellip;]<\/p>\n","protected":false},"featured_media":18999,"comment_status":"closed","ping_status":"open","template":"","meta":[],"product_cat":[15525],"product_tag":[],"class_list":{"0":"post-51495","1":"product","2":"type-product","3":"status-publish","4":"has-post-thumbnail","6":"product_cat-katzenkissen-katzenbetten-katzenkoerbe-hundebetten-hundekissenkatzenwelt-betten-koerbe-heizmatten-thermodeckenhundewelt-katzenbetten-katzenkoerbe-heizmatten-thermodeckenkatzenwelt-betten-koerbe","8":"first","9":"instock","10":"taxable","11":"shipping-taxable","12":"purchasable","13":"product-type-simple"},"_links":{"self":[{"href":"https:\/\/all-pets.de\/shop\/wp-json\/wp\/v2\/product\/51495","targetHints":{"allow":["GET"]}}],"collection":[{"href":"https:\/\/all-pets.de\/shop\/wp-json\/wp\/v2\/product"}],"about":[{"href":"https:\/\/all-pets.de\/shop\/wp-json\/wp\/v2\/types\/product"}],"replies":[{"embeddable":true,"href":"https:\/\/all-pets.de\/shop\/wp-json\/wp\/v2\/comments?post=51495"}],"wp:featuredmedia":[{"embeddable":true,"href":"https:\/\/all-pets.de\/shop\/wp-json\/wp\/v2\/media\/18999"}],"wp:attachment":[{"href":"https:\/\/all-pets.de\/shop\/wp-json\/wp\/v2\/media?parent=51495"}],"wp:term":[{"taxonomy":"product_cat","embeddable":true,"href":"https:\/\/all-pets.de\/shop\/wp-json\/wp\/v2\/product_cat?post=51495"},{"taxonomy":"product_tag","embeddable":true,"href":"https:\/\/all-pets.de\/shop\/wp-json\/wp\/v2\/product_tag?post=51495"}],"curies":[{"name":"wp","href":"https:\/\/api.w.org\/{rel}","templated":true}]}}