{"id":51504,"date":"2023-12-12T12:39:04","date_gmt":"2023-12-12T11:39:04","guid":{"rendered":"https:\/\/pet-shopping.de\/shop\/produkt\/karlie-wooden-bird-ball-10-cm\/"},"modified":"2023-12-12T12:39:05","modified_gmt":"2023-12-12T11:39:05","slug":"karlie-wooden-bird-ball-10-cm","status":"publish","type":"product","link":"https:\/\/all-pets.de\/shop\/produkt\/karlie-wooden-bird-ball-10-cm\/","title":{"rendered":"Karlie Wooden Bird Ball &#8211; 10 cm"},"content":{"rendered":"<div>\n<div>\n<div>Der nat\u00fcrliche Knabberspa\u00df f\u00fcr V\u00f6gel. Ideal zur Besch\u00e4ftigung und zum Zeitvertreib. Gef\u00fcllt mit 100% nat\u00fcrlichem &#8218;Nestmaterial&#8216;. Nat\u00fcrlich vollverdaulich!<\/div>\n<p> Durchmesser: ca.\u00a010 cm\u00a0\u00a0<\/div>\n<\/div>\n","protected":false},"excerpt":{"rendered":"<p>Der nat\u00fcrliche Knabberspa\u00df f\u00fcr V\u00f6gel. Ideal zur Besch\u00e4ftigung und zum Zeitvertreib. Gef\u00fcllt mit 100% nat\u00fcrlichem &#8218;Nestmaterial&#8216;. Nat\u00fcrlich vollverdaulich! Durchmesser: ca.\u00a010 cm\u00a0\u00a0<\/p>\n","protected":false},"featured_media":19097,"comment_status":"closed","ping_status":"open","template":"","meta":[],"product_cat":[13692],"product_tag":[],"class_list":{"0":"post-51504","1":"product","2":"type-product","3":"status-publish","4":"has-post-thumbnail","6":"product_cat-spielzeug","8":"first","9":"instock","10":"taxable","11":"shipping-taxable","12":"purchasable","13":"product-type-simple"},"_links":{"self":[{"href":"https:\/\/all-pets.de\/shop\/wp-json\/wp\/v2\/product\/51504","targetHints":{"allow":["GET"]}}],"collection":[{"href":"https:\/\/all-pets.de\/shop\/wp-json\/wp\/v2\/product"}],"about":[{"href":"https:\/\/all-pets.de\/shop\/wp-json\/wp\/v2\/types\/product"}],"replies":[{"embeddable":true,"href":"https:\/\/all-pets.de\/shop\/wp-json\/wp\/v2\/comments?post=51504"}],"wp:featuredmedia":[{"embeddable":true,"href":"https:\/\/all-pets.de\/shop\/wp-json\/wp\/v2\/media\/19097"}],"wp:attachment":[{"href":"https:\/\/all-pets.de\/shop\/wp-json\/wp\/v2\/media?parent=51504"}],"wp:term":[{"taxonomy":"product_cat","embeddable":true,"href":"https:\/\/all-pets.de\/shop\/wp-json\/wp\/v2\/product_cat?post=51504"},{"taxonomy":"product_tag","embeddable":true,"href":"https:\/\/all-pets.de\/shop\/wp-json\/wp\/v2\/product_tag?post=51504"}],"curies":[{"name":"wp","href":"https:\/\/api.w.org\/{rel}","templated":true}]}}