{"id":51509,"date":"2023-12-12T12:39:04","date_gmt":"2023-12-12T11:39:04","guid":{"rendered":"https:\/\/pet-shopping.de\/shop\/produkt\/karlie-vogelspielzeug-lava-holz-glocke-ca-32-cm\/"},"modified":"2023-12-12T12:39:05","modified_gmt":"2023-12-12T11:39:05","slug":"karlie-vogelspielzeug-lava-holz-glocke-ca-32-cm","status":"publish","type":"product","link":"https:\/\/all-pets.de\/shop\/produkt\/karlie-vogelspielzeug-lava-holz-glocke-ca-32-cm\/","title":{"rendered":"Karlie Vogelspielzeug Lava-Holz-Glocke &#8211; ca. 32 cm"},"content":{"rendered":"<div>\n<div>Vogelgerechter Materialmix aus Naturholz, Lavastein und Baumwolle mit Gl\u00f6ckchen.<\/p>\n<p> Gr\u00f6\u00dfe: ca.\u00a032 cm<\/p>\n<p><font size=\"1\">(Die Farben k\u00f6nnen von der Abbildung abweichen! Eine Farbwahl ist leider nicht m\u00f6glich, da die Farbe je nach Lagerbestand gew\u00e4hlt wird.)<\/font> <\/div>\n<p>\u00a0<\/p><\/div>\n","protected":false},"excerpt":{"rendered":"<p>Vogelgerechter Materialmix aus Naturholz, Lavastein und Baumwolle mit Gl\u00f6ckchen. Gr\u00f6\u00dfe: ca.\u00a032 cm (Die Farben k\u00f6nnen von der Abbildung abweichen! Eine Farbwahl ist leider nicht m\u00f6glich, da die Farbe je nach Lagerbestand gew\u00e4hlt wird.) \u00a0<\/p>\n","protected":false},"featured_media":19132,"comment_status":"closed","ping_status":"open","template":"","meta":[],"product_cat":[13692],"product_tag":[],"class_list":{"0":"post-51509","1":"product","2":"type-product","3":"status-publish","4":"has-post-thumbnail","6":"product_cat-spielzeug","8":"first","9":"instock","10":"taxable","11":"shipping-taxable","12":"purchasable","13":"product-type-simple"},"_links":{"self":[{"href":"https:\/\/all-pets.de\/shop\/wp-json\/wp\/v2\/product\/51509","targetHints":{"allow":["GET"]}}],"collection":[{"href":"https:\/\/all-pets.de\/shop\/wp-json\/wp\/v2\/product"}],"about":[{"href":"https:\/\/all-pets.de\/shop\/wp-json\/wp\/v2\/types\/product"}],"replies":[{"embeddable":true,"href":"https:\/\/all-pets.de\/shop\/wp-json\/wp\/v2\/comments?post=51509"}],"wp:featuredmedia":[{"embeddable":true,"href":"https:\/\/all-pets.de\/shop\/wp-json\/wp\/v2\/media\/19132"}],"wp:attachment":[{"href":"https:\/\/all-pets.de\/shop\/wp-json\/wp\/v2\/media?parent=51509"}],"wp:term":[{"taxonomy":"product_cat","embeddable":true,"href":"https:\/\/all-pets.de\/shop\/wp-json\/wp\/v2\/product_cat?post=51509"},{"taxonomy":"product_tag","embeddable":true,"href":"https:\/\/all-pets.de\/shop\/wp-json\/wp\/v2\/product_tag?post=51509"}],"curies":[{"name":"wp","href":"https:\/\/api.w.org\/{rel}","templated":true}]}}