{"id":51510,"date":"2023-12-12T12:39:06","date_gmt":"2023-12-12T11:39:06","guid":{"rendered":"https:\/\/pet-shopping.de\/shop\/produkt\/trixie-flash-halsband-signalorange-l-xl-55-70-cm\/"},"modified":"2023-12-12T12:39:06","modified_gmt":"2023-12-12T11:39:06","slug":"trixie-flash-halsband-signalorange-l-xl-55-70-cm","status":"publish","type":"product","link":"https:\/\/all-pets.de\/shop\/produkt\/trixie-flash-halsband-signalorange-l-xl-55-70-cm\/","title":{"rendered":"Trixie Flash Halsband &#8211; Signalorange &#8211; L-XL: 55-70 cm"},"content":{"rendered":"<p>Mehr Sicherheit f\u00fcr Mensch und Tier!<\/p>\n<p>Vorallem in den Herbst- und Wintermonaten sollten Sie darauf achten, dass sowohl Sie als auch Ihr Hund f\u00fcr Autofahrer sofort sichtbar sind, um Unf\u00e4lle zu vermeiden. Das Flash Halsband vom Qualit\u00e4tshersteller Trixie besteht aus strapazierf\u00e4higem Nylon und besitzt zwei Leuchtfunktionen: Blink- oder Dauerlicht. <\/p>\n<p>Die Sichtweite betr\u00e4gt bis zu 400 m. Das Halsband wird inklusive Batterie geliefert (f\u00fcr ca. 200 Stunden Blinklicht\/ca. 100 Stunden Dauerlicht). Selbstverst\u00e4ndlich ist das Halsband spritzwassergesch\u00fctzt und stufenlos verstellbar. <\/p>\n<p>Farbe: Signalorange<br \/> Gr\u00f6\u00dfe: L-XL: ca. 55-70 cm \/ 25 mm (L\u00e4nge\/Breite)<\/p>\n","protected":false},"excerpt":{"rendered":"<p>Mehr Sicherheit f\u00fcr Mensch und Tier! Vorallem in den Herbst- und Wintermonaten sollten Sie darauf achten, dass sowohl Sie als auch Ihr Hund f\u00fcr Autofahrer sofort sichtbar sind, um Unf\u00e4lle zu vermeiden. Das Flash Halsband vom Qualit\u00e4tshersteller Trixie besteht aus strapazierf\u00e4higem Nylon und besitzt zwei Leuchtfunktionen: Blink- oder Dauerlicht. Die Sichtweite betr\u00e4gt bis zu 400 [&hellip;]<\/p>\n","protected":false},"featured_media":19152,"comment_status":"closed","ping_status":"open","template":"","meta":[],"product_cat":[15514],"product_tag":[],"class_list":{"0":"post-51510","1":"product","2":"type-product","3":"status-publish","4":"has-post-thumbnail","6":"product_cat-sicherheit-unterwegs-reflektierendhundewelt-halsbaender-leinen-nylonhalsbaenderhundewelt","8":"first","9":"instock","10":"taxable","11":"shipping-taxable","12":"purchasable","13":"product-type-simple"},"_links":{"self":[{"href":"https:\/\/all-pets.de\/shop\/wp-json\/wp\/v2\/product\/51510","targetHints":{"allow":["GET"]}}],"collection":[{"href":"https:\/\/all-pets.de\/shop\/wp-json\/wp\/v2\/product"}],"about":[{"href":"https:\/\/all-pets.de\/shop\/wp-json\/wp\/v2\/types\/product"}],"replies":[{"embeddable":true,"href":"https:\/\/all-pets.de\/shop\/wp-json\/wp\/v2\/comments?post=51510"}],"wp:featuredmedia":[{"embeddable":true,"href":"https:\/\/all-pets.de\/shop\/wp-json\/wp\/v2\/media\/19152"}],"wp:attachment":[{"href":"https:\/\/all-pets.de\/shop\/wp-json\/wp\/v2\/media?parent=51510"}],"wp:term":[{"taxonomy":"product_cat","embeddable":true,"href":"https:\/\/all-pets.de\/shop\/wp-json\/wp\/v2\/product_cat?post=51510"},{"taxonomy":"product_tag","embeddable":true,"href":"https:\/\/all-pets.de\/shop\/wp-json\/wp\/v2\/product_tag?post=51510"}],"curies":[{"name":"wp","href":"https:\/\/api.w.org\/{rel}","templated":true}]}}