{"id":51511,"date":"2023-12-12T12:39:06","date_gmt":"2023-12-12T11:39:06","guid":{"rendered":"https:\/\/pet-shopping.de\/shop\/produkt\/trixie-fresh-n-easy-monatsstreu-granulat-5-l\/"},"modified":"2023-12-12T12:39:06","modified_gmt":"2023-12-12T11:39:06","slug":"trixie-fresh-n-easy-monatsstreu-granulat-5-l","status":"publish","type":"product","link":"https:\/\/all-pets.de\/shop\/produkt\/trixie-fresh-n-easy-monatsstreu-granulat-5-l\/","title":{"rendered":"Trixie Fresh N Easy Monatsstreu Granulat &#8211; 5 l"},"content":{"rendered":"<p>Bei der Fresh N Easy Monatsstreu des Herstellers Trixie handelt es sich um ein Silikatstreu f\u00fcr Katzentoiletten. Das Streu ist einfach in der Anwendung und absorbiert den Urin, w\u00e4hrend es gleichzeitig den Geruch neutralisiert. <\/p>\n<p>Das Streu besteht zu 100% aus nat\u00fcrlichen Rohstoffen und ist biologisch abbaubar. Au\u00dferdem verf\u00fcgt es \u00fcber eine antibakterielle Wirkung. Es ist angenehm leicht und zugleich sparsam im Verbrauch. Da das Streu besonders staubarm ist, eignet es sich auch gut f\u00fcr Allergiker.<\/p>\n<p>Inhalt: 5 l<\/p>\n","protected":false},"excerpt":{"rendered":"<p>Bei der Fresh N Easy Monatsstreu des Herstellers Trixie handelt es sich um ein Silikatstreu f\u00fcr Katzentoiletten. Das Streu ist einfach in der Anwendung und absorbiert den Urin, w\u00e4hrend es gleichzeitig den Geruch neutralisiert. Das Streu besteht zu 100% aus nat\u00fcrlichen Rohstoffen und ist biologisch abbaubar. Au\u00dferdem verf\u00fcgt es \u00fcber eine antibakterielle Wirkung. Es ist [&hellip;]<\/p>\n","protected":false},"featured_media":19163,"comment_status":"closed","ping_status":"open","template":"","meta":[],"product_cat":[15526],"product_tag":[],"class_list":{"0":"post-51511","1":"product","2":"type-product","3":"status-publish","4":"has-post-thumbnail","6":"product_cat-katzenstreu","8":"first","9":"instock","10":"taxable","11":"shipping-taxable","12":"purchasable","13":"product-type-simple"},"_links":{"self":[{"href":"https:\/\/all-pets.de\/shop\/wp-json\/wp\/v2\/product\/51511","targetHints":{"allow":["GET"]}}],"collection":[{"href":"https:\/\/all-pets.de\/shop\/wp-json\/wp\/v2\/product"}],"about":[{"href":"https:\/\/all-pets.de\/shop\/wp-json\/wp\/v2\/types\/product"}],"replies":[{"embeddable":true,"href":"https:\/\/all-pets.de\/shop\/wp-json\/wp\/v2\/comments?post=51511"}],"wp:featuredmedia":[{"embeddable":true,"href":"https:\/\/all-pets.de\/shop\/wp-json\/wp\/v2\/media\/19163"}],"wp:attachment":[{"href":"https:\/\/all-pets.de\/shop\/wp-json\/wp\/v2\/media?parent=51511"}],"wp:term":[{"taxonomy":"product_cat","embeddable":true,"href":"https:\/\/all-pets.de\/shop\/wp-json\/wp\/v2\/product_cat?post=51511"},{"taxonomy":"product_tag","embeddable":true,"href":"https:\/\/all-pets.de\/shop\/wp-json\/wp\/v2\/product_tag?post=51511"}],"curies":[{"name":"wp","href":"https:\/\/api.w.org\/{rel}","templated":true}]}}