{"id":51518,"date":"2023-12-12T12:39:06","date_gmt":"2023-12-12T11:39:06","guid":{"rendered":"https:\/\/pet-shopping.de\/shop\/produkt\/trixie-kult-geier-gustav-28-cm\/"},"modified":"2023-12-12T12:39:07","modified_gmt":"2023-12-12T11:39:07","slug":"trixie-kult-geier-gustav-28-cm","status":"publish","type":"product","link":"https:\/\/all-pets.de\/shop\/produkt\/trixie-kult-geier-gustav-28-cm\/","title":{"rendered":"Trixie Kult-Geier Gustav &#8211; 28 cm"},"content":{"rendered":"<div class=\"itemDescriptions\">\n<ul>\n<li>Stoff\/Pl\u00fcsch<\/li>\n<li>mit Stimme<\/li>\n<\/ul>\n<p>Gr\u00f6\u00dfe: ca. 28 cm<\/p>\n<p> Erlebe spannende Abenteuer mit Gustav auf seiner facebook-Seite: www.facebook.com\/GeierGustav<\/p><\/div>\n","protected":false},"excerpt":{"rendered":"<p>Stoff\/Pl\u00fcsch mit Stimme Gr\u00f6\u00dfe: ca. 28 cm Erlebe spannende Abenteuer mit Gustav auf seiner facebook-Seite: www.facebook.com\/GeierGustav<\/p>\n","protected":false},"featured_media":19189,"comment_status":"closed","ping_status":"open","template":"","meta":[],"product_cat":[13828],"product_tag":[],"class_list":{"0":"post-51518","1":"product","2":"type-product","3":"status-publish","4":"has-post-thumbnail","6":"product_cat-plueschspielzeug-hundespielzeug-sport","8":"first","9":"instock","10":"taxable","11":"shipping-taxable","12":"purchasable","13":"product-type-simple"},"_links":{"self":[{"href":"https:\/\/all-pets.de\/shop\/wp-json\/wp\/v2\/product\/51518","targetHints":{"allow":["GET"]}}],"collection":[{"href":"https:\/\/all-pets.de\/shop\/wp-json\/wp\/v2\/product"}],"about":[{"href":"https:\/\/all-pets.de\/shop\/wp-json\/wp\/v2\/types\/product"}],"replies":[{"embeddable":true,"href":"https:\/\/all-pets.de\/shop\/wp-json\/wp\/v2\/comments?post=51518"}],"wp:featuredmedia":[{"embeddable":true,"href":"https:\/\/all-pets.de\/shop\/wp-json\/wp\/v2\/media\/19189"}],"wp:attachment":[{"href":"https:\/\/all-pets.de\/shop\/wp-json\/wp\/v2\/media?parent=51518"}],"wp:term":[{"taxonomy":"product_cat","embeddable":true,"href":"https:\/\/all-pets.de\/shop\/wp-json\/wp\/v2\/product_cat?post=51518"},{"taxonomy":"product_tag","embeddable":true,"href":"https:\/\/all-pets.de\/shop\/wp-json\/wp\/v2\/product_tag?post=51518"}],"curies":[{"name":"wp","href":"https:\/\/api.w.org\/{rel}","templated":true}]}}