{"id":51527,"date":"2023-12-12T12:39:11","date_gmt":"2023-12-12T11:39:11","guid":{"rendered":"https:\/\/pet-shopping.de\/shop\/produkt\/flexi-rollleine-new-classic-gurt-5m-bis-15kg-rot\/"},"modified":"2023-12-12T12:39:12","modified_gmt":"2023-12-12T11:39:12","slug":"flexi-rollleine-new-classic-gurt-5m-bis-15kg-rot","status":"publish","type":"product","link":"https:\/\/all-pets.de\/shop\/produkt\/flexi-rollleine-new-classic-gurt-5m-bis-15kg-rot\/","title":{"rendered":"FLEXI Rollleine New CLASSIC Gurt &#8211; 5m, bis 15kg &#8211; Rot"},"content":{"rendered":"<ul>\n<li>mit Kurzhub-Bremssystem<\/li>\n<li>erweiterbar durch flexi Multi Box und LED Lighting System<\/li>\n<li>Gr\u00f6\u00dfe S <\/li>\n<li>Gurtl\u00e4nge 5m<\/li>\n<li>geeignet f\u00fcr Hunde bis zu 15kg K\u00f6rpergewicht<\/li>\n<li>Farbe: Rot<\/li>\n<\/ul>\n","protected":false},"excerpt":{"rendered":"<p>mit Kurzhub-Bremssystem erweiterbar durch flexi Multi Box und LED Lighting System Gr\u00f6\u00dfe S Gurtl\u00e4nge 5m geeignet f\u00fcr Hunde bis zu 15kg K\u00f6rpergewicht Farbe: Rot<\/p>\n","protected":false},"featured_media":19403,"comment_status":"closed","ping_status":"open","template":"","meta":[],"product_cat":[15321],"product_tag":[],"class_list":{"0":"post-51527","1":"product","2":"type-product","3":"status-publish","4":"has-post-thumbnail","6":"product_cat-roll-leinen","8":"first","9":"instock","10":"taxable","11":"shipping-taxable","12":"purchasable","13":"product-type-simple"},"_links":{"self":[{"href":"https:\/\/all-pets.de\/shop\/wp-json\/wp\/v2\/product\/51527","targetHints":{"allow":["GET"]}}],"collection":[{"href":"https:\/\/all-pets.de\/shop\/wp-json\/wp\/v2\/product"}],"about":[{"href":"https:\/\/all-pets.de\/shop\/wp-json\/wp\/v2\/types\/product"}],"replies":[{"embeddable":true,"href":"https:\/\/all-pets.de\/shop\/wp-json\/wp\/v2\/comments?post=51527"}],"wp:featuredmedia":[{"embeddable":true,"href":"https:\/\/all-pets.de\/shop\/wp-json\/wp\/v2\/media\/19403"}],"wp:attachment":[{"href":"https:\/\/all-pets.de\/shop\/wp-json\/wp\/v2\/media?parent=51527"}],"wp:term":[{"taxonomy":"product_cat","embeddable":true,"href":"https:\/\/all-pets.de\/shop\/wp-json\/wp\/v2\/product_cat?post=51527"},{"taxonomy":"product_tag","embeddable":true,"href":"https:\/\/all-pets.de\/shop\/wp-json\/wp\/v2\/product_tag?post=51527"}],"curies":[{"name":"wp","href":"https:\/\/api.w.org\/{rel}","templated":true}]}}