{"id":51531,"date":"2023-12-12T12:39:13","date_gmt":"2023-12-12T11:39:13","guid":{"rendered":"https:\/\/pet-shopping.de\/shop\/produkt\/karlie-flamingo-tpr-halsband-orange-40-cm\/"},"modified":"2023-12-12T12:39:13","modified_gmt":"2023-12-12T11:39:13","slug":"karlie-flamingo-tpr-halsband-orange-40-cm","status":"publish","type":"product","link":"https:\/\/all-pets.de\/shop\/produkt\/karlie-flamingo-tpr-halsband-orange-40-cm\/","title":{"rendered":"Karlie Flamingo TPR Halsband &#8211; Orange &#8211; 40 cm"},"content":{"rendered":"<p>Die neuen TPR Halsb\u00e4nder und Leinen von Karlie Flamingo bieten gegen\u00fcber konventionellen Artikeln einige tolle Vorteile:<\/p>\n<p>Sie sind:<br \/> &#8211; antibakteriell<br \/> &#8211; geruchsneutral<br \/> &#8211; besonders strapazierf\u00e4hig<br \/> &#8211; wasserdicht<br \/> &#8211; und bleiben auch bei kaltem Wetter flexibel<\/p>\n<p>Au\u00dferdem sind Sie mit der orangen Signalfarbe gut sichtbar und bieten Ihnen und Ihrem Tier so mehr Sicherheit.<\/p>\n<p>Halsband Gr\u00f6\u00dfe S: 40 cm x 15 mm (Gesamtl\u00e4nge x Breite)<br \/> Farbe: Orange<\/p>\n","protected":false},"excerpt":{"rendered":"<p>Die neuen TPR Halsb\u00e4nder und Leinen von Karlie Flamingo bieten gegen\u00fcber konventionellen Artikeln einige tolle Vorteile: Sie sind: &#8211; antibakteriell &#8211; geruchsneutral &#8211; besonders strapazierf\u00e4hig &#8211; wasserdicht &#8211; und bleiben auch bei kaltem Wetter flexibel Au\u00dferdem sind Sie mit der orangen Signalfarbe gut sichtbar und bieten Ihnen und Ihrem Tier so mehr Sicherheit. Halsband Gr\u00f6\u00dfe [&hellip;]<\/p>\n","protected":false},"featured_media":19496,"comment_status":"closed","ping_status":"open","template":"","meta":[],"product_cat":[13940],"product_tag":[],"class_list":{"0":"post-51531","1":"product","2":"type-product","3":"status-publish","4":"has-post-thumbnail","6":"product_cat-weitere-halsbaender","8":"first","9":"instock","10":"taxable","11":"shipping-taxable","12":"purchasable","13":"product-type-simple"},"_links":{"self":[{"href":"https:\/\/all-pets.de\/shop\/wp-json\/wp\/v2\/product\/51531","targetHints":{"allow":["GET"]}}],"collection":[{"href":"https:\/\/all-pets.de\/shop\/wp-json\/wp\/v2\/product"}],"about":[{"href":"https:\/\/all-pets.de\/shop\/wp-json\/wp\/v2\/types\/product"}],"replies":[{"embeddable":true,"href":"https:\/\/all-pets.de\/shop\/wp-json\/wp\/v2\/comments?post=51531"}],"wp:featuredmedia":[{"embeddable":true,"href":"https:\/\/all-pets.de\/shop\/wp-json\/wp\/v2\/media\/19496"}],"wp:attachment":[{"href":"https:\/\/all-pets.de\/shop\/wp-json\/wp\/v2\/media?parent=51531"}],"wp:term":[{"taxonomy":"product_cat","embeddable":true,"href":"https:\/\/all-pets.de\/shop\/wp-json\/wp\/v2\/product_cat?post=51531"},{"taxonomy":"product_tag","embeddable":true,"href":"https:\/\/all-pets.de\/shop\/wp-json\/wp\/v2\/product_tag?post=51531"}],"curies":[{"name":"wp","href":"https:\/\/api.w.org\/{rel}","templated":true}]}}