{"id":51546,"date":"2023-12-12T12:39:14","date_gmt":"2023-12-12T11:39:14","guid":{"rendered":"https:\/\/pet-shopping.de\/shop\/produkt\/wolfsblut-black-bird-adult-125-kg\/"},"modified":"2023-12-12T12:39:15","modified_gmt":"2023-12-12T11:39:15","slug":"wolfsblut-black-bird-adult-125-kg","status":"publish","type":"product","link":"https:\/\/all-pets.de\/shop\/produkt\/wolfsblut-black-bird-adult-125-kg\/","title":{"rendered":"Wolfsblut Black Bird Adult &#8211; 12,5 kg"},"content":{"rendered":"<p>\u00a0<span arial,=\"\"\" helvetica,=\"\"\"\" sans-serif =\"\"\"\" font-size:=\"\"\"\" 12px =\"\"\"\" background-color:=\"\"\"\" #ffffff\"\"=\"\"\"\">Black Bird Adult von Wolfsblut ist ein Trocken-Hundefutter f\u00fcr die t\u00e4gliche gesunde Ern\u00e4hrung Ihres Hundes<\/span><\/p>\n<p><span arial,=\"\"\"\" helvetica,=\"\"\"\" sans-serif =\"\"\"\" font-size:=\"\"\"\" 12px =\"\"\"\" background-color:=\"\"\"\" #ffffff\"\"=\"\"\"\">&#8211; Mit viel Fleisch (mind. 50%) in Lebensmittelqualit\u00e4t von Truth\u00e4hnen aus der Freilandhaltung<\/span><br arial,=\"\"\"\" helvetica,=\"\"\"\" sans-serif =\"\"\"\" font-size:=\"\"\"\" 12px =\"\"\"\" background-color:=\"\"\"\" #ffffff\"\"=\"\"\"\" \/> <span arial,=\"\"\"\" helvetica,=\"\"\"\" sans-serif =\"\"\"\" font-size:=\"\"\"\" 12px =\"\"\"\" background-color:=\"\"\"\" #ffffff\"\"=\"\"\"\">&#8211; Truthahn gilt als sehr kalorienarm und eiwei\u00dfreich<\/span><br arial,=\"\"\"\" helvetica,=\"\"\"\" sans-serif =\"\"\"\" font-size:=\"\"\"\" 12px =\"\"\"\" background-color:=\"\"\"\" #ffffff\"\"=\"\"\"\" \/> <span arial,=\"\"\"\" helvetica,=\"\"\"\" sans-serif =\"\"\"\" font-size:=\"\"\"\" 12px =\"\"\"\" background-color:=\"\"\"\" #ffffff\"\"=\"\"\"\">&#8211; Mit S\u00fc\u00dfkartoffeln, die laut der amerikanischen Gesundheitsbeh\u00f6rde CSPI zum n\u00e4hrstoffreichsten Gem\u00fcse geh\u00f6ren<\/span><br arial,=\"\"\"\" helvetica,=\"\"\"\" sans-serif =\"\"\"\" font-size:=\"\"\"\" 12px =\"\"\"\" background-color:=\"\"\"\" #ffffff\"\"=\"\"\"\" \/> <span arial,=\"\"\"\" helvetica,=\"\"\"\" sans-serif =\"\"\"\" font-size:=\"\"\"\" 12px =\"\"\"\" background-color:=\"\"\"\" #ffffff\"\"=\"\"\"\">&#8211; Mit K\u00fcrbis und Pastinake, den gro\u00dfen Lieferanten von Vitaminen und Mineralstoffen<\/span><br arial,=\"\"\"\" helvetica,=\"\"\"\" sans-serif =\"\"\"\" font-size:=\"\"\"\" 12px =\"\"\"\" background-color:=\"\"\"\" #ffffff\"\"=\"\"\"\" \/> <span arial,=\"\"\"\" helvetica,=\"\"\"\" sans-serif =\"\"\"\" font-size:=\"\"\"\" 12px =\"\"\"\" background-color:=\"\"\"\" #ffffff\"\"=\"\"\"\">&#8211; Mit Brennnessel, Wei\u00dfdorn, Ginseng, L\u00f6wenzahn und ihren nat\u00fcrlich positiven Wirkungen auf die Gesundheit<\/span><br arial,=\"\"\"\" helvetica,=\"\"\"\" sans-serif =\"\"\"\" font-size:=\"\"\"\" 12px =\"\"\"\" background-color:=\"\"\"\" #ffffff\"\"=\"\"\"\" \/> <span arial,=\"\"\"\" helvetica,=\"\"\"\" sans-serif =\"\"\"\" font-size:=\"\"\"\" 12px =\"\"\"\" background-color:=\"\"\"\" #ffffff\"\"=\"\"\"\">&#8211; Mit den nat\u00fcrlichen Probiotika MOS und FOS, die auch in Babynahrung erg\u00e4nzt werden und einen positiven Einfluss auf die Verdauung haben<\/span><br arial,=\"\"\"\" helvetica,=\"\"\"\" sans-serif =\"\"\"\" font-size:=\"\"\"\" 12px =\"\"\"\" background-color:=\"\"\"\" #ffffff\"\"=\"\"\"\" \/> <span arial,=\"\"\"\" helvetica,=\"\"\"\" sans-serif =\"\"\"\" font-size:=\"\"\"\" 12px =\"\"\"\" background-color:=\"\"\"\" #ffffff\"\"=\"\"\"\">&#8211; Ohne Getreide, das zu den h\u00e4ufigsten Allergieausl\u00f6sern bei Hunden z\u00e4hlt<\/span><br arial,=\"\"\"\" helvetica,=\"\"\"\" sans-serif =\"\"\"\" font-size:=\"\"\"\" 12px =\"\"\"\" background-color:=\"\"\"\" #ffffff\"\"=\"\"\"\" \/> <span arial,=\"\"\"\" helvetica,=\"\"\"\" sans-serif =\"\"\"\" font-size:=\"\"\"\" 12px =\"\"\"\" background-color:=\"\"\"\" #ffffff\"\"=\"\"\"\">&#8211; Ohne industriell hergestellten Zucker, Soja, Geschmacksverst\u00e4rker, chemische Farbstoffe und k\u00fcnstliche Konservierungsmittel<\/span><br arial,=\"\"\"\" helvetica,=\"\"\"\" sans-serif =\"\"\"\" font-size:=\"\"\"\" 12px =\"\"\"\" background-color:=\"\"\"\" #ffffff\"\"=\"\"\"\" \/> <span arial,=\"\"\"\" helvetica,=\"\"\"\" sans-serif =\"\"\"\" font-size:=\"\"\"\" 12px =\"\"\"\" background-color:=\"\"\"\" #ffffff\"\"=\"\"\"\">&#8211; Geeignet auch f\u00fcr Allergiker und allergiegef\u00e4hrdete Hunde<\/span><br arial,=\"\"\"\" helvetica,=\"\"\"\" sans-serif =\"\"\"\" font-size:=\"\"\"\" 12px =\"\"\"\" background-color:=\"\"\"\" #ffffff\"\"=\"\"\"\" \/> <span arial,=\"\"\"\" helvetica,=\"\"\"\" sans-serif =\"\"\"\" font-size:=\"\"\"\" 12px =\"\"\"\" background-color:=\"\"\"\" #ffffff\"\"=\"\"\"\">&#8211; Wird sehr gern gefressen, denn Truthahn ist geschmacklich dem H\u00fchnchen sehr nahe<\/span><br arial,=\"\"\"\" helvetica,=\"\"\"\" sans-serif =\"\"\"\" font-size:=\"\"\"\" 12px =\"\"\"\" background-color:=\"\"\"\" #ffffff\"\"=\"\"\"\" \/> <br arial,=\"\"\"\" helvetica,=\"\"\"\" sans-serif =\"\"\"\" font-size:=\"\"\"\" 12px =\"\"\"\" background-color:=\"\"\"\" #ffffff\"\"=\"\"\"\" \/><span arial,=\"\"\"\" helvetica,=\"\"\"\" sans-serif =\"\"\"\" font-size:=\"\"\"\" 12px =\"\"\"\" background-color:=\"\"\"\" #ffffff\"\"=\"\"\"\">Die Zusammensetzung des Hundefutters Black Bird Adult orientiert sich an der Nahrung der Ur-Hunde und verbindet diese mit dem Wissen unserer Zeit.<\/span><br arial,=\"\"\"\" helvetica,=\"\"\"\" sans-serif =\"\"\"\" font-size:=\"\"\"\" 12px =\"\"\"\" background-color:=\"\"\"\" #ffffff\"\"=\"\"\"\" \/> <br arial,=\"\"\"\" helvetica,=\"\"\"\" sans-serif =\"\"\"\" font-size:=\"\"\"\" 12px =\"\"\"\" background-color:=\"\"\"\" #ffffff\"\"=\"\"\"\" \/><span arial,=\"\"\"\" helvetica,=\"\"\"\" sans-serif =\"\"\"\" font-size:=\"\"\"\" 12px =\"\"\"\" background-color:=\"\"\"\" #ffffff\"\"=\"\"\"\">Die Ur-Hunde ern\u00e4hrten sich neben ihrer Hauptnahrungsquelle Fleisch und Fisch auch von Fr\u00fcchten, Kr\u00e4utern und Gem\u00fcse. Diese haben sie entweder \u00fcber den Mageninhalt der Beutetiere aufgenommen\u00a0<\/span><br arial,=\"\"\"\" helvetica,=\"\"\"\" sans-serif =\"\"\"\" font-size:=\"\"\"\" 12px =\"\"\"\" background-color:=\"\"\"\" #ffffff\"\"=\"\"\"\" \/> <span arial,=\"\"\"\" helvetica,=\"\"\"\" sans-serif =\"\"\"\" font-size:=\"\"\"\" 12px =\"\"\"\" background-color:=\"\"\"\" #ffffff\"\"=\"\"\"\">oder selber gesucht und gefressen. Die Fr\u00fcchte, Kr\u00e4uter und das Gem\u00fcse lieferten den Ur-Hunden die ben\u00f6tigten Vitamine, Mineralstoffe, Vitalstoffe, Spurenelemente, Enzyme und sekund\u00e4re Pflanzenstoffe.<\/span><br arial,=\"\"\"\" helvetica,=\"\"\"\" sans-serif =\"\"\"\" font-size:=\"\"\"\" 12px =\"\"\"\" background-color:=\"\"\"\" #ffffff\"\"=\"\"\"\" \/> <span arial,=\"\"\"\" helvetica,=\"\"\"\" sans-serif =\"\"\"\" font-size:=\"\"\"\" 12px =\"\"\"\" background-color:=\"\"\"\" #ffffff\"\"=\"\"\"\">Die Zusammensetzung von Black Bird Adult orientiert sich haupts\u00e4chlich an der Nahrung der Ur-Hunde und enth\u00e4lt daher, neben einem hohen Anteil Truthahn, u.a. auch S\u00fc\u00dfkartoffeln, Brennnessel, Wei\u00dfdorn,\u00a0<\/span><br arial,=\"\"\"\" helvetica,=\"\"\"\" sans-serif =\"\"\"\" font-size:=\"\"\"\" 12px =\"\"\"\" background-color:=\"\"\"\" #ffffff\"\"=\"\"\"\" \/> <span arial,=\"\"\"\" helvetica,=\"\"\"\" sans-serif =\"\"\"\" font-size:=\"\"\"\" 12px =\"\"\"\" background-color:=\"\"\"\" #ffffff\"\"=\"\"\"\">Ginseng und L\u00f6wenzahn.<\/span><br arial,=\"\"\"\" helvetica,=\"\"\"\" sans-serif =\"\"\"\" font-size:=\"\"\"\" 12px =\"\"\"\" background-color:=\"\"\"\" #ffffff\"\"=\"\"\"\" \/> <br arial,=\"\"\"\" helvetica,=\"\"\"\" sans-serif =\"\"\"\" font-size:=\"\"\"\" 12px =\"\"\"\" background-color:=\"\"\"\" #ffffff\"\"=\"\"\"\" \/><span arial,=\"\"\"\" helvetica,=\"\"\"\" sans-serif =\"\"\"\" font-size:=\"\"\"\" 12px =\"\"\"\" background-color:=\"\"\"\" #ffffff\"\"=\"\"\"\">Die Zusammensetzung von Black Bird Adult orientiert sich aber auch an dem Wissen unserer Zeit und beinhaltet daher zus\u00e4tzlich die Naturstoffe<\/span><br arial,=\"\"\"\" helvetica,=\"\"\"\" sans-serif =\"\"\"\" font-size:=\"\"\"\" 12px =\"\"\"\" background-color:=\"\"\"\" #ffffff\"\"=\"\"\"\" \/> <br arial,=\"\"\"\" helvetica,=\"\"\"\" sans-serif =\"\"\"\" font-size:=\"\"\"\" 12px =\"\"\"\" background-color:=\"\"\"\" #ffffff\"\"=\"\"\"\" \/><span arial,=\"\"\"\" helvetica,=\"\"\"\" sans-serif =\"\"\"\" font-size:=\"\"\"\" 12px =\"\"\"\" background-color:=\"\"\"\" #ffffff\"\"=\"\"\"\">&#8211; probiotische FOS (Fructo-Oligosaccharide) und MOS (Mannan-Oligosaccharide) f\u00fcr eine optimale Verdauung,<\/span><br arial,=\"\"\"\" helvetica,=\"\"\"\" sans-serif =\"\"\"\" font-size:=\"\"\"\" 12px =\"\"\"\" background-color:=\"\"\"\" #ffffff\"\"=\"\"\"\" \/> <span arial,=\"\"\"\" helvetica,=\"\"\"\" sans-serif =\"\"\"\" font-size:=\"\"\"\" 12px =\"\"\"\" background-color:=\"\"\"\" #ffffff\"\"=\"\"\"\">&#8211; Immutop, einem nat\u00fcrlichen Topinambur-Konzentrat (eine Pflanze aus der Familie der Korbbl\u00fctler), zur St\u00e4rkung der Immunabwehr und Erleichterung der Verdauung sowie nat\u00fcrliches<\/span><br arial,=\"\"\"\" helvetica,=\"\"\"\" sans-serif =\"\"\"\" font-size:=\"\"\"\" 12px =\"\"\"\" background-color:=\"\"\"\" #ffffff\"\"=\"\"\"\" \/> <span arial,=\"\"\"\" helvetica,=\"\"\"\" sans-serif =\"\"\"\" font-size:=\"\"\"\" 12px =\"\"\"\" background-color:=\"\"\"\" #ffffff\"\"=\"\"\"\">&#8211; Yucca Schidigera Extrakt von der Yucca Pflanze, mit positiver Wirkung auf die Darmgesundheit.<\/span><br arial,=\"\"\"\" helvetica,=\"\"\"\" sans-serif =\"\"\"\" font-size:=\"\"\"\" 12px =\"\"\"\" background-color:=\"\"\"\" #ffffff\"\"=\"\"\"\" \/> <br arial,=\"\"\"\" helvetica,=\"\"\"\" sans-serif =\"\"\"\" font-size:=\"\"\"\" 12px =\"\"\"\" background-color:=\"\"\"\" #ffffff\"\"=\"\"\"\" \/><span arial,=\"\"\"\" helvetica,=\"\"\"\" sans-serif =\"\"\"\" font-size:=\"\"\"\" 12px =\"\"\"\" background-color:=\"\"\"\" #ffffff\"\"=\"\"\"\">Die durchdachten Zutaten erg\u00e4nzen eine gro\u00dfe Portion Truthahn.<\/span><br arial,=\"\"\"\" helvetica,=\"\"\"\" sans-serif =\"\"\"\" font-size:=\"\"\"\" 12px =\"\"\"\" background-color:=\"\"\"\" #ffffff\"\"=\"\"\"\" \/> <br arial,=\"\"\"\" helvetica,=\"\"\"\" sans-serif =\"\"\"\" font-size:=\"\"\"\" 12px =\"\"\"\" background-color:=\"\"\"\" #ffffff\"\"=\"\"\"\" \/><span arial,=\"\"\"\" helvetica,=\"\"\"\" sans-serif =\"\"\"\" font-size:=\"\"\"\" 12px =\"\"\"\" background-color:=\"\"\"\" #ffffff\"\"=\"\"\"\">Truthahn \u2013 Das in Black Bird Adult enthaltene Truthahnfleisch stammt von Tieren aus der Freilandhaltung. Es ist fettarm, eiwei\u00dfreich und enth\u00e4lt einen hohen Anteil der wichtigen Mineralstoffe Eisen,\u00a0<\/span><br arial,=\"\"\"\" helvetica,=\"\"\"\" sans-serif =\"\"\"\" font-size:=\"\"\"\" 12px =\"\"\"\" background-color:=\"\"\"\" #ffffff\"\"=\"\"\"\" \/> <span arial,=\"\"\"\" helvetica,=\"\"\"\" sans-serif =\"\"\"\" font-size:=\"\"\"\" 12px =\"\"\"\" background-color:=\"\"\"\" #ffffff\"\"=\"\"\"\">Zink und Kalium sowie die B-Vitamine B1, B2, B6 und B12.<\/span><br arial,=\"\"\"\" helvetica,=\"\"\"\" sans-serif =\"\"\"\" font-size:=\"\"\"\" 12px =\"\"\"\" background-color:=\"\"\"\" #ffffff\"\"=\"\"\"\" \/> <br arial,=\"\"\"\" helvetica,=\"\"\"\" sans-serif =\"\"\"\" font-size:=\"\"\"\" 12px =\"\"\"\" background-color:=\"\"\"\" #ffffff\"\"=\"\"\"\" \/><span arial,=\"\"\"\" helvetica,=\"\"\"\" sans-serif =\"\"\"\" font-size:=\"\"\"\" 12px =\"\"\"\" background-color:=\"\"\"\" #ffffff\"\"=\"\"\"\">Das Hundefutter Black Bird Adult ist die nat\u00fcrliche und artgerechte t\u00e4gliche Nahrung f\u00fcr Ihren Hund, dessen Zusammensetzung das Urspr\u00fcngliche mit dem Wissen unserer Zeit verbindet. Dabei dienen\u00a0<\/span><br arial,=\"\"\"\" helvetica,=\"\"\"\" sans-serif =\"\"\"\" font-size:=\"\"\"\" 12px =\"\"\"\" background-color:=\"\"\"\" #ffffff\"\"=\"\"\"\" \/> <span arial,=\"\"\"\" helvetica,=\"\"\"\" sans-serif =\"\"\"\" font-size:=\"\"\"\" 12px =\"\"\"\" background-color:=\"\"\"\" #ffffff\"\"=\"\"\"\">alle Zutaten dieser einzigartigen Kombination dem Erhalt der Gesundheit Ihres Sch\u00fctzlings.<\/span><br arial,=\"\"\"\" helvetica,=\"\"\"\" sans-serif =\"\"\"\" font-size:=\"\"\"\" 12px =\"\"\"\" background-color:=\"\"\"\" #ffffff\"\"=\"\"\"\" \/> <br arial,=\"\"\"\" helvetica,=\"\"\"\" sans-serif =\"\"\"\" font-size:=\"\"\"\" 12px =\"\"\"\" background-color:=\"\"\"\" #ffffff\"\"=\"\"\"\" \/><span arial,=\"\"\"\" helvetica,=\"\"\"\" sans-serif =\"\"\"\" font-size:=\"\"\"\" 12px =\"\"\"\" background-color:=\"\"\"\" #ffffff\"\"=\"\"\"\">Zusammensetzung:<\/span><br arial,=\"\"\"\" helvetica,=\"\"\"\" sans-serif =\"\"\"\" font-size:=\"\"\"\" 12px =\"\"\"\" background-color:=\"\"\"\" #ffffff\"\"=\"\"\"\" \/> <span arial,=\"\"\"\" helvetica,=\"\"\"\" sans-serif =\"\"\"\" font-size:=\"\"\"\" 12px =\"\"\"\" background-color:=\"\"\"\" #ffffff\"\"=\"\"\"\">Truthahnfleisch (28 %), S\u00fc\u00dfkartoffeln (27 %), getrocknetes Truthahnfleisch (22 %), Truthahnfett, K\u00fcrbis, Pastinake, Kichererbsen, Mineralstoffe, Fenchel, Immutop\u00ae (Topinamburkonzentrat), Leinsamen,\u00a0<\/span><br arial,=\"\"\"\" helvetica,=\"\"\"\" sans-serif =\"\"\"\" font-size:=\"\"\"\" 12px =\"\"\"\" background-color:=\"\"\"\" #ffffff\"\"=\"\"\"\" \/> <span arial,=\"\"\"\" helvetica,=\"\"\"\" sans-serif =\"\"\"\" font-size:=\"\"\"\" 12px =\"\"\"\" background-color:=\"\"\"\" #ffffff\"\"=\"\"\"\">Tomaten, Thymian, Majoran, Oregano, Petersilie, Salbei, Brombeeren, Himbeeren, Heidelbeeren, Schwarze Johannisbeeren, Holunderbeeren, Aroniabeeren, Brennnessel, Wei\u00dfdorn, L\u00f6wenzahn, Ginseng,\u00a0<\/span><br arial,=\"\"\"\" helvetica,=\"\"\"\" sans-serif =\"\"\"\" font-size:=\"\"\"\" 12px =\"\"\"\" background-color:=\"\"\"\" #ffffff\"\"=\"\"\"\" \/> <span arial,=\"\"\"\" helvetica,=\"\"\"\" sans-serif =\"\"\"\" font-size:=\"\"\"\" 12px =\"\"\"\" background-color:=\"\"\"\" #ffffff\"\"=\"\"\"\">Mannan-oligosaccharide, Fructo-oligosaccharide, Yucca Schidigera Extrakt<\/span><br arial,=\"\"\"\" helvetica,=\"\"\"\" sans-serif =\"\"\"\" font-size:=\"\"\"\" 12px =\"\"\"\" background-color:=\"\"\"\" #ffffff\"\"=\"\"\"\" \/> <br arial,=\"\"\"\" helvetica,=\"\"\"\" sans-serif =\"\"\"\" font-size:=\"\"\"\" 12px =\"\"\"\" background-color:=\"\"\"\" #ffffff\"\"=\"\"\"\" \/><span arial,=\"\"\"\" helvetica,=\"\"\"\" sans-serif =\"\"\"\" font-size:=\"\"\"\" 12px =\"\"\"\" background-color:=\"\"\"\" #ffffff\"\"=\"\"\"\">Ern\u00e4hrungsphysiologische Zusatzstoffe pro kg: <br \/> Vitamine: Vitamin A (als Retinylacetat) 21.871 IU, Vitamin D3 (als Cholecalciferol) 1.471 IU, Vitamin E (als Alpha Tocopherol Azetat) 710 IU, Taurin 1.000 mg,<\/span><br arial,=\"\"\"\" helvetica,=\"\"\"\" sans-serif =\"\"\"\" font-size:=\"\"\"\" 12px =\"\"\"\" background-color:=\"\"\"\" #ffffff\"\"=\"\"\"\" \/> <span arial,=\"\"\"\" helvetica,=\"\"\"\" sans-serif =\"\"\"\" font-size:=\"\"\"\" 12px =\"\"\"\" background-color:=\"\"\"\" #ffffff\"\"=\"\"\"\">Spurenelemente: Eisen 88,96 mg, Kalziumjodat wasserfrei 1,58 mg, Kupfer 23,05 mg, Mangan 40,93 mg, Zink 159,86 mg, Selen 0,23 mg, Aminos\u00e4uren: DL-Methionin 2.126 mg, L-Carnithin 82 mg\u00a0<\/span><br arial,=\"\"\"\" helvetica,=\"\"\"\" sans-serif =\"\"\"\" font-size:=\"\"\"\" 12px =\"\"\"\" background-color:=\"\"\"\" #ffffff\"\"=\"\"\"\" \/> <br arial,=\"\"\"\" helvetica,=\"\"\"\" sans-serif =\"\"\"\" font-size:=\"\"\"\" 12px =\"\"\"\" background-color:=\"\"\"\" #ffffff\"\"=\"\"\"\" \/><span arial,=\"\"\"\" helvetica,=\"\"\"\" sans-serif =\"\"\"\" font-size:=\"\"\"\" 12px =\"\"\"\" background-color:=\"\"\"\" #ffffff\"\"=\"\"\"\">Analytische Bestandteile:<\/span><br arial,=\"\"\"\" helvetica,=\"\"\"\" sans-serif =\"\"\"\" font-size:=\"\"\"\" 12px =\"\"\"\" background-color:=\"\"\"\" #ffffff\"\"=\"\"\"\" \/> <span arial,=\"\"\"\" helvetica,=\"\"\"\" sans-serif =\"\"\"\" font-size:=\"\"\"\" 12px =\"\"\"\" background-color:=\"\"\"\" #ffffff\"\"=\"\"\"\">Rohprotein 26 %<\/span><br arial,=\"\"\"\" helvetica,=\"\"\"\" sans-serif =\"\"\"\" font-size:=\"\"\"\" 12px =\"\"\"\" background-color:=\"\"\"\" #ffffff\"\"=\"\"\"\" \/> <span arial,=\"\"\"\" helvetica,=\"\"\"\" sans-serif =\"\"\"\" font-size:=\"\"\"\" 12px =\"\"\"\" background-color:=\"\"\"\" #ffffff\"\"=\"\"\"\">Rohfett 16 %<\/span><br arial,=\"\"\"\" helvetica,=\"\"\"\" sans-serif =\"\"\"\" font-size:=\"\"\"\" 12px =\"\"\"\" background-color:=\"\"\"\" #ffffff\"\"=\"\"\"\" \/> <span arial,=\"\"\"\" helvetica,=\"\"\"\" sans-serif =\"\"\"\" font-size:=\"\"\"\" 12px =\"\"\"\" background-color:=\"\"\"\" #ffffff\"\"=\"\"\"\">Rohfaser 3,5 %<\/span><br arial,=\"\"\"\" helvetica,=\"\"\"\" sans-serif =\"\"\"\" font-size:=\"\"\"\" 12px =\"\"\"\" background-color:=\"\"\"\" #ffffff\"\"=\"\"\"\" \/> <span arial,=\"\"\"\" helvetica,=\"\"\"\" sans-serif =\"\"\"\" font-size:=\"\"\"\" 12px =\"\"\"\" background-color:=\"\"\"\" #ffffff\"\"=\"\"\"\">Rohasche 8,5 %<\/span>&#8222;<\/p>\n","protected":false},"excerpt":{"rendered":"<p>\u00a0<\/p>\n","protected":false},"featured_media":51547,"comment_status":"closed","ping_status":"open","template":"","meta":[],"product_cat":[15392],"product_tag":[],"class_list":{"0":"post-51546","1":"product","2":"type-product","3":"status-publish","4":"has-post-thumbnail","6":"product_cat-wolfsblut-getreidefrei-hundetrockenfutter-wolfsbluthundewelt-hundetrockenfutter","8":"first","9":"instock","10":"taxable","11":"shipping-taxable","12":"purchasable","13":"product-type-simple"},"_links":{"self":[{"href":"https:\/\/all-pets.de\/shop\/wp-json\/wp\/v2\/product\/51546","targetHints":{"allow":["GET"]}}],"collection":[{"href":"https:\/\/all-pets.de\/shop\/wp-json\/wp\/v2\/product"}],"about":[{"href":"https:\/\/all-pets.de\/shop\/wp-json\/wp\/v2\/types\/product"}],"replies":[{"embeddable":true,"href":"https:\/\/all-pets.de\/shop\/wp-json\/wp\/v2\/comments?post=51546"}],"wp:featuredmedia":[{"embeddable":true,"href":"https:\/\/all-pets.de\/shop\/wp-json\/wp\/v2\/media\/51547"}],"wp:attachment":[{"href":"https:\/\/all-pets.de\/shop\/wp-json\/wp\/v2\/media?parent=51546"}],"wp:term":[{"taxonomy":"product_cat","embeddable":true,"href":"https:\/\/all-pets.de\/shop\/wp-json\/wp\/v2\/product_cat?post=51546"},{"taxonomy":"product_tag","embeddable":true,"href":"https:\/\/all-pets.de\/shop\/wp-json\/wp\/v2\/product_tag?post=51546"}],"curies":[{"name":"wp","href":"https:\/\/api.w.org\/{rel}","templated":true}]}}