{"id":51556,"date":"2023-12-12T12:39:17","date_gmt":"2023-12-12T11:39:17","guid":{"rendered":"https:\/\/pet-shopping.de\/shop\/produkt\/karlie-asp-reflex-halsband-orange-40-55-cm\/"},"modified":"2023-12-12T12:39:17","modified_gmt":"2023-12-12T11:39:17","slug":"karlie-asp-reflex-halsband-orange-40-55-cm","status":"publish","type":"product","link":"https:\/\/all-pets.de\/shop\/produkt\/karlie-asp-reflex-halsband-orange-40-55-cm\/","title":{"rendered":"Karlie ASP Reflex Halsband &#8211; Orange \/ 40 &#8211; 55 cm"},"content":{"rendered":"<p>Die Art Sportiv Plus Reflex Halsb\u00e4nder der Marke Karlie Flamingo bestehen aus stabilem Nylon mit eingen\u00e4hten reflektierenden F\u00e4den. Die Halsb\u00e4nder sind mit verchromten Beschl\u00e4gen best\u00fcckt, stufenlos verstellbar und mit einer Zugentlastung ausgestattet.<\/p>\n<p>Farbe: Neonorange<br \/> Verstellbar von 40 bis 55 cm L\u00e4nge<br \/> Breite: 20 mm<\/p>\n","protected":false},"excerpt":{"rendered":"<p>Die Art Sportiv Plus Reflex Halsb\u00e4nder der Marke Karlie Flamingo bestehen aus stabilem Nylon mit eingen\u00e4hten reflektierenden F\u00e4den. Die Halsb\u00e4nder sind mit verchromten Beschl\u00e4gen best\u00fcckt, stufenlos verstellbar und mit einer Zugentlastung ausgestattet. Farbe: Neonorange Verstellbar von 40 bis 55 cm L\u00e4nge Breite: 20 mm<\/p>\n","protected":false},"featured_media":19583,"comment_status":"closed","ping_status":"open","template":"","meta":[],"product_cat":[15462],"product_tag":[],"class_list":{"0":"post-51556","1":"product","2":"type-product","3":"status-publish","4":"has-post-thumbnail","6":"product_cat-sicherheit-unterwegs-nylonhalsbaenderhundewelt-halsbaender-halsbaender-leinen-reflektierendhundewelt-halsbaender-leinen","8":"first","9":"instock","10":"taxable","11":"shipping-taxable","12":"purchasable","13":"product-type-simple"},"_links":{"self":[{"href":"https:\/\/all-pets.de\/shop\/wp-json\/wp\/v2\/product\/51556","targetHints":{"allow":["GET"]}}],"collection":[{"href":"https:\/\/all-pets.de\/shop\/wp-json\/wp\/v2\/product"}],"about":[{"href":"https:\/\/all-pets.de\/shop\/wp-json\/wp\/v2\/types\/product"}],"replies":[{"embeddable":true,"href":"https:\/\/all-pets.de\/shop\/wp-json\/wp\/v2\/comments?post=51556"}],"wp:featuredmedia":[{"embeddable":true,"href":"https:\/\/all-pets.de\/shop\/wp-json\/wp\/v2\/media\/19583"}],"wp:attachment":[{"href":"https:\/\/all-pets.de\/shop\/wp-json\/wp\/v2\/media?parent=51556"}],"wp:term":[{"taxonomy":"product_cat","embeddable":true,"href":"https:\/\/all-pets.de\/shop\/wp-json\/wp\/v2\/product_cat?post=51556"},{"taxonomy":"product_tag","embeddable":true,"href":"https:\/\/all-pets.de\/shop\/wp-json\/wp\/v2\/product_tag?post=51556"}],"curies":[{"name":"wp","href":"https:\/\/api.w.org\/{rel}","templated":true}]}}