{"id":51562,"date":"2023-12-12T12:39:17","date_gmt":"2023-12-12T11:39:17","guid":{"rendered":"https:\/\/pet-shopping.de\/shop\/produkt\/karlie-asp-reflex-leine-orange-25-mm\/"},"modified":"2023-12-12T12:39:18","modified_gmt":"2023-12-12T11:39:18","slug":"karlie-asp-reflex-leine-orange-25-mm","status":"publish","type":"product","link":"https:\/\/all-pets.de\/shop\/produkt\/karlie-asp-reflex-leine-orange-25-mm\/","title":{"rendered":"Karlie ASP Reflex Leine &#8211; Orange \/ 25 mm"},"content":{"rendered":"<p>Die Art Sportiv Plus Reflex Leinen der Marke Karlie Flamingo bestehen aus stabilem Nylon mit eingen\u00e4hten reflektierenden F\u00e4den. Die Leinen sind mit verchromten Beschl\u00e4gen best\u00fcckt.<\/p>\n<p>Farbe: Neonorange<br \/> L\u00e4nge: 100 cm<br \/> Breite: 25 mm<\/p>\n","protected":false},"excerpt":{"rendered":"<p>Die Art Sportiv Plus Reflex Leinen der Marke Karlie Flamingo bestehen aus stabilem Nylon mit eingen\u00e4hten reflektierenden F\u00e4den. Die Leinen sind mit verchromten Beschl\u00e4gen best\u00fcckt. Farbe: Neonorange L\u00e4nge: 100 cm Breite: 25 mm<\/p>\n","protected":false},"featured_media":8875,"comment_status":"closed","ping_status":"open","template":"","meta":[],"product_cat":[15535],"product_tag":[],"class_list":{"0":"post-51562","1":"product","2":"type-product","3":"status-publish","4":"has-post-thumbnail","6":"product_cat-nylonleinen-leinen-halsbaender-leinen-reflektierendhundewelt-halsbaender-leinen-sicherheithundewelt","8":"first","9":"instock","10":"taxable","11":"shipping-taxable","12":"purchasable","13":"product-type-simple"},"_links":{"self":[{"href":"https:\/\/all-pets.de\/shop\/wp-json\/wp\/v2\/product\/51562","targetHints":{"allow":["GET"]}}],"collection":[{"href":"https:\/\/all-pets.de\/shop\/wp-json\/wp\/v2\/product"}],"about":[{"href":"https:\/\/all-pets.de\/shop\/wp-json\/wp\/v2\/types\/product"}],"replies":[{"embeddable":true,"href":"https:\/\/all-pets.de\/shop\/wp-json\/wp\/v2\/comments?post=51562"}],"wp:featuredmedia":[{"embeddable":true,"href":"https:\/\/all-pets.de\/shop\/wp-json\/wp\/v2\/media\/8875"}],"wp:attachment":[{"href":"https:\/\/all-pets.de\/shop\/wp-json\/wp\/v2\/media?parent=51562"}],"wp:term":[{"taxonomy":"product_cat","embeddable":true,"href":"https:\/\/all-pets.de\/shop\/wp-json\/wp\/v2\/product_cat?post=51562"},{"taxonomy":"product_tag","embeddable":true,"href":"https:\/\/all-pets.de\/shop\/wp-json\/wp\/v2\/product_tag?post=51562"}],"curies":[{"name":"wp","href":"https:\/\/api.w.org\/{rel}","templated":true}]}}