{"id":51576,"date":"2023-12-12T12:39:23","date_gmt":"2023-12-12T11:39:23","guid":{"rendered":"https:\/\/pet-shopping.de\/shop\/produkt\/trixie-kuehlmatte-weiss-grau-50-x-40-cm\/"},"modified":"2023-12-12T12:39:23","modified_gmt":"2023-12-12T11:39:23","slug":"trixie-kuehlmatte-weiss-grau-50-x-40-cm","status":"publish","type":"product","link":"https:\/\/all-pets.de\/shop\/produkt\/trixie-kuehlmatte-weiss-grau-50-x-40-cm\/","title":{"rendered":"Trixie K\u00fchlmatte &#8211; wei\u00df\/grau &#8211; 50 x 40 cm"},"content":{"rendered":"<ul>\n<li> unterst\u00fctzt an warmen Tagen die Regulierung der K\u00f6rpertemperatur <\/li>\n<li> Nylon-Optik (Polyester) <\/li>\n<li> k\u00fchlende Wirkung durch K\u00f6rperkontakt <\/li>\n<li> funktioniert ohne zus\u00e4tzliche K\u00fchlung, Strom oder Wasser <\/li>\n<li> k\u00fchlt f\u00fcr mehrere Stunden <\/li>\n<li> nach kurzer Nutzungsunterbrechung wieder einsatzbereit <\/li>\n<li> auch z. B. auf Betten, in Hundeh\u00fctten oder im Auto nutzbar <\/li>\n<li> zum Reinigen einfach abwischen <\/li>\n<li>Farbe: wei\u00df\/grau<\/li>\n<li>Gr\u00f6\u00dfe: ca. 50 x 40 cm <\/li>\n<\/ul>\n","protected":false},"excerpt":{"rendered":"<p>unterst\u00fctzt an warmen Tagen die Regulierung der K\u00f6rpertemperatur Nylon-Optik (Polyester) k\u00fchlende Wirkung durch K\u00f6rperkontakt funktioniert ohne zus\u00e4tzliche K\u00fchlung, Strom oder Wasser k\u00fchlt f\u00fcr mehrere Stunden nach kurzer Nutzungsunterbrechung wieder einsatzbereit auch z. B. auf Betten, in Hundeh\u00fctten oder im Auto nutzbar zum Reinigen einfach abwischen Farbe: wei\u00df\/grau Gr\u00f6\u00dfe: ca. 50 x 40 cm<\/p>\n","protected":false},"featured_media":19698,"comment_status":"closed","ping_status":"open","template":"","meta":[],"product_cat":[15536],"product_tag":[],"class_list":{"0":"post-51576","1":"product","2":"type-product","3":"status-publish","4":"has-post-thumbnail","6":"product_cat-kuehlmatten-katzenbetten-katzenkoerbe-kuehlmattenkatzenwelt","8":"first","9":"instock","10":"taxable","11":"shipping-taxable","12":"purchasable","13":"product-type-simple"},"_links":{"self":[{"href":"https:\/\/all-pets.de\/shop\/wp-json\/wp\/v2\/product\/51576","targetHints":{"allow":["GET"]}}],"collection":[{"href":"https:\/\/all-pets.de\/shop\/wp-json\/wp\/v2\/product"}],"about":[{"href":"https:\/\/all-pets.de\/shop\/wp-json\/wp\/v2\/types\/product"}],"replies":[{"embeddable":true,"href":"https:\/\/all-pets.de\/shop\/wp-json\/wp\/v2\/comments?post=51576"}],"wp:featuredmedia":[{"embeddable":true,"href":"https:\/\/all-pets.de\/shop\/wp-json\/wp\/v2\/media\/19698"}],"wp:attachment":[{"href":"https:\/\/all-pets.de\/shop\/wp-json\/wp\/v2\/media?parent=51576"}],"wp:term":[{"taxonomy":"product_cat","embeddable":true,"href":"https:\/\/all-pets.de\/shop\/wp-json\/wp\/v2\/product_cat?post=51576"},{"taxonomy":"product_tag","embeddable":true,"href":"https:\/\/all-pets.de\/shop\/wp-json\/wp\/v2\/product_tag?post=51576"}],"curies":[{"name":"wp","href":"https:\/\/api.w.org\/{rel}","templated":true}]}}