{"id":51589,"date":"2023-12-12T12:39:28","date_gmt":"2023-12-12T11:39:28","guid":{"rendered":"https:\/\/pet-shopping.de\/shop\/produkt\/karlie-flamingo-kleintier-iglu-gross\/"},"modified":"2023-12-12T12:39:28","modified_gmt":"2023-12-12T11:39:28","slug":"karlie-flamingo-kleintier-iglu-gross","status":"publish","type":"product","link":"https:\/\/all-pets.de\/shop\/produkt\/karlie-flamingo-kleintier-iglu-gross\/","title":{"rendered":"Karlie Flamingo Kleintier Iglu &#8211; Gro\u00df"},"content":{"rendered":"<p>Das lichtdurchl\u00e4ssige Iglu ist der perfekte R\u00fcckzugsort f\u00fcr Ihr Kleintier.<\/p>\n<p>Gr\u00f6\u00dfe: ca. 29,5 x 27 x 17,5 cm<\/p>\n<p>Eingang: ca. 9 cm breit und in der Mitte 11 cm hoch <\/p>\n","protected":false},"excerpt":{"rendered":"<p>Das lichtdurchl\u00e4ssige Iglu ist der perfekte R\u00fcckzugsort f\u00fcr Ihr Kleintier. Gr\u00f6\u00dfe: ca. 29,5 x 27 x 17,5 cm Eingang: ca. 9 cm breit und in der Mitte 11 cm hoch<\/p>\n","protected":false},"featured_media":19782,"comment_status":"closed","ping_status":"open","template":"","meta":[],"product_cat":[13746],"product_tag":[],"class_list":{"0":"post-51589","1":"product","2":"type-product","3":"status-publish","4":"has-post-thumbnail","6":"product_cat-weitere-haeuser","8":"first","9":"instock","10":"taxable","11":"shipping-taxable","12":"purchasable","13":"product-type-simple"},"_links":{"self":[{"href":"https:\/\/all-pets.de\/shop\/wp-json\/wp\/v2\/product\/51589","targetHints":{"allow":["GET"]}}],"collection":[{"href":"https:\/\/all-pets.de\/shop\/wp-json\/wp\/v2\/product"}],"about":[{"href":"https:\/\/all-pets.de\/shop\/wp-json\/wp\/v2\/types\/product"}],"replies":[{"embeddable":true,"href":"https:\/\/all-pets.de\/shop\/wp-json\/wp\/v2\/comments?post=51589"}],"wp:featuredmedia":[{"embeddable":true,"href":"https:\/\/all-pets.de\/shop\/wp-json\/wp\/v2\/media\/19782"}],"wp:attachment":[{"href":"https:\/\/all-pets.de\/shop\/wp-json\/wp\/v2\/media?parent=51589"}],"wp:term":[{"taxonomy":"product_cat","embeddable":true,"href":"https:\/\/all-pets.de\/shop\/wp-json\/wp\/v2\/product_cat?post=51589"},{"taxonomy":"product_tag","embeddable":true,"href":"https:\/\/all-pets.de\/shop\/wp-json\/wp\/v2\/product_tag?post=51589"}],"curies":[{"name":"wp","href":"https:\/\/api.w.org\/{rel}","templated":true}]}}