{"id":51590,"date":"2023-12-12T12:39:28","date_gmt":"2023-12-12T11:39:28","guid":{"rendered":"https:\/\/pet-shopping.de\/shop\/produkt\/trixie-kuschelsack-harvey-o-30-x-50-cm\/"},"modified":"2023-12-12T12:39:28","modified_gmt":"2023-12-12T11:39:28","slug":"trixie-kuschelsack-harvey-o-30-x-50-cm","status":"publish","type":"product","link":"https:\/\/all-pets.de\/shop\/produkt\/trixie-kuschelsack-harvey-o-30-x-50-cm\/","title":{"rendered":"Trixie Kuschelsack Harvey &#8211; \u00f8 30 \u00d7 50 cm"},"content":{"rendered":"<ul>\n<li>Velours\/Langhaar-Pl\u00fcsch<\/li>\n<li>Polyester-Bezug<\/li>\n<li>Polyestervlies-F\u00fcllung<\/li>\n<li>extra formstabil durch Metallring<\/li>\n<li>Farbe: grau\/wei\u00df-schwarz<\/li>\n<li>Ma\u00dfe: ca. \u00f8 30 \u00d7 50 cm<\/li>\n<\/ul>\n","protected":false},"excerpt":{"rendered":"<p>Velours\/Langhaar-Pl\u00fcsch Polyester-Bezug Polyestervlies-F\u00fcllung extra formstabil durch Metallring Farbe: grau\/wei\u00df-schwarz Ma\u00dfe: ca. \u00f8 30 \u00d7 50 cm<\/p>\n","protected":false},"featured_media":51591,"comment_status":"closed","ping_status":"open","template":"","meta":[],"product_cat":[15546],"product_tag":[],"class_list":{"0":"post-51590","1":"product","2":"type-product","3":"status-publish","4":"has-post-thumbnail","6":"product_cat-hundebetten-hundekissen-betten-koerbe-katzentunnel-raschelsaeckehundewelt-katzenspielzeug-tunnel-raschelsaeckekatzenwelt","8":"first","9":"instock","10":"taxable","11":"shipping-taxable","12":"purchasable","13":"product-type-simple"},"_links":{"self":[{"href":"https:\/\/all-pets.de\/shop\/wp-json\/wp\/v2\/product\/51590","targetHints":{"allow":["GET"]}}],"collection":[{"href":"https:\/\/all-pets.de\/shop\/wp-json\/wp\/v2\/product"}],"about":[{"href":"https:\/\/all-pets.de\/shop\/wp-json\/wp\/v2\/types\/product"}],"replies":[{"embeddable":true,"href":"https:\/\/all-pets.de\/shop\/wp-json\/wp\/v2\/comments?post=51590"}],"wp:featuredmedia":[{"embeddable":true,"href":"https:\/\/all-pets.de\/shop\/wp-json\/wp\/v2\/media\/51591"}],"wp:attachment":[{"href":"https:\/\/all-pets.de\/shop\/wp-json\/wp\/v2\/media?parent=51590"}],"wp:term":[{"taxonomy":"product_cat","embeddable":true,"href":"https:\/\/all-pets.de\/shop\/wp-json\/wp\/v2\/product_cat?post=51590"},{"taxonomy":"product_tag","embeddable":true,"href":"https:\/\/all-pets.de\/shop\/wp-json\/wp\/v2\/product_tag?post=51590"}],"curies":[{"name":"wp","href":"https:\/\/api.w.org\/{rel}","templated":true}]}}