{"id":51594,"date":"2023-12-12T12:39:28","date_gmt":"2023-12-12T11:39:28","guid":{"rendered":"https:\/\/pet-shopping.de\/shop\/produkt\/trixie-badehaus-halbrund-15-x-16-x-17-cm\/"},"modified":"2023-12-12T12:39:49","modified_gmt":"2023-12-12T11:39:49","slug":"trixie-badehaus-halbrund-15-x-16-x-17-cm","status":"publish","type":"product","link":"https:\/\/all-pets.de\/shop\/produkt\/trixie-badehaus-halbrund-15-x-16-x-17-cm\/","title":{"rendered":"Trixie Badehaus, halbrund &#8211; 15 x 16 x 17 cm"},"content":{"rendered":"<ul>\n<li> Kunststoff <\/li>\n<li> zum Einh\u00e4ngen vor die K\u00e4figt\u00fcr <\/li>\n<li> optimale Gitter\u00f6ffnung: 15,5 x 11 cm <\/li>\n<li>Ma\u00dfe: ca. 15 x 16 x 17 cm<\/li>\n<li>f\u00fcr z. B.: Kanarien, Wellensittiche<\/li>\n<li>H\u00f6he: ca. 16 cm<\/li>\n<li>Diverse Farben. Eine Farbwahl ist leider nicht m\u00f6glich, da die Farbe je nach Lagerbestand gew\u00e4hlt wird.<\/li>\n<\/ul>\n","protected":false},"excerpt":{"rendered":"<p>Kunststoff zum Einh\u00e4ngen vor die K\u00e4figt\u00fcr optimale Gitter\u00f6ffnung: 15,5 x 11 cm Ma\u00dfe: ca. 15 x 16 x 17 cm f\u00fcr z. B.: Kanarien, Wellensittiche H\u00f6he: ca. 16 cm Diverse Farben. Eine Farbwahl ist leider nicht m\u00f6glich, da die Farbe je nach Lagerbestand gew\u00e4hlt wird.<\/p>\n","protected":false},"featured_media":19833,"comment_status":"closed","ping_status":"open","template":"","meta":[],"product_cat":[13950],"product_tag":[],"class_list":{"0":"post-51594","1":"product","2":"type-product","3":"status-publish","4":"has-post-thumbnail","6":"product_cat-badehaeuser","8":"first","9":"instock","10":"taxable","11":"shipping-taxable","12":"purchasable","13":"product-type-simple"},"_links":{"self":[{"href":"https:\/\/all-pets.de\/shop\/wp-json\/wp\/v2\/product\/51594","targetHints":{"allow":["GET"]}}],"collection":[{"href":"https:\/\/all-pets.de\/shop\/wp-json\/wp\/v2\/product"}],"about":[{"href":"https:\/\/all-pets.de\/shop\/wp-json\/wp\/v2\/types\/product"}],"replies":[{"embeddable":true,"href":"https:\/\/all-pets.de\/shop\/wp-json\/wp\/v2\/comments?post=51594"}],"wp:featuredmedia":[{"embeddable":true,"href":"https:\/\/all-pets.de\/shop\/wp-json\/wp\/v2\/media\/19833"}],"wp:attachment":[{"href":"https:\/\/all-pets.de\/shop\/wp-json\/wp\/v2\/media?parent=51594"}],"wp:term":[{"taxonomy":"product_cat","embeddable":true,"href":"https:\/\/all-pets.de\/shop\/wp-json\/wp\/v2\/product_cat?post=51594"},{"taxonomy":"product_tag","embeddable":true,"href":"https:\/\/all-pets.de\/shop\/wp-json\/wp\/v2\/product_tag?post=51594"}],"curies":[{"name":"wp","href":"https:\/\/api.w.org\/{rel}","templated":true}]}}