{"id":51597,"date":"2023-12-12T12:39:28","date_gmt":"2023-12-12T11:39:28","guid":{"rendered":"https:\/\/pet-shopping.de\/shop\/produkt\/wolfsblut-wild-duck-puppy-large-125-kg\/"},"modified":"2023-12-12T12:39:50","modified_gmt":"2023-12-12T11:39:50","slug":"wolfsblut-wild-duck-puppy-large-125-kg","status":"publish","type":"product","link":"https:\/\/all-pets.de\/shop\/produkt\/wolfsblut-wild-duck-puppy-large-125-kg\/","title":{"rendered":"Wolfsblut Wild Duck Puppy Large &#8211; 12,5 kg"},"content":{"rendered":"<p>Wild Duck &#8211; Large Breed Puppy: Das gesunde Hundefutter speziell f\u00fcr Welpen gro\u00dfer Rassen<br \/> Wild Duck &#8211; Large Breed Puppy von Wolfsblut ist ein gesundes Trockenfutter, dessen Zusammensetzung speziell auf die Bed\u00fcrfnisse von Welpen gro\u00dfer Hunderassen abgestimmt ist<br \/> F\u00fcr das Welpenfutter Wild Duck &#8211; Large Breed Puppy werden ausschlie\u00dflich nat\u00fcrliche Zutaten verwendet:<br \/> Die Hauptzutat ist Entenfleisch in Lebensmittelqualit\u00e4t (vorwiegend Muskelfleisch) aus b\u00e4uerlicher Freilandhaltung. Es ist reich an den mehrfach unges\u00e4ttigten<br \/> Fetts\u00e4uren Omega 3 und 6, enth\u00e4lt reichlich Vitamine der B-Gruppe und besitzt einen hohen Eisen-, Zink- und Kupferanteil. Entenfleisch ist ein Geschmacksklassiker und sehr beliebt bei Welpen<br \/> Kartoffeln, K\u00fcrbis und Pastinake enthalten eine Vielzahl von Vitaminen, Mineralstoffen und Spurenelementen<br \/> Brennnessel, L\u00f6wenzahn, Schachtelhalm und Gr\u00fcnlippmuschel liefern wertvolle Vitalstoffe wie sekund\u00e4re Pflanzenstoffe<br \/> Der Wolfsblut Gelenkschutz PLUS vereint f\u00fcnf Wirkstoffe aus der Natur<br \/> Die nat\u00fcrlichen Probiotika MOS und FOS werden auch Babynahrung zugesetzt<br \/> Wild Duck &#8211; Large &#8211; Breed Puppy verzichtet auf jegliche nicht gesunden Zusatzstoffe. Deshalb enth\u00e4lt es <br \/> kein Getreide, weil<br \/> Getreide keine nat\u00fcrliche Nahrung f\u00fcr Fleischfresser ist,<br \/> Getreide zu den h\u00e4ufigsten Allergieausl\u00f6sern bei Hunden z\u00e4hlt,<br \/> Getreide als wesentlicher Bestandteil der Tiermast ein schnelles Wachstum u. a. des Knochenger\u00fcstes bewirkt<br \/> o kein Gluten<br \/> o keinen industriell hergestellten Zucker,<br \/> o keinen Geschmacksverst\u00e4rker,<br \/> o kein Soja und keine k\u00fcnstliche Farb- und Konservierungsstoffe<br \/> Dieses Welpenfutter f\u00fcr gro\u00dfe Rassen eignet sich auch f\u00fcr Allergiker und allergiegef\u00e4hrdete Hunde<br \/> Welpenern\u00e4hrung die sich an der Natur orientiert und zus\u00e4tzlich die Bed\u00fcrfnisse moderner Hunde ber\u00fccksichtigt<br \/> Die Ur-Hundewelpen fra\u00dfen in erster Linie Fleisch und Fisch. Aber auch Fr\u00fcchte, Kr\u00e4uter und Gem\u00fcse standen auf ihrem Speiseplan. Pflanzliche Nahrung befand sich h\u00e4ufig im Magen ihrer Beutetiere oder wurde gezielt gesucht und gefressen. Fleisch, Fisch und Pflanzen lieferten den Ur-Hundewelpen alle notwendigen Vitamine, Mineralstoffe, Spurenelemente, Enzyme und sekund\u00e4ren Pflanzenstoffe. Deshalb enth\u00e4lt unser Welpenfutter Wild Duck &#8211; Large Breed &#8211; Puppy neben der Hauptzutat Entenfleisch auch Kartoffel, Pastinake und K\u00fcrbis sowie Brennnessel, L\u00f6wenzahn, Schachtelhalm und Gr\u00fcnlippmuschel.<br \/> Wolfsblut bezieht dar\u00fcber hinaus moderne Erkenntnisse zu den Bed\u00fcrfnissen von Welpen gro\u00dfer Hunderassen ein.<br \/> Heute tritt Lahmheit durch Gelenkentz\u00fcndungen bei gro\u00dfen Hunderassen weit h\u00e4ufiger auf als bei kleinen Hunderassen, sagt Dr. Altstaedten, Veterin\u00e4rmediziner mit \u00fcber 40 Jahren Berufserfahrung (auch bekannt als Fernsehtierarzt Dr. Wolf)<br \/> In Kooperation mit Wissenschaftlern hat Wolfsblut daher f\u00fcr sein gro\u00dfe Rassen-Welpenfutter spezielle Naturstoffe gegen Gelenkentz\u00fcndungen ermittelt und zu einem einzigartigen Wirkstoffkomplex kombiniert: dem Wolfsblut Gelenkschutz PLUS.<br \/> Die f\u00fcnf aufeinander abgestimmten nat\u00fcrlichen Wirkstoffe in unserem Trockenfutter sollen dazu beitragen, Welpen auf nat\u00fcrliche Weise vor Gelenkentz\u00fcndungen zu sch\u00fctzen.<br \/> 1. CMO (Cetyl-Myristoleat): Das nat\u00fcrliche Fetts\u00e4ureester kommt beispielsweise in der Kombonuss vor. Im US-Patent Nr. 4049824 wird CMO als Impfstoff beschreiben, um gesunde S\u00e4ugetiere gegen Gelenkentz\u00fcndungen zu immunisieren.<br \/> 2. Chondroitin und Glucosamin: Mehrj\u00e4hrige RCT-Studien mit \u00fcber 600 Probanden sowie Folgestudien haben zum Ergebnis, dass die im Knorpelgewebe vorkommenden Stoffe Chondroitin und Glucosamin entz\u00fcndungshemmend auf die Kniegelenke wirken. (1a und b) Die im Wolfsblut Gelenkschutz PLUS enthaltene Menge an Glucosamin (3,9 mg\/kg) und Chondroitin (2,75 mg\/kg) haben wir aus den vorliegenden Studienergebnissen abgeleitet. In den Hundefutter-Sorten anderer Anbieter ist deutlich weniger enthalten.<br \/> 3. Beta-Sitosterol: Beta-Sitosterol wird aus dem mexikanischen Feigenkaktus Nopal gewonnen. Die entz\u00fcndungshemmende Wirkung dieses Naturstoffs wird unter anderem in einer Studie der Universit\u00e4t f\u00fcr Arzneimittel in Seoul\/Korea beschrieben. (2) Der Wolfsblut Gelenkschutz PLUS enth\u00e4lt NOPALIA, ein Beta-Sitosterol-Konzentrat vom mexikanischen Feigenkaktus NOPAL. Die enthaltene Menge wurde aus den Studienergebnissen abgeleitet.<br \/> 4. MSM (Methylsulfonylmethan): Verschiedene RCT-Studien haben zum Ergebnis, dass die nat\u00fcrliche Schwefelverbindung MSM eine entz\u00fcndungshemmende Wirkung bei Gelenkentz\u00fcndungen hat. (3) Die im Wolfsblut Gelenkschutz PLUS enthaltene Menge an MSM wurde aus den vorliegenden Studienergebnissen abgeleitet.<br \/> Unser Trockenfutter Wild Duck &#8211; Large Breed Puppy vereint Urspr\u00fcnglichkeit mit modernsten ern\u00e4hrungswissenschaftlichen Erkenntnissen. Es erm\u00f6glicht Ihnen Ihren Welpen Tag f\u00fcr Tag nat\u00fcrlich, artgerecht und damit gesund zu ern\u00e4hren.<br \/> ________________________________________<br \/> Zusammensetzung:<br \/> Entenfleisch 53 % (davon Entenfleisch 25 %, getrocknetes Entenfleisch 25 %, Entenfett 3 %), Kartoffeln (12 %), S\u00fc\u00dfkartoffeln, K\u00fcrbis, Kichererbsen, Erbsenprotein, Mineralstoffe, Fenchel, Immutop\u00ae (Topinamburkonzentrat), Tomate, Leinsamen, Pastinake, Yucca Extrakt, Nopalia\u00ae (Nopalextrakt), Amaranth, Schachtelhalm, Granatapfel, Gr\u00fcnlippmuschel, Glucosamin, Methylsulfonylmethan, Chondrotinsulfat, Thymian, Majoran, Oregano, Petersilie, Salbei, Mannan-oligosaccharide (Probiotisch MOS), Fructo-oligosaccharide (Probiotisch FOS), Nucleotide, Brombeeren, Himbeeren, Heidelbeeren, Schwarze Johannisbeeren, Holunderbeeren, Aroniabeeren, Brennnessel, Wei\u00dfdorn, L\u00f6wenzahn, Ginseng, Cetyl Myristoleate<br \/> Ern\u00e4hrungsphysiologische Zusatzstoffe pro kg: <br \/> Vitamine: Vitamin A (als Retinylacetat) 25.730 IU, Vitamin D3 (als Cholecalciferol) 1.730 IU, Vitamin E (als Alpha Tocopherol Azetat) 770 IU, Taurin 1.150 mg  Spurenelemente: Eisen 88,96 mg, Kalziumjodat wasserfrei 1,58 mg, Kupfer 23,05 mg, Mangan 40,93 mg, Zink 159,86 mg, Selen 0,23 mg  Aminos\u00e4uren: DL-Methionin 2.126 mg, L-Carnithin 95 mg<br \/> Analytische Bestandteile<br \/> Rohprotein 34 % <br \/> Rohfett 14 % <br \/> Rohfaser 2,5 % <br \/> Rohasche 10,5 % <br \/> F\u00fctterungshinweis:<br \/> Alle Welpenfuttersorten sind Alleinfuttermittel. Die angegebenen Futtermengen beziehen sich auf das voraussichtliche Endgewicht des Hundes.<\/p>\n","protected":false},"excerpt":{"rendered":"<p>Wild Duck &#8211; Large Breed Puppy: Das gesunde Hundefutter speziell f\u00fcr Welpen gro\u00dfer Rassen Wild Duck &#8211; Large Breed Puppy von Wolfsblut ist ein gesundes Trockenfutter, dessen Zusammensetzung speziell auf die Bed\u00fcrfnisse von Welpen gro\u00dfer Hunderassen abgestimmt ist F\u00fcr das Welpenfutter Wild Duck &#8211; Large Breed Puppy werden ausschlie\u00dflich nat\u00fcrliche Zutaten verwendet: Die Hauptzutat ist [&hellip;]<\/p>\n","protected":false},"featured_media":51598,"comment_status":"closed","ping_status":"open","template":"","meta":[],"product_cat":[15392],"product_tag":[],"class_list":{"0":"post-51597","1":"product","2":"type-product","3":"status-publish","4":"has-post-thumbnail","6":"product_cat-wolfsblut-getreidefrei-hundetrockenfutter-wolfsbluthundewelt-hundetrockenfutter","8":"first","9":"instock","10":"taxable","11":"shipping-taxable","12":"purchasable","13":"product-type-simple"},"_links":{"self":[{"href":"https:\/\/all-pets.de\/shop\/wp-json\/wp\/v2\/product\/51597","targetHints":{"allow":["GET"]}}],"collection":[{"href":"https:\/\/all-pets.de\/shop\/wp-json\/wp\/v2\/product"}],"about":[{"href":"https:\/\/all-pets.de\/shop\/wp-json\/wp\/v2\/types\/product"}],"replies":[{"embeddable":true,"href":"https:\/\/all-pets.de\/shop\/wp-json\/wp\/v2\/comments?post=51597"}],"wp:featuredmedia":[{"embeddable":true,"href":"https:\/\/all-pets.de\/shop\/wp-json\/wp\/v2\/media\/51598"}],"wp:attachment":[{"href":"https:\/\/all-pets.de\/shop\/wp-json\/wp\/v2\/media?parent=51597"}],"wp:term":[{"taxonomy":"product_cat","embeddable":true,"href":"https:\/\/all-pets.de\/shop\/wp-json\/wp\/v2\/product_cat?post=51597"},{"taxonomy":"product_tag","embeddable":true,"href":"https:\/\/all-pets.de\/shop\/wp-json\/wp\/v2\/product_tag?post=51597"}],"curies":[{"name":"wp","href":"https:\/\/api.w.org\/{rel}","templated":true}]}}