{"id":51604,"date":"2023-12-12T12:39:28","date_gmt":"2023-12-12T11:39:28","guid":{"rendered":"https:\/\/pet-shopping.de\/shop\/produkt\/karlie-art-joy-plus-fuehrleine-rhombus-blau-200cm-x-15mm\/"},"modified":"2023-12-12T12:39:51","modified_gmt":"2023-12-12T11:39:51","slug":"karlie-art-joy-plus-fuehrleine-rhombus-blau-200cm-x-15mm","status":"publish","type":"product","link":"https:\/\/all-pets.de\/shop\/produkt\/karlie-art-joy-plus-fuehrleine-rhombus-blau-200cm-x-15mm\/","title":{"rendered":"Karlie Art Joy Plus F\u00fchrleine RHOMBUS &#8211; Blau &#8211; 200cm x 15mm"},"content":{"rendered":"<p>Art Joy Plus sind Halsb\u00e4nder, Leinen und F\u00fchrleinen, die sich durch Verarbeitung, Best\u00e4ndigkeit und Qualit\u00e4tsmaterialien auszeichnen. Aus hautsympathischem Nylonmaterial in Verbindung mit verchromten Beschl\u00e4gen sind sie extrem rei\u00dffest und langlebig. Die F\u00fchrleinen sind 3-fach verstellbar.<\/p>\n","protected":false},"excerpt":{"rendered":"<p>Art Joy Plus sind Halsb\u00e4nder, Leinen und F\u00fchrleinen, die sich durch Verarbeitung, Best\u00e4ndigkeit und Qualit\u00e4tsmaterialien auszeichnen. Aus hautsympathischem Nylonmaterial in Verbindung mit verchromten Beschl\u00e4gen sind sie extrem rei\u00dffest und langlebig. Die F\u00fchrleinen sind 3-fach verstellbar.<\/p>\n","protected":false},"featured_media":19889,"comment_status":"closed","ping_status":"open","template":"","meta":[],"product_cat":[14701],"product_tag":[],"class_list":{"0":"post-51604","1":"product","2":"type-product","3":"status-publish","4":"has-post-thumbnail","6":"product_cat-nylonleinen-leinen","8":"first","9":"instock","10":"taxable","11":"shipping-taxable","12":"purchasable","13":"product-type-simple"},"_links":{"self":[{"href":"https:\/\/all-pets.de\/shop\/wp-json\/wp\/v2\/product\/51604","targetHints":{"allow":["GET"]}}],"collection":[{"href":"https:\/\/all-pets.de\/shop\/wp-json\/wp\/v2\/product"}],"about":[{"href":"https:\/\/all-pets.de\/shop\/wp-json\/wp\/v2\/types\/product"}],"replies":[{"embeddable":true,"href":"https:\/\/all-pets.de\/shop\/wp-json\/wp\/v2\/comments?post=51604"}],"wp:featuredmedia":[{"embeddable":true,"href":"https:\/\/all-pets.de\/shop\/wp-json\/wp\/v2\/media\/19889"}],"wp:attachment":[{"href":"https:\/\/all-pets.de\/shop\/wp-json\/wp\/v2\/media?parent=51604"}],"wp:term":[{"taxonomy":"product_cat","embeddable":true,"href":"https:\/\/all-pets.de\/shop\/wp-json\/wp\/v2\/product_cat?post=51604"},{"taxonomy":"product_tag","embeddable":true,"href":"https:\/\/all-pets.de\/shop\/wp-json\/wp\/v2\/product_tag?post=51604"}],"curies":[{"name":"wp","href":"https:\/\/api.w.org\/{rel}","templated":true}]}}