{"id":51609,"date":"2023-12-12T12:39:52","date_gmt":"2023-12-12T11:39:52","guid":{"rendered":"https:\/\/pet-shopping.de\/shop\/produkt\/karlie-art-joy-plus-geschirr-rhombus-blau-35-50cm-x-15mm\/"},"modified":"2023-12-12T12:39:53","modified_gmt":"2023-12-12T11:39:53","slug":"karlie-art-joy-plus-geschirr-rhombus-blau-35-50cm-x-15mm","status":"publish","type":"product","link":"https:\/\/all-pets.de\/shop\/produkt\/karlie-art-joy-plus-geschirr-rhombus-blau-35-50cm-x-15mm\/","title":{"rendered":"Karlie Art Joy Plus Geschirr RHOMBUS &#8211; Blau &#8211; 35 &#8211; 50cm x 15mm"},"content":{"rendered":"<p>Art Joy Plus sind Halsb\u00e4nder, Leinen und Geschirre, die sich durch Verarbeitung, Best\u00e4ndigkeit und Qualit\u00e4tsmaterialien auszeichnen. Aus hautsympathischem Nylonmaterial in Verbindung mit verchromten Beschl\u00e4gen und Sicherheitsverschl\u00fcssen &#8222;Safety-Click&#8220; sind sie extrem rei\u00dffest und langlebig. Die Geschirre sind stufenlos verstellbar.<\/p>\n","protected":false},"excerpt":{"rendered":"<p>Art Joy Plus sind Halsb\u00e4nder, Leinen und Geschirre, die sich durch Verarbeitung, Best\u00e4ndigkeit und Qualit\u00e4tsmaterialien auszeichnen. Aus hautsympathischem Nylonmaterial in Verbindung mit verchromten Beschl\u00e4gen und Sicherheitsverschl\u00fcssen &#8222;Safety-Click&#8220; sind sie extrem rei\u00dffest und langlebig. Die Geschirre sind stufenlos verstellbar.<\/p>\n","protected":false},"featured_media":19905,"comment_status":"closed","ping_status":"open","template":"","meta":[],"product_cat":[13812],"product_tag":[],"class_list":{"0":"post-51609","1":"product","2":"type-product","3":"status-publish","4":"has-post-thumbnail","6":"product_cat-hundegeschirre","8":"first","9":"instock","10":"taxable","11":"shipping-taxable","12":"purchasable","13":"product-type-simple"},"_links":{"self":[{"href":"https:\/\/all-pets.de\/shop\/wp-json\/wp\/v2\/product\/51609","targetHints":{"allow":["GET"]}}],"collection":[{"href":"https:\/\/all-pets.de\/shop\/wp-json\/wp\/v2\/product"}],"about":[{"href":"https:\/\/all-pets.de\/shop\/wp-json\/wp\/v2\/types\/product"}],"replies":[{"embeddable":true,"href":"https:\/\/all-pets.de\/shop\/wp-json\/wp\/v2\/comments?post=51609"}],"wp:featuredmedia":[{"embeddable":true,"href":"https:\/\/all-pets.de\/shop\/wp-json\/wp\/v2\/media\/19905"}],"wp:attachment":[{"href":"https:\/\/all-pets.de\/shop\/wp-json\/wp\/v2\/media?parent=51609"}],"wp:term":[{"taxonomy":"product_cat","embeddable":true,"href":"https:\/\/all-pets.de\/shop\/wp-json\/wp\/v2\/product_cat?post=51609"},{"taxonomy":"product_tag","embeddable":true,"href":"https:\/\/all-pets.de\/shop\/wp-json\/wp\/v2\/product_tag?post=51609"}],"curies":[{"name":"wp","href":"https:\/\/api.w.org\/{rel}","templated":true}]}}