{"id":51622,"date":"2023-12-12T12:39:54","date_gmt":"2023-12-12T11:39:54","guid":{"rendered":"https:\/\/pet-shopping.de\/shop\/produkt\/nerf-dog-tire-feeder-medium\/"},"modified":"2023-12-12T12:39:54","modified_gmt":"2023-12-12T11:39:54","slug":"nerf-dog-tire-feeder-medium","status":"publish","type":"product","link":"https:\/\/all-pets.de\/shop\/produkt\/nerf-dog-tire-feeder-medium\/","title":{"rendered":"NERF DOG Tire Feeder &#8211; Medium"},"content":{"rendered":"<p>Die NERF DOG Hundespielzeuge vereinen optimales und funktionales Design mit speziellen Materialien, die eine intensive Nutzung \u00fcber einen langen Zeitraum erlauben.<\/p>\n<p>Der Trax Tire Feeder ist ein bef\u00fcllbares Gummispielzeug mit Reifenprofil. Geben Sie die Lieblingsleckerei Ihres Hundes hinein, die dann beim Spielen durch eine kreuz- und eine sternf\u00f6rmigen \u00d6ffnung an den Seiten nach und nach herausf\u00e4llt. Eine tolle Besch\u00e4ftigung mit Belohnungseffekt.<\/p>\n<p>Gr\u00f6\u00dfe: ca. 8,9 cm<br \/> Farbe: Rot oder Gr\u00fcn<br \/> Eine Farbwahl ist leider nicht m\u00f6glich, da die Farbe je nach Lagerbestand gew\u00e4hlt wird.<\/p>\n","protected":false},"excerpt":{"rendered":"<p>Die NERF DOG Hundespielzeuge vereinen optimales und funktionales Design mit speziellen Materialien, die eine intensive Nutzung \u00fcber einen langen Zeitraum erlauben. Der Trax Tire Feeder ist ein bef\u00fcllbares Gummispielzeug mit Reifenprofil. Geben Sie die Lieblingsleckerei Ihres Hundes hinein, die dann beim Spielen durch eine kreuz- und eine sternf\u00f6rmigen \u00d6ffnung an den Seiten nach und nach [&hellip;]<\/p>\n","protected":false},"featured_media":20007,"comment_status":"closed","ping_status":"open","template":"","meta":[],"product_cat":[15050],"product_tag":[],"class_list":{"0":"post-51622","1":"product","2":"type-product","3":"status-publish","4":"has-post-thumbnail","6":"product_cat-weitere-spielzeuge-hundespielzeug-sport-intelligenzhundewelt-hundespielzeug-sport","8":"first","9":"instock","10":"taxable","11":"shipping-taxable","12":"purchasable","13":"product-type-simple"},"_links":{"self":[{"href":"https:\/\/all-pets.de\/shop\/wp-json\/wp\/v2\/product\/51622","targetHints":{"allow":["GET"]}}],"collection":[{"href":"https:\/\/all-pets.de\/shop\/wp-json\/wp\/v2\/product"}],"about":[{"href":"https:\/\/all-pets.de\/shop\/wp-json\/wp\/v2\/types\/product"}],"replies":[{"embeddable":true,"href":"https:\/\/all-pets.de\/shop\/wp-json\/wp\/v2\/comments?post=51622"}],"wp:featuredmedia":[{"embeddable":true,"href":"https:\/\/all-pets.de\/shop\/wp-json\/wp\/v2\/media\/20007"}],"wp:attachment":[{"href":"https:\/\/all-pets.de\/shop\/wp-json\/wp\/v2\/media?parent=51622"}],"wp:term":[{"taxonomy":"product_cat","embeddable":true,"href":"https:\/\/all-pets.de\/shop\/wp-json\/wp\/v2\/product_cat?post=51622"},{"taxonomy":"product_tag","embeddable":true,"href":"https:\/\/all-pets.de\/shop\/wp-json\/wp\/v2\/product_tag?post=51622"}],"curies":[{"name":"wp","href":"https:\/\/api.w.org\/{rel}","templated":true}]}}