{"id":51632,"date":"2023-12-12T12:39:55","date_gmt":"2023-12-12T11:39:55","guid":{"rendered":"https:\/\/pet-shopping.de\/shop\/produkt\/trixie-hundewindeln-fuer-huendinnen-m\/"},"modified":"2023-12-12T12:39:56","modified_gmt":"2023-12-12T11:39:56","slug":"trixie-hundewindeln-fuer-huendinnen-m","status":"publish","type":"product","link":"https:\/\/all-pets.de\/shop\/produkt\/trixie-hundewindeln-fuer-huendinnen-m\/","title":{"rendered":"Trixie Hundewindeln f\u00fcr H\u00fcndinnen &#8211; M"},"content":{"rendered":"<p>Die praktischen Einwegwindeln bieten Ihnen und Ihrer H\u00fcndin Hygiene bei Inkontinenz, L\u00e4ufigkeit, nach Operationen und auf Reisen.<\/p>\n<p>Sie sind besonders saugstark und haben einen guten Sitz durch einen Gummizug an Bund und Beinausschnitten. Selbstverst\u00e4ndlich sind sie mit einer Ruten\u00f6ffnung versehen und besitzen breite, beidseitige Klebeverschl\u00fcsse.<\/p>\n<p>Inhalt: 12 St\u00fcck<\/p>\n<p>Gr\u00f6\u00dfe M: Taillenumfang ca. 32\u201348 cm<br \/> Geeignet z.B. f\u00fcr Boder Collie, Beagle<\/p>\n","protected":false},"excerpt":{"rendered":"<p>Die praktischen Einwegwindeln bieten Ihnen und Ihrer H\u00fcndin Hygiene bei Inkontinenz, L\u00e4ufigkeit, nach Operationen und auf Reisen. Sie sind besonders saugstark und haben einen guten Sitz durch einen Gummizug an Bund und Beinausschnitten. Selbstverst\u00e4ndlich sind sie mit einer Ruten\u00f6ffnung versehen und besitzen breite, beidseitige Klebeverschl\u00fcsse. Inhalt: 12 St\u00fcck Gr\u00f6\u00dfe M: Taillenumfang ca. 32\u201348 cm Geeignet [&hellip;]<\/p>\n","protected":false},"featured_media":20070,"comment_status":"closed","ping_status":"open","template":"","meta":[],"product_cat":[15311],"product_tag":[],"class_list":{"0":"post-51632","1":"product","2":"type-product","3":"status-publish","4":"has-post-thumbnail","6":"product_cat-hundetoiletten-hygiene-pflege-gesundheit-hundewelt","8":"first","9":"instock","10":"taxable","11":"shipping-taxable","12":"purchasable","13":"product-type-simple"},"_links":{"self":[{"href":"https:\/\/all-pets.de\/shop\/wp-json\/wp\/v2\/product\/51632","targetHints":{"allow":["GET"]}}],"collection":[{"href":"https:\/\/all-pets.de\/shop\/wp-json\/wp\/v2\/product"}],"about":[{"href":"https:\/\/all-pets.de\/shop\/wp-json\/wp\/v2\/types\/product"}],"replies":[{"embeddable":true,"href":"https:\/\/all-pets.de\/shop\/wp-json\/wp\/v2\/comments?post=51632"}],"wp:featuredmedia":[{"embeddable":true,"href":"https:\/\/all-pets.de\/shop\/wp-json\/wp\/v2\/media\/20070"}],"wp:attachment":[{"href":"https:\/\/all-pets.de\/shop\/wp-json\/wp\/v2\/media?parent=51632"}],"wp:term":[{"taxonomy":"product_cat","embeddable":true,"href":"https:\/\/all-pets.de\/shop\/wp-json\/wp\/v2\/product_cat?post=51632"},{"taxonomy":"product_tag","embeddable":true,"href":"https:\/\/all-pets.de\/shop\/wp-json\/wp\/v2\/product_tag?post=51632"}],"curies":[{"name":"wp","href":"https:\/\/api.w.org\/{rel}","templated":true}]}}