{"id":51663,"date":"2023-12-12T12:40:02","date_gmt":"2023-12-12T11:40:02","guid":{"rendered":"https:\/\/pet-shopping.de\/shop\/produkt\/living-world-green-heuraufe-klein\/"},"modified":"2023-12-12T12:40:02","modified_gmt":"2023-12-12T11:40:02","slug":"living-world-green-heuraufe-klein","status":"publish","type":"product","link":"https:\/\/all-pets.de\/shop\/produkt\/living-world-green-heuraufe-klein\/","title":{"rendered":"LIVING WORLD Green Heuraufe &#8211; Klein"},"content":{"rendered":"<p>LivingWorld Green: N\u00e4her an der Natur<\/p>\n<p>Living World Green bringt das Beste aus unserer nat\u00fcrlichen Welt in die Welt Ihres Kleintieres. Die Produkte bestehen aus minimal verarbeiteten Rohmaterialien und helfen eine authentische Umgebung zu schaffen, als ob Mutter Natur sie selbst geschaffen h\u00e4tte.<\/p>\n<p>Die LivingWorld Green Heuraufe besteht aus umweltfreundlichem Gummibaumholz und Plexiglasscheiben und bietet Ihrem Tier einen optimalen Zugang zu frischem Heu, egal ob im K\u00e4fig, im Terrarium oder auch im Freilauf. Die Heuraufe kann an jedem beliebigen Ort aufgestellt werden. Es ist keine Befestigung an einem K\u00e4figgitter mehr notwendig. So kann die Heuraufe Ihres Tieres z.B. ohne Probleme von einem Heim ins andere gehoben werden oder beim Reinigen des K\u00e4figs einfach beiseite gestellt werden. Die Aufbewahrungskammer ist geschlossen, so dass Ihr Tier nicht im Heu liegen und es so verschmutzen kann. Au\u00dferdem wird ein verstreuen des Heus damit reduziert und Heuallergien somit minimiert.<\/p>\n<p>Diese Gr\u00f6\u00dfe eignet sich z.B. f\u00fcr Hamster, M\u00e4use und Rennm\u00e4use.<br \/> Au\u00dfenma\u00dfe: ca. 13 x 13 x 26,5 cm (BxTxH)<\/p>\n<p>Das Heu ist nicht in der Lieferung enthalten.<\/p>\n","protected":false},"excerpt":{"rendered":"<p>LivingWorld Green: N\u00e4her an der Natur Living World Green bringt das Beste aus unserer nat\u00fcrlichen Welt in die Welt Ihres Kleintieres. Die Produkte bestehen aus minimal verarbeiteten Rohmaterialien und helfen eine authentische Umgebung zu schaffen, als ob Mutter Natur sie selbst geschaffen h\u00e4tte. Die LivingWorld Green Heuraufe besteht aus umweltfreundlichem Gummibaumholz und Plexiglasscheiben und bietet [&hellip;]<\/p>\n","protected":false},"featured_media":20291,"comment_status":"closed","ping_status":"open","template":"","meta":[],"product_cat":[13722],"product_tag":[],"class_list":{"0":"post-51663","1":"product","2":"type-product","3":"status-publish","4":"has-post-thumbnail","6":"product_cat-heuraufen","8":"first","9":"instock","10":"taxable","11":"shipping-taxable","12":"purchasable","13":"product-type-simple"},"_links":{"self":[{"href":"https:\/\/all-pets.de\/shop\/wp-json\/wp\/v2\/product\/51663","targetHints":{"allow":["GET"]}}],"collection":[{"href":"https:\/\/all-pets.de\/shop\/wp-json\/wp\/v2\/product"}],"about":[{"href":"https:\/\/all-pets.de\/shop\/wp-json\/wp\/v2\/types\/product"}],"replies":[{"embeddable":true,"href":"https:\/\/all-pets.de\/shop\/wp-json\/wp\/v2\/comments?post=51663"}],"wp:featuredmedia":[{"embeddable":true,"href":"https:\/\/all-pets.de\/shop\/wp-json\/wp\/v2\/media\/20291"}],"wp:attachment":[{"href":"https:\/\/all-pets.de\/shop\/wp-json\/wp\/v2\/media?parent=51663"}],"wp:term":[{"taxonomy":"product_cat","embeddable":true,"href":"https:\/\/all-pets.de\/shop\/wp-json\/wp\/v2\/product_cat?post=51663"},{"taxonomy":"product_tag","embeddable":true,"href":"https:\/\/all-pets.de\/shop\/wp-json\/wp\/v2\/product_tag?post=51663"}],"curies":[{"name":"wp","href":"https:\/\/api.w.org\/{rel}","templated":true}]}}