{"id":51668,"date":"2023-12-12T12:40:02","date_gmt":"2023-12-12T11:40:02","guid":{"rendered":"https:\/\/pet-shopping.de\/shop\/produkt\/durafoam-bomber-by-zeus-8-cm\/"},"modified":"2023-12-12T12:40:03","modified_gmt":"2023-12-12T11:40:03","slug":"durafoam-bomber-by-zeus-8-cm","status":"publish","type":"product","link":"https:\/\/all-pets.de\/shop\/produkt\/durafoam-bomber-by-zeus-8-cm\/","title":{"rendered":"Durafoam Bomber by Zeus &#8211; 8 cm"},"content":{"rendered":"<ul>\n<li>Optimal als Schleuder oder als Zieh- und Zerrspielzeug<\/li>\n<li>gr\u00f6\u00dfere Schleuder-Distanzen<\/li>\n<li>Besteht aus neuem Material, <span style=\"font-weight: bold\">&#8222;Durafoam&#8220;<\/span><\/li>\n<li>Schwimmf\u00e4hig mit Squeaker<\/li>\n<\/ul>\n<p> Zeus ist die neue Hundespielzeuglinie aus dem Hause HAGEN. Bei der Entwicklung der Produkte stand die Interaktion zwischen Hund und Mensch im Vordergrund, denn Zeus Hundespielzeuge sind keine Kauspielzeuge! <\/p>\n<p> <span style=\"font-weight: bold\">Werfen, treten, ziehen, suchen oder apportieren <\/span>\u2013 je nach Spielzeug stecken in den verschiedenen Modellen ungeahnte M\u00f6glichkeiten. <\/p>\n<p> Die vielf\u00e4ltige Produktlinie mit ihren unterschiedlichen Anwendungsm\u00f6glichkeiten, die hochwertige Verarbeitung sowie die Verwendung von ungiftigen Materialien machen Zeus zur ersten Wahl beim Kauf eines interaktiven Hundespielzeugs. <\/p>\n<p> Der neue, verbesserte Zeus besteht aus <span style=\"font-weight: bold\">extrem widerstandsf\u00e4higem Schaumgummi<\/span>. Er bleibt leichtgewichtig und ist robuster als jemals zuvor. Seine Schwimmf\u00e4higkeit macht es zum interaktiven Lieblingsspielzeug am See oder Strand und bietet so auch den Wasserratten unter den Hunden das ultimative Schwimm- und Apportiervergn\u00fcgen.<\/p>\n<p>Durchmesser: ca. 8 cm<\/p>\n","protected":false},"excerpt":{"rendered":"<p>Optimal als Schleuder oder als Zieh- und Zerrspielzeug gr\u00f6\u00dfere Schleuder-Distanzen Besteht aus neuem Material, &#8222;Durafoam&#8220; Schwimmf\u00e4hig mit Squeaker Zeus ist die neue Hundespielzeuglinie aus dem Hause HAGEN. Bei der Entwicklung der Produkte stand die Interaktion zwischen Hund und Mensch im Vordergrund, denn Zeus Hundespielzeuge sind keine Kauspielzeuge! Werfen, treten, ziehen, suchen oder apportieren \u2013 je [&hellip;]<\/p>\n","protected":false},"featured_media":20378,"comment_status":"closed","ping_status":"open","template":"","meta":[],"product_cat":[14198],"product_tag":[],"class_list":{"0":"post-51668","1":"product","2":"type-product","3":"status-publish","4":"has-post-thumbnail","6":"product_cat-hundebaelle-hundespielzeug-sport-aqua-spielzeughundewelt","8":"first","9":"instock","10":"taxable","11":"shipping-taxable","12":"purchasable","13":"product-type-simple"},"_links":{"self":[{"href":"https:\/\/all-pets.de\/shop\/wp-json\/wp\/v2\/product\/51668","targetHints":{"allow":["GET"]}}],"collection":[{"href":"https:\/\/all-pets.de\/shop\/wp-json\/wp\/v2\/product"}],"about":[{"href":"https:\/\/all-pets.de\/shop\/wp-json\/wp\/v2\/types\/product"}],"replies":[{"embeddable":true,"href":"https:\/\/all-pets.de\/shop\/wp-json\/wp\/v2\/comments?post=51668"}],"wp:featuredmedia":[{"embeddable":true,"href":"https:\/\/all-pets.de\/shop\/wp-json\/wp\/v2\/media\/20378"}],"wp:attachment":[{"href":"https:\/\/all-pets.de\/shop\/wp-json\/wp\/v2\/media?parent=51668"}],"wp:term":[{"taxonomy":"product_cat","embeddable":true,"href":"https:\/\/all-pets.de\/shop\/wp-json\/wp\/v2\/product_cat?post=51668"},{"taxonomy":"product_tag","embeddable":true,"href":"https:\/\/all-pets.de\/shop\/wp-json\/wp\/v2\/product_tag?post=51668"}],"curies":[{"name":"wp","href":"https:\/\/api.w.org\/{rel}","templated":true}]}}