{"id":51669,"date":"2023-12-12T12:40:04","date_gmt":"2023-12-12T11:40:04","guid":{"rendered":"https:\/\/pet-shopping.de\/shop\/produkt\/trixie-be-nordic-napfunterlage-60-x-40-cm\/"},"modified":"2023-12-12T12:40:04","modified_gmt":"2023-12-12T11:40:04","slug":"trixie-be-nordic-napfunterlage-60-x-40-cm","status":"publish","type":"product","link":"https:\/\/all-pets.de\/shop\/produkt\/trixie-be-nordic-napfunterlage-60-x-40-cm\/","title":{"rendered":"Trixie BE NORDIC Napfunterlage &#8211; 60 x 40 cm"},"content":{"rendered":"<ul>\n<li>Silikon<\/li>\n<li>erh\u00f6hter Rand<\/li>\n<li>rutschfest<\/li>\n<li>sp\u00fclmaschinenfest<\/li>\n<li>Farbe: grau<\/li>\n<li>Ma\u00dfe: ca. 60 x 40 cm<\/li>\n<\/ul>\n<div class=\"infotextWrap\">Aus dem Verkauf der Serie unterst\u00fctzt TRIXIE Meeresschutzprojekte und leistet damit einen Beitrag zum Natur- und Artenschutz.<\/div>\n","protected":false},"excerpt":{"rendered":"<p>Silikon erh\u00f6hter Rand rutschfest sp\u00fclmaschinenfest Farbe: grau Ma\u00dfe: ca. 60 x 40 cm Aus dem Verkauf der Serie unterst\u00fctzt TRIXIE Meeresschutzprojekte und leistet damit einen Beitrag zum Natur- und Artenschutz.<\/p>\n","protected":false},"featured_media":51670,"comment_status":"closed","ping_status":"open","template":"","meta":[],"product_cat":[14135],"product_tag":[],"class_list":{"0":"post-51669","1":"product","2":"type-product","3":"status-publish","4":"has-post-thumbnail","6":"product_cat-napfunterlagen-katzennaepfe-traenken-napfunterlagenkatzenwelt","8":"first","9":"instock","10":"taxable","11":"shipping-taxable","12":"purchasable","13":"product-type-simple"},"_links":{"self":[{"href":"https:\/\/all-pets.de\/shop\/wp-json\/wp\/v2\/product\/51669","targetHints":{"allow":["GET"]}}],"collection":[{"href":"https:\/\/all-pets.de\/shop\/wp-json\/wp\/v2\/product"}],"about":[{"href":"https:\/\/all-pets.de\/shop\/wp-json\/wp\/v2\/types\/product"}],"replies":[{"embeddable":true,"href":"https:\/\/all-pets.de\/shop\/wp-json\/wp\/v2\/comments?post=51669"}],"wp:featuredmedia":[{"embeddable":true,"href":"https:\/\/all-pets.de\/shop\/wp-json\/wp\/v2\/media\/51670"}],"wp:attachment":[{"href":"https:\/\/all-pets.de\/shop\/wp-json\/wp\/v2\/media?parent=51669"}],"wp:term":[{"taxonomy":"product_cat","embeddable":true,"href":"https:\/\/all-pets.de\/shop\/wp-json\/wp\/v2\/product_cat?post=51669"},{"taxonomy":"product_tag","embeddable":true,"href":"https:\/\/all-pets.de\/shop\/wp-json\/wp\/v2\/product_tag?post=51669"}],"curies":[{"name":"wp","href":"https:\/\/api.w.org\/{rel}","templated":true}]}}