{"id":51681,"date":"2023-12-12T12:40:04","date_gmt":"2023-12-12T11:40:04","guid":{"rendered":"https:\/\/pet-shopping.de\/shop\/produkt\/trixie-xbunny-klettsticker-2-stueck-muemmelmann\/"},"modified":"2023-12-12T12:40:06","modified_gmt":"2023-12-12T11:40:06","slug":"trixie-xbunny-klettsticker-2-stueck-muemmelmann","status":"publish","type":"product","link":"https:\/\/all-pets.de\/shop\/produkt\/trixie-xbunny-klettsticker-2-stueck-muemmelmann\/","title":{"rendered":"Trixie XBunny Klettsticker &#8211; 2 St\u00fcck &#8211; M\u00fcmmelmann"},"content":{"rendered":"<p>Klettsticker zur einfachen Befestigung z.B. an Trixie XBunny Geschirren. Mit reflektierender Aufschrift. Beinhaltet 2 St\u00fcck.<\/p>\n<p>Ma\u00dfe: ca. 7,5 x 2,5 cm<br \/> <strong><br \/> Aufschrift: M\u00fcmmelmann<\/strong><\/p>\n","protected":false},"excerpt":{"rendered":"<p>Klettsticker zur einfachen Befestigung z.B. an Trixie XBunny Geschirren. Mit reflektierender Aufschrift. Beinhaltet 2 St\u00fcck. Ma\u00dfe: ca. 7,5 x 2,5 cm Aufschrift: M\u00fcmmelmann<\/p>\n","protected":false},"featured_media":20459,"comment_status":"closed","ping_status":"open","template":"","meta":[],"product_cat":[14286],"product_tag":[],"class_list":{"0":"post-51681","1":"product","2":"type-product","3":"status-publish","4":"has-post-thumbnail","6":"product_cat-geschirre-leinen","8":"first","9":"instock","10":"taxable","11":"shipping-taxable","12":"purchasable","13":"product-type-simple"},"_links":{"self":[{"href":"https:\/\/all-pets.de\/shop\/wp-json\/wp\/v2\/product\/51681","targetHints":{"allow":["GET"]}}],"collection":[{"href":"https:\/\/all-pets.de\/shop\/wp-json\/wp\/v2\/product"}],"about":[{"href":"https:\/\/all-pets.de\/shop\/wp-json\/wp\/v2\/types\/product"}],"replies":[{"embeddable":true,"href":"https:\/\/all-pets.de\/shop\/wp-json\/wp\/v2\/comments?post=51681"}],"wp:featuredmedia":[{"embeddable":true,"href":"https:\/\/all-pets.de\/shop\/wp-json\/wp\/v2\/media\/20459"}],"wp:attachment":[{"href":"https:\/\/all-pets.de\/shop\/wp-json\/wp\/v2\/media?parent=51681"}],"wp:term":[{"taxonomy":"product_cat","embeddable":true,"href":"https:\/\/all-pets.de\/shop\/wp-json\/wp\/v2\/product_cat?post=51681"},{"taxonomy":"product_tag","embeddable":true,"href":"https:\/\/all-pets.de\/shop\/wp-json\/wp\/v2\/product_tag?post=51681"}],"curies":[{"name":"wp","href":"https:\/\/api.w.org\/{rel}","templated":true}]}}