{"id":51688,"date":"2023-12-12T12:40:07","date_gmt":"2023-12-12T11:40:07","guid":{"rendered":"https:\/\/pet-shopping.de\/shop\/produkt\/trixie-xmas-fleecedecke-luciano-150-x-100-cm\/"},"modified":"2023-12-12T12:40:08","modified_gmt":"2023-12-12T11:40:08","slug":"trixie-xmas-fleecedecke-luciano-150-x-100-cm","status":"publish","type":"product","link":"https:\/\/all-pets.de\/shop\/produkt\/trixie-xmas-fleecedecke-luciano-150-x-100-cm\/","title":{"rendered":"Trixie Xmas Fleecedecke Luciano &#8211; 150 x 100 cm"},"content":{"rendered":"<ul>\n<li>Fleece (Polyester)<\/li>\n<li>sch\u00fctzt Polster vor Schmutz und Tierhaaren<\/li>\n<li>Handw\u00e4sche<\/li>\n<li>Diverse Farben. Eine Farbwahl ist leider nicht m\u00f6glich, da die Farbe je nach Lagerbestand gew\u00e4hlt wird.<\/li>\n<li>Ma\u00dfe: ca. 150 x 100 cm<\/li>\n<\/ul>\n","protected":false},"excerpt":{"rendered":"<p>Fleece (Polyester) sch\u00fctzt Polster vor Schmutz und Tierhaaren Handw\u00e4sche Diverse Farben. Eine Farbwahl ist leider nicht m\u00f6glich, da die Farbe je nach Lagerbestand gew\u00e4hlt wird. Ma\u00dfe: ca. 150 x 100 cm<\/p>\n","protected":false},"featured_media":51685,"comment_status":"closed","ping_status":"open","template":"","meta":[],"product_cat":[15553],"product_tag":[],"class_list":{"0":"post-51688","1":"product","2":"type-product","3":"status-publish","4":"has-post-thumbnail","6":"product_cat-betten-sofas-katzenbetten-katzenkoerbe-liegedeckenkatzenwelt-betten-koerbe-neue-katzenartikelhundewelt-neue-hundeartikelkatzenwelt-katzen-x-mashundewelt-hunde-x-maskatzenwelt-hundewelt","8":"first","9":"instock","10":"taxable","11":"shipping-taxable","12":"purchasable","13":"product-type-simple"},"_links":{"self":[{"href":"https:\/\/all-pets.de\/shop\/wp-json\/wp\/v2\/product\/51688","targetHints":{"allow":["GET"]}}],"collection":[{"href":"https:\/\/all-pets.de\/shop\/wp-json\/wp\/v2\/product"}],"about":[{"href":"https:\/\/all-pets.de\/shop\/wp-json\/wp\/v2\/types\/product"}],"replies":[{"embeddable":true,"href":"https:\/\/all-pets.de\/shop\/wp-json\/wp\/v2\/comments?post=51688"}],"wp:featuredmedia":[{"embeddable":true,"href":"https:\/\/all-pets.de\/shop\/wp-json\/wp\/v2\/media\/51685"}],"wp:attachment":[{"href":"https:\/\/all-pets.de\/shop\/wp-json\/wp\/v2\/media?parent=51688"}],"wp:term":[{"taxonomy":"product_cat","embeddable":true,"href":"https:\/\/all-pets.de\/shop\/wp-json\/wp\/v2\/product_cat?post=51688"},{"taxonomy":"product_tag","embeddable":true,"href":"https:\/\/all-pets.de\/shop\/wp-json\/wp\/v2\/product_tag?post=51688"}],"curies":[{"name":"wp","href":"https:\/\/api.w.org\/{rel}","templated":true}]}}