{"id":51689,"date":"2023-12-12T12:40:07","date_gmt":"2023-12-12T11:40:07","guid":{"rendered":"https:\/\/pet-shopping.de\/shop\/produkt\/karlie-flamingo-ecktoilette-fuer-nager-hawai-l\/"},"modified":"2023-12-12T12:40:08","modified_gmt":"2023-12-12T11:40:08","slug":"karlie-flamingo-ecktoilette-fuer-nager-hawai-l","status":"publish","type":"product","link":"https:\/\/all-pets.de\/shop\/produkt\/karlie-flamingo-ecktoilette-fuer-nager-hawai-l\/","title":{"rendered":"Karlie Flamingo Ecktoilette f\u00fcr Nager Hawai &#8211; L"},"content":{"rendered":"<p>Eine Toilette hilft Ihnen dabei, Ihr Nagerheim sauber zu halten. <\/p>\n<p>Die Ecktoilette Hawai nimmt im K\u00e4fig nicht viel Platz weg und bringt mit ihren frischen Farben Leben in die Bude.<\/p>\n<p>Ma\u00dfe: ca. 49 x 35 x 26 cm (LxBxH)<br \/> Gr\u00f6\u00dfe geeignet z.B. f\u00fcr Kaninchen etc.<\/p>\n<p> Diverse Farben. Eine Farbwahl ist leider nicht m\u00f6glich, da die Farbe je nach Lagerbestand gew\u00e4hlt wird.<\/p>\n","protected":false},"excerpt":{"rendered":"<p>Eine Toilette hilft Ihnen dabei, Ihr Nagerheim sauber zu halten. Die Ecktoilette Hawai nimmt im K\u00e4fig nicht viel Platz weg und bringt mit ihren frischen Farben Leben in die Bude. Ma\u00dfe: ca. 49 x 35 x 26 cm (LxBxH) Gr\u00f6\u00dfe geeignet z.B. f\u00fcr Kaninchen etc. Diverse Farben. Eine Farbwahl ist leider nicht m\u00f6glich, da die [&hellip;]<\/p>\n","protected":false},"featured_media":20513,"comment_status":"closed","ping_status":"open","template":"","meta":[],"product_cat":[14301],"product_tag":[],"class_list":{"0":"post-51689","1":"product","2":"type-product","3":"status-publish","4":"has-post-thumbnail","6":"product_cat-toiletten-ausstattung-zubehoer-kleintierwelt","8":"first","9":"instock","10":"taxable","11":"shipping-taxable","12":"purchasable","13":"product-type-simple"},"_links":{"self":[{"href":"https:\/\/all-pets.de\/shop\/wp-json\/wp\/v2\/product\/51689","targetHints":{"allow":["GET"]}}],"collection":[{"href":"https:\/\/all-pets.de\/shop\/wp-json\/wp\/v2\/product"}],"about":[{"href":"https:\/\/all-pets.de\/shop\/wp-json\/wp\/v2\/types\/product"}],"replies":[{"embeddable":true,"href":"https:\/\/all-pets.de\/shop\/wp-json\/wp\/v2\/comments?post=51689"}],"wp:featuredmedia":[{"embeddable":true,"href":"https:\/\/all-pets.de\/shop\/wp-json\/wp\/v2\/media\/20513"}],"wp:attachment":[{"href":"https:\/\/all-pets.de\/shop\/wp-json\/wp\/v2\/media?parent=51689"}],"wp:term":[{"taxonomy":"product_cat","embeddable":true,"href":"https:\/\/all-pets.de\/shop\/wp-json\/wp\/v2\/product_cat?post=51689"},{"taxonomy":"product_tag","embeddable":true,"href":"https:\/\/all-pets.de\/shop\/wp-json\/wp\/v2\/product_tag?post=51689"}],"curies":[{"name":"wp","href":"https:\/\/api.w.org\/{rel}","templated":true}]}}