{"id":51700,"date":"2023-12-12T12:40:11","date_gmt":"2023-12-12T11:40:11","guid":{"rendered":"https:\/\/pet-shopping.de\/shop\/produkt\/trixie-junior-welpen-schleppleine-rund-rot-4m-o-4mm\/"},"modified":"2023-12-12T12:40:11","modified_gmt":"2023-12-12T11:40:11","slug":"trixie-junior-welpen-schleppleine-rund-rot-4m-o-4mm","status":"publish","type":"product","link":"https:\/\/all-pets.de\/shop\/produkt\/trixie-junior-welpen-schleppleine-rund-rot-4m-o-4mm\/","title":{"rendered":"Trixie Junior Welpen-Schleppleine, rund &#8211; Rot \/ 4m, \u00f8 4mm"},"content":{"rendered":"<ul>\n<li>extra kleiner Bolzenhaken f\u00fcr sehr kleine Hunde<\/li>\n<li>Tau<\/li>\n<li>leichte Ausf\u00fchrung<\/li>\n<li>reflektierende Elemente<\/li>\n<li>mit Handschlaufe<\/li>\n<li>Farbe: Rot<\/li>\n<li>L\u00e4nge \/ Materialdurchmesser: 4 m \/ 4 mm <\/li>\n<\/ul>\n","protected":false},"excerpt":{"rendered":"<p>extra kleiner Bolzenhaken f\u00fcr sehr kleine Hunde Tau leichte Ausf\u00fchrung reflektierende Elemente mit Handschlaufe Farbe: Rot L\u00e4nge \/ Materialdurchmesser: 4 m \/ 4 mm<\/p>\n","protected":false},"featured_media":51701,"comment_status":"closed","ping_status":"open","template":"","meta":[],"product_cat":[13690],"product_tag":[],"class_list":{"0":"post-51700","1":"product","2":"type-product","3":"status-publish","4":"has-post-thumbnail","6":"product_cat-such-schleppleinen","8":"first","9":"instock","10":"taxable","11":"shipping-taxable","12":"purchasable","13":"product-type-simple"},"_links":{"self":[{"href":"https:\/\/all-pets.de\/shop\/wp-json\/wp\/v2\/product\/51700","targetHints":{"allow":["GET"]}}],"collection":[{"href":"https:\/\/all-pets.de\/shop\/wp-json\/wp\/v2\/product"}],"about":[{"href":"https:\/\/all-pets.de\/shop\/wp-json\/wp\/v2\/types\/product"}],"replies":[{"embeddable":true,"href":"https:\/\/all-pets.de\/shop\/wp-json\/wp\/v2\/comments?post=51700"}],"wp:featuredmedia":[{"embeddable":true,"href":"https:\/\/all-pets.de\/shop\/wp-json\/wp\/v2\/media\/51701"}],"wp:attachment":[{"href":"https:\/\/all-pets.de\/shop\/wp-json\/wp\/v2\/media?parent=51700"}],"wp:term":[{"taxonomy":"product_cat","embeddable":true,"href":"https:\/\/all-pets.de\/shop\/wp-json\/wp\/v2\/product_cat?post=51700"},{"taxonomy":"product_tag","embeddable":true,"href":"https:\/\/all-pets.de\/shop\/wp-json\/wp\/v2\/product_tag?post=51700"}],"curies":[{"name":"wp","href":"https:\/\/api.w.org\/{rel}","templated":true}]}}