{"id":51712,"date":"2023-12-12T12:40:11","date_gmt":"2023-12-12T11:40:11","guid":{"rendered":"https:\/\/pet-shopping.de\/shop\/produkt\/pet-star-kuehlmatte-110-x-70-cm\/"},"modified":"2024-07-21T10:47:24","modified_gmt":"2024-07-21T08:47:24","slug":"pet-star-kuehlmatte-110-x-70-cm","status":"publish","type":"product","link":"https:\/\/all-pets.de\/shop\/produkt\/pet-star-kuehlmatte-110-x-70-cm\/","title":{"rendered":"Pet-Star K\u00fchlmatte &#8211; 110 x 70 cm"},"content":{"rendered":"<p>K\u00fchlmatte f\u00fcr Hund und Katze<\/p>\n<p> Produktmerkmale:<br \/> &#8211; K\u00fchlung wird automatisch durch den Gewichtsdruck des Tieres ausgel\u00f6st<br \/> &#8211; ungiftig<br \/> &#8211; kein Strom oder K\u00fchlschrank notwendig<br \/> &#8211; sehr gute Qualit\u00e4t und Materialeigenschaften<br \/> &#8211; optimale K\u00fchlung und Liegekomfort<br \/> &#8211; sorgt f\u00fcr k\u00f6rperliche Entlastung<br \/> &#8211; vermeidet \u00dcberhitzung des Tieres<br \/> &#8211; l\u00e4sst sich mit einem feuchten Tuch reinigen<br \/> &#8211; universell einsetzbar und transportf\u00e4hig<\/p>\n<p>Gr\u00f6\u00dfe: ca. 110 x 70 cm<\/p>\n","protected":false},"excerpt":{"rendered":"<p>K\u00fchlmatte f\u00fcr Hund und Katze Produktmerkmale: &#8211; K\u00fchlung wird automatisch durch den Gewichtsdruck des Tieres ausgel\u00f6st &#8211; ungiftig &#8211; kein Strom oder K\u00fchlschrank notwendig &#8211; sehr gute Qualit\u00e4t und Materialeigenschaften &#8211; optimale K\u00fchlung und Liegekomfort &#8211; sorgt f\u00fcr k\u00f6rperliche Entlastung &#8211; vermeidet \u00dcberhitzung des Tieres &#8211; l\u00e4sst sich mit einem feuchten Tuch reinigen &#8211; universell [&hellip;]<\/p>\n","protected":false},"featured_media":20630,"comment_status":"closed","ping_status":"open","template":"","meta":[],"product_cat":[15562],"product_tag":[],"class_list":{"0":"post-51712","1":"product","2":"type-product","3":"status-publish","4":"has-post-thumbnail","6":"product_cat-kuehlmatten-katzenbetten-katzenkoerbe-kuehlmattenkatzenwelt-betten-koerbe-obedience-traininghundewelt","8":"first","9":"instock","10":"taxable","11":"shipping-taxable","12":"purchasable","13":"product-type-simple"},"_links":{"self":[{"href":"https:\/\/all-pets.de\/shop\/wp-json\/wp\/v2\/product\/51712","targetHints":{"allow":["GET"]}}],"collection":[{"href":"https:\/\/all-pets.de\/shop\/wp-json\/wp\/v2\/product"}],"about":[{"href":"https:\/\/all-pets.de\/shop\/wp-json\/wp\/v2\/types\/product"}],"replies":[{"embeddable":true,"href":"https:\/\/all-pets.de\/shop\/wp-json\/wp\/v2\/comments?post=51712"}],"wp:featuredmedia":[{"embeddable":true,"href":"https:\/\/all-pets.de\/shop\/wp-json\/wp\/v2\/media\/20630"}],"wp:attachment":[{"href":"https:\/\/all-pets.de\/shop\/wp-json\/wp\/v2\/media?parent=51712"}],"wp:term":[{"taxonomy":"product_cat","embeddable":true,"href":"https:\/\/all-pets.de\/shop\/wp-json\/wp\/v2\/product_cat?post=51712"},{"taxonomy":"product_tag","embeddable":true,"href":"https:\/\/all-pets.de\/shop\/wp-json\/wp\/v2\/product_tag?post=51712"}],"curies":[{"name":"wp","href":"https:\/\/api.w.org\/{rel}","templated":true}]}}