{"id":51734,"date":"2023-12-12T12:40:18","date_gmt":"2023-12-12T11:40:18","guid":{"rendered":"https:\/\/pet-shopping.de\/shop\/produkt\/trixie-junior-keramiknapf-03-l-o-12-cm\/"},"modified":"2023-12-12T12:40:18","modified_gmt":"2023-12-12T11:40:18","slug":"trixie-junior-keramiknapf-03-l-o-12-cm","status":"publish","type":"product","link":"https:\/\/all-pets.de\/shop\/produkt\/trixie-junior-keramiknapf-03-l-o-12-cm\/","title":{"rendered":"Trixie Junior Keramiknapf &#8211; 0,3 l\/\u00f8 12 cm"},"content":{"rendered":"<p>Junior Keramiknapf mit niedlicher Welcome-Aufschrift.<\/p>\n<p>Fassungsverm\u00f6gen: ca. 0,3 L<br \/>Durchmesser: ca. 12 cm<\/p>\n<p>Diverse Farben. Eine Farbwahl ist leider nicht m\u00f6glich, da die Farbe je nach Lagerbestand gew\u00e4hlt wird. <\/p>\n","protected":false},"excerpt":{"rendered":"<p>Junior Keramiknapf mit niedlicher Welcome-Aufschrift. Fassungsverm\u00f6gen: ca. 0,3 LDurchmesser: ca. 12 cm Diverse Farben. Eine Farbwahl ist leider nicht m\u00f6glich, da die Farbe je nach Lagerbestand gew\u00e4hlt wird.<\/p>\n","protected":false},"featured_media":51735,"comment_status":"closed","ping_status":"open","template":"","meta":[],"product_cat":[14361],"product_tag":[],"class_list":{"0":"post-51734","1":"product","2":"type-product","3":"status-publish","4":"has-post-thumbnail","6":"product_cat-futter-wassernaepfe-hundenaepfe-traenken","8":"first","9":"instock","10":"taxable","11":"shipping-taxable","12":"purchasable","13":"product-type-simple"},"_links":{"self":[{"href":"https:\/\/all-pets.de\/shop\/wp-json\/wp\/v2\/product\/51734","targetHints":{"allow":["GET"]}}],"collection":[{"href":"https:\/\/all-pets.de\/shop\/wp-json\/wp\/v2\/product"}],"about":[{"href":"https:\/\/all-pets.de\/shop\/wp-json\/wp\/v2\/types\/product"}],"replies":[{"embeddable":true,"href":"https:\/\/all-pets.de\/shop\/wp-json\/wp\/v2\/comments?post=51734"}],"wp:featuredmedia":[{"embeddable":true,"href":"https:\/\/all-pets.de\/shop\/wp-json\/wp\/v2\/media\/51735"}],"wp:attachment":[{"href":"https:\/\/all-pets.de\/shop\/wp-json\/wp\/v2\/media?parent=51734"}],"wp:term":[{"taxonomy":"product_cat","embeddable":true,"href":"https:\/\/all-pets.de\/shop\/wp-json\/wp\/v2\/product_cat?post=51734"},{"taxonomy":"product_tag","embeddable":true,"href":"https:\/\/all-pets.de\/shop\/wp-json\/wp\/v2\/product_tag?post=51734"}],"curies":[{"name":"wp","href":"https:\/\/api.w.org\/{rel}","templated":true}]}}