{"id":51745,"date":"2023-12-12T12:40:21","date_gmt":"2023-12-12T11:40:21","guid":{"rendered":"https:\/\/pet-shopping.de\/shop\/produkt\/trixie-kuehlnapf-fresh-cool-1-l\/"},"modified":"2023-12-12T12:40:21","modified_gmt":"2023-12-12T11:40:21","slug":"trixie-kuehlnapf-fresh-cool-1-l","status":"publish","type":"product","link":"https:\/\/all-pets.de\/shop\/produkt\/trixie-kuehlnapf-fresh-cool-1-l\/","title":{"rendered":"Trixie K\u00fchlnapf Fresh &#038; Cool &#8211; 1 l"},"content":{"rendered":"<p>Mit dem Trixie K\u00fchlnapf Fresh &#038; Cool bleibt das Wasser oder Futter Ihres Tieres, wie der Name schon sagt, frisch und k\u00fchl.<\/p>\n<p>Mit Gummiring f\u00fcr einen sicheren Stand.<\/p>\n<p>Farbe: wei\u00df\/blau<br \/> Fassungsverm\u00f6gen: 1 l<br \/> Durchmesser: ca. 20 cm<\/p>\n","protected":false},"excerpt":{"rendered":"<p>Mit dem Trixie K\u00fchlnapf Fresh &#038; Cool bleibt das Wasser oder Futter Ihres Tieres, wie der Name schon sagt, frisch und k\u00fchl. Mit Gummiring f\u00fcr einen sicheren Stand. Farbe: wei\u00df\/blau Fassungsverm\u00f6gen: 1 l Durchmesser: ca. 20 cm<\/p>\n","protected":false},"featured_media":20731,"comment_status":"closed","ping_status":"open","template":"","meta":[],"product_cat":[14136],"product_tag":[],"class_list":{"0":"post-51745","1":"product","2":"type-product","3":"status-publish","4":"has-post-thumbnail","6":"product_cat-futter-wassernaepfe-katzennaepfe-traenken-futter-wassernaepfekatzenwelt-hundenaepfe-traenken","8":"first","9":"instock","10":"taxable","11":"shipping-taxable","12":"purchasable","13":"product-type-simple"},"_links":{"self":[{"href":"https:\/\/all-pets.de\/shop\/wp-json\/wp\/v2\/product\/51745","targetHints":{"allow":["GET"]}}],"collection":[{"href":"https:\/\/all-pets.de\/shop\/wp-json\/wp\/v2\/product"}],"about":[{"href":"https:\/\/all-pets.de\/shop\/wp-json\/wp\/v2\/types\/product"}],"replies":[{"embeddable":true,"href":"https:\/\/all-pets.de\/shop\/wp-json\/wp\/v2\/comments?post=51745"}],"wp:featuredmedia":[{"embeddable":true,"href":"https:\/\/all-pets.de\/shop\/wp-json\/wp\/v2\/media\/20731"}],"wp:attachment":[{"href":"https:\/\/all-pets.de\/shop\/wp-json\/wp\/v2\/media?parent=51745"}],"wp:term":[{"taxonomy":"product_cat","embeddable":true,"href":"https:\/\/all-pets.de\/shop\/wp-json\/wp\/v2\/product_cat?post=51745"},{"taxonomy":"product_tag","embeddable":true,"href":"https:\/\/all-pets.de\/shop\/wp-json\/wp\/v2\/product_tag?post=51745"}],"curies":[{"name":"wp","href":"https:\/\/api.w.org\/{rel}","templated":true}]}}