{"id":51756,"date":"2023-12-12T12:40:21","date_gmt":"2023-12-12T11:40:21","guid":{"rendered":"https:\/\/pet-shopping.de\/shop\/produkt\/trixie-naturoel-shampoo-250ml\/"},"modified":"2023-12-12T12:40:22","modified_gmt":"2023-12-12T11:40:22","slug":"trixie-naturoel-shampoo-250ml","status":"publish","type":"product","link":"https:\/\/all-pets.de\/shop\/produkt\/trixie-naturoel-shampoo-250ml\/","title":{"rendered":"Trixie Natur\u00f6l-Shampoo &#8211; 250ml"},"content":{"rendered":"<ul>\n<li> mit hochwertigen \u00d6len aus der Macadamianuss und Sanddornfruchtfleisch als nat\u00fcrliche Alternative zu Nerz\u00f6l <\/li>\n<li> verleiht dem Fell einen seidigen Glanz, F\u00fclle und Geschmeidigkeit <\/li>\n<li> stark r\u00fcckfettend <\/li>\n<li>Inhalt: 250 ml <\/li>\n<\/ul>\n<p class=\"infotext\"> Eine tierfreundliche Alternative zu Nerz\u00f6l ist dieses Natur\u00f6l-Produkt, das bei allen Tests mit sehr guten Ergebnissen in den Bereichen K\u00e4mmbarkeit, Glanz, F\u00fclle und Geschmeidigkeit \u00fcberzeugen konnte.Erzielt wird die besondere Pflegewirkung durch den hohen Anteil an Macadamianuss\u00f6l und Sanddornfruchtfleisch\u00f6l. <\/p>\n","protected":false},"excerpt":{"rendered":"<p>mit hochwertigen \u00d6len aus der Macadamianuss und Sanddornfruchtfleisch als nat\u00fcrliche Alternative zu Nerz\u00f6l verleiht dem Fell einen seidigen Glanz, F\u00fclle und Geschmeidigkeit stark r\u00fcckfettend Inhalt: 250 ml Eine tierfreundliche Alternative zu Nerz\u00f6l ist dieses Natur\u00f6l-Produkt, das bei allen Tests mit sehr guten Ergebnissen in den Bereichen K\u00e4mmbarkeit, Glanz, F\u00fclle und Geschmeidigkeit \u00fcberzeugen konnte.Erzielt wird die [&hellip;]<\/p>\n","protected":false},"featured_media":20826,"comment_status":"closed","ping_status":"open","template":"","meta":[],"product_cat":[14071],"product_tag":[],"class_list":{"0":"post-51756","1":"product","2":"type-product","3":"status-publish","4":"has-post-thumbnail","6":"product_cat-shampoos","8":"first","9":"instock","10":"taxable","11":"shipping-taxable","12":"purchasable","13":"product-type-simple"},"_links":{"self":[{"href":"https:\/\/all-pets.de\/shop\/wp-json\/wp\/v2\/product\/51756","targetHints":{"allow":["GET"]}}],"collection":[{"href":"https:\/\/all-pets.de\/shop\/wp-json\/wp\/v2\/product"}],"about":[{"href":"https:\/\/all-pets.de\/shop\/wp-json\/wp\/v2\/types\/product"}],"replies":[{"embeddable":true,"href":"https:\/\/all-pets.de\/shop\/wp-json\/wp\/v2\/comments?post=51756"}],"wp:featuredmedia":[{"embeddable":true,"href":"https:\/\/all-pets.de\/shop\/wp-json\/wp\/v2\/media\/20826"}],"wp:attachment":[{"href":"https:\/\/all-pets.de\/shop\/wp-json\/wp\/v2\/media?parent=51756"}],"wp:term":[{"taxonomy":"product_cat","embeddable":true,"href":"https:\/\/all-pets.de\/shop\/wp-json\/wp\/v2\/product_cat?post=51756"},{"taxonomy":"product_tag","embeddable":true,"href":"https:\/\/all-pets.de\/shop\/wp-json\/wp\/v2\/product_tag?post=51756"}],"curies":[{"name":"wp","href":"https:\/\/api.w.org\/{rel}","templated":true}]}}