{"id":51785,"date":"2023-12-12T12:40:27","date_gmt":"2023-12-12T11:40:27","guid":{"rendered":"https:\/\/pet-shopping.de\/shop\/produkt\/trixie-vogelnapf-zum-einhaengen-200-ml\/"},"modified":"2023-12-12T12:40:28","modified_gmt":"2023-12-12T11:40:28","slug":"trixie-vogelnapf-zum-einhaengen-200-ml","status":"publish","type":"product","link":"https:\/\/all-pets.de\/shop\/produkt\/trixie-vogelnapf-zum-einhaengen-200-ml\/","title":{"rendered":"Trixie Vogelnapf zum Einh\u00e4ngen &#8211; 200 ml"},"content":{"rendered":"<ul>\n<li>zum Einh\u00e4ngen<\/li>\n<li>mit extra hoher R\u00fcckwand und Landeplatz<\/li>\n<li>Kunststoff<\/li>\n<li>Fassungsverm\u00f6gen: ca. 200 ml<\/li>\n<li>Au\u00dfenma\u00dfe: ca. 11,7 x 8 x 8 cm (BxHxT)<\/li>\n<\/ul>\n<p>Diverse Farben. Eine Farbwahl ist leider nicht m\u00f6glich, da die Farbe je nach Lagerbestand gew\u00e4hlt wird.<\/p>\n","protected":false},"excerpt":{"rendered":"<p>zum Einh\u00e4ngen mit extra hoher R\u00fcckwand und Landeplatz Kunststoff Fassungsverm\u00f6gen: ca. 200 ml Au\u00dfenma\u00dfe: ca. 11,7 x 8 x 8 cm (BxHxT) Diverse Farben. Eine Farbwahl ist leider nicht m\u00f6glich, da die Farbe je nach Lagerbestand gew\u00e4hlt wird.<\/p>\n","protected":false},"featured_media":21032,"comment_status":"closed","ping_status":"open","template":"","meta":[],"product_cat":[13712],"product_tag":[],"class_list":{"0":"post-51785","1":"product","2":"type-product","3":"status-publish","4":"has-post-thumbnail","6":"product_cat-vogelnaepfe-vogeltraenken","8":"first","9":"instock","10":"taxable","11":"shipping-taxable","12":"purchasable","13":"product-type-simple"},"_links":{"self":[{"href":"https:\/\/all-pets.de\/shop\/wp-json\/wp\/v2\/product\/51785","targetHints":{"allow":["GET"]}}],"collection":[{"href":"https:\/\/all-pets.de\/shop\/wp-json\/wp\/v2\/product"}],"about":[{"href":"https:\/\/all-pets.de\/shop\/wp-json\/wp\/v2\/types\/product"}],"replies":[{"embeddable":true,"href":"https:\/\/all-pets.de\/shop\/wp-json\/wp\/v2\/comments?post=51785"}],"wp:featuredmedia":[{"embeddable":true,"href":"https:\/\/all-pets.de\/shop\/wp-json\/wp\/v2\/media\/21032"}],"wp:attachment":[{"href":"https:\/\/all-pets.de\/shop\/wp-json\/wp\/v2\/media?parent=51785"}],"wp:term":[{"taxonomy":"product_cat","embeddable":true,"href":"https:\/\/all-pets.de\/shop\/wp-json\/wp\/v2\/product_cat?post=51785"},{"taxonomy":"product_tag","embeddable":true,"href":"https:\/\/all-pets.de\/shop\/wp-json\/wp\/v2\/product_tag?post=51785"}],"curies":[{"name":"wp","href":"https:\/\/api.w.org\/{rel}","templated":true}]}}