{"id":51787,"date":"2023-12-12T12:40:27","date_gmt":"2023-12-12T11:40:27","guid":{"rendered":"https:\/\/pet-shopping.de\/shop\/produkt\/trixie-baumwoll-sitzstange-75-cm-30-mm\/"},"modified":"2023-12-12T12:40:28","modified_gmt":"2023-12-12T11:40:28","slug":"trixie-baumwoll-sitzstange-75-cm-30-mm","status":"publish","type":"product","link":"https:\/\/all-pets.de\/shop\/produkt\/trixie-baumwoll-sitzstange-75-cm-30-mm\/","title":{"rendered":"Trixie Baumwoll-Sitzstange &#8211; 75 cm \/ 30 mm"},"content":{"rendered":"<p>Die Tau-Sitzstange besteht aus einem Baumwollgemisch und l\u00e4sst sich durch ihre Flexibilit\u00e4t in jeder beliebigen Position befestigen.<\/p>\n<p>Die Farben k\u00f6nnen von der Abbildung abweichen!<\/p>\n<p>L\u00e4nge: ca. 75 cm<br \/> Durchmesser: ca. 30 mm<\/p>\n","protected":false},"excerpt":{"rendered":"<p>Die Tau-Sitzstange besteht aus einem Baumwollgemisch und l\u00e4sst sich durch ihre Flexibilit\u00e4t in jeder beliebigen Position befestigen. Die Farben k\u00f6nnen von der Abbildung abweichen! L\u00e4nge: ca. 75 cm Durchmesser: ca. 30 mm<\/p>\n","protected":false},"featured_media":21044,"comment_status":"closed","ping_status":"open","template":"","meta":[],"product_cat":[13935],"product_tag":[],"class_list":{"0":"post-51787","1":"product","2":"type-product","3":"status-publish","4":"has-post-thumbnail","6":"product_cat-sitzstangen-ausstattung-zubehoer-vogelwelt","8":"first","9":"instock","10":"taxable","11":"shipping-taxable","12":"purchasable","13":"product-type-simple"},"_links":{"self":[{"href":"https:\/\/all-pets.de\/shop\/wp-json\/wp\/v2\/product\/51787","targetHints":{"allow":["GET"]}}],"collection":[{"href":"https:\/\/all-pets.de\/shop\/wp-json\/wp\/v2\/product"}],"about":[{"href":"https:\/\/all-pets.de\/shop\/wp-json\/wp\/v2\/types\/product"}],"replies":[{"embeddable":true,"href":"https:\/\/all-pets.de\/shop\/wp-json\/wp\/v2\/comments?post=51787"}],"wp:featuredmedia":[{"embeddable":true,"href":"https:\/\/all-pets.de\/shop\/wp-json\/wp\/v2\/media\/21044"}],"wp:attachment":[{"href":"https:\/\/all-pets.de\/shop\/wp-json\/wp\/v2\/media?parent=51787"}],"wp:term":[{"taxonomy":"product_cat","embeddable":true,"href":"https:\/\/all-pets.de\/shop\/wp-json\/wp\/v2\/product_cat?post=51787"},{"taxonomy":"product_tag","embeddable":true,"href":"https:\/\/all-pets.de\/shop\/wp-json\/wp\/v2\/product_tag?post=51787"}],"curies":[{"name":"wp","href":"https:\/\/api.w.org\/{rel}","templated":true}]}}