{"id":51790,"date":"2023-12-12T12:40:27","date_gmt":"2023-12-12T11:40:27","guid":{"rendered":"https:\/\/pet-shopping.de\/shop\/produkt\/trixie-klettergeruest-aus-holz-fuer-voegel-27-cm\/"},"modified":"2023-12-12T12:40:28","modified_gmt":"2023-12-12T11:40:28","slug":"trixie-klettergeruest-aus-holz-fuer-voegel-27-cm","status":"publish","type":"product","link":"https:\/\/all-pets.de\/shop\/produkt\/trixie-klettergeruest-aus-holz-fuer-voegel-27-cm\/","title":{"rendered":"Trixie Kletterger\u00fcst aus Holz f\u00fcr V\u00f6gel &#8211; 27 cm"},"content":{"rendered":"<p>Kletterger\u00fcst f\u00fcr V\u00f6gel aus Echtholz. Wird mithilfe des vormontierten Hakens einfach ins K\u00e4figgitter eingehangen.<\/p>\n<p>Einige der Sitzstangen m\u00fcssen selbst noch eingesteckt und mit beiliegendem Leim verklebt werden. <\/p>\n<p>Diese Variante eignet sich z.B. f\u00fcr Wellensittiche, Kanarien und \u00e4hnlich gro\u00dfe Vogelarten.<\/p>\n<p>L\u00e4nge: ca. 27 cm<br \/> Durchmesser: ca. 13 cm<\/p>\n","protected":false},"excerpt":{"rendered":"<p>Kletterger\u00fcst f\u00fcr V\u00f6gel aus Echtholz. Wird mithilfe des vormontierten Hakens einfach ins K\u00e4figgitter eingehangen. Einige der Sitzstangen m\u00fcssen selbst noch eingesteckt und mit beiliegendem Leim verklebt werden. Diese Variante eignet sich z.B. f\u00fcr Wellensittiche, Kanarien und \u00e4hnlich gro\u00dfe Vogelarten. L\u00e4nge: ca. 27 cm Durchmesser: ca. 13 cm<\/p>\n","protected":false},"featured_media":21052,"comment_status":"closed","ping_status":"open","template":"","meta":[],"product_cat":[15565],"product_tag":[],"class_list":{"0":"post-51790","1":"product","2":"type-product","3":"status-publish","4":"has-post-thumbnail","6":"product_cat-vogelleitern-ausstattung-zubehoer-sitzstangenvogelwelt-ausstattung-zubehoer-spielzeugvogelwelt","8":"first","9":"instock","10":"taxable","11":"shipping-taxable","12":"purchasable","13":"product-type-simple"},"_links":{"self":[{"href":"https:\/\/all-pets.de\/shop\/wp-json\/wp\/v2\/product\/51790","targetHints":{"allow":["GET"]}}],"collection":[{"href":"https:\/\/all-pets.de\/shop\/wp-json\/wp\/v2\/product"}],"about":[{"href":"https:\/\/all-pets.de\/shop\/wp-json\/wp\/v2\/types\/product"}],"replies":[{"embeddable":true,"href":"https:\/\/all-pets.de\/shop\/wp-json\/wp\/v2\/comments?post=51790"}],"wp:featuredmedia":[{"embeddable":true,"href":"https:\/\/all-pets.de\/shop\/wp-json\/wp\/v2\/media\/21052"}],"wp:attachment":[{"href":"https:\/\/all-pets.de\/shop\/wp-json\/wp\/v2\/media?parent=51790"}],"wp:term":[{"taxonomy":"product_cat","embeddable":true,"href":"https:\/\/all-pets.de\/shop\/wp-json\/wp\/v2\/product_cat?post=51790"},{"taxonomy":"product_tag","embeddable":true,"href":"https:\/\/all-pets.de\/shop\/wp-json\/wp\/v2\/product_tag?post=51790"}],"curies":[{"name":"wp","href":"https:\/\/api.w.org\/{rel}","templated":true}]}}