{"id":51800,"date":"2023-12-12T12:40:29","date_gmt":"2023-12-12T11:40:29","guid":{"rendered":"https:\/\/pet-shopping.de\/shop\/produkt\/floss-boss-dental-baumwollseil-mit-5-knoten-185-cm\/"},"modified":"2023-12-12T12:40:31","modified_gmt":"2023-12-12T11:40:31","slug":"floss-boss-dental-baumwollseil-mit-5-knoten-185-cm","status":"publish","type":"product","link":"https:\/\/all-pets.de\/shop\/produkt\/floss-boss-dental-baumwollseil-mit-5-knoten-185-cm\/","title":{"rendered":"Floss Boss Dental Baumwollseil mit 5 Knoten &#8211; 185 cm"},"content":{"rendered":"<p><span style=\"font-size: 10pt \">Tolles Zahnseil aus 100% Baumwolle. Sicher, nat\u00fcrlich, langlebig und perfekt f\u00fcr Apportier- und Zugspiele. Die 5 Knoten machen dieses Spielzeug besonders attraktiv.\u00a0<br \/>Au\u00dferdem hilft das Zahnseil, die Z\u00e4hne des Hundes beim Spielen zu reinigen. Dieses Floss Boss Zahnseil ist dichter geflochten und viel st\u00e4rker als normale Zahnseide. Da nur ganze F\u00e4den verwendet werden, h\u00e4lt das Seil viel l\u00e4nger.\u00a0\u00a0<\/span><\/p>\n<ul>\n<li><span style=\"font-size: 10pt \">100% Baumwolle<\/span><\/li>\n<li><span style=\"font-size: 10pt \">Sicher, recycelt und langlebig<\/span><\/li>\n<li><span style=\"font-size: 10pt \">Hilft, die Z\u00e4hne des Hundes zu reinigen<\/span><\/li>\n<\/ul>\n<p><strong><span style=\"font-size: 10pt \">Artikelnr.\u00a0 \u00a0 \u00a0 L\u00e4nge\u00a0 \u00a0 \u00a0 Gewicht\u00a0 \u00a0 \u00a0Diameter\u00a0 \u00a0 Anzahl der Knoten<\/span><\/strong><span style=\"font-size: 10pt \"><br \/><\/span><span style=\"font-size: 10pt \">FLOS0016\u00a0 \u00a0 \u00a0 \u00a0185 cm\u00a0 \u00a0 \u00a0 \u00a0 \u00a0 \u00a0 1 kg\u00a0 \u00a0 \u00a0 \u00a0 \u00a0 \u00a0 \u00a0 \u00f8 3 cm\u00a0 \u00a0 \u00a0 \u00a0 \u00a0 \u00a05<\/span><\/p><\/p>\n","protected":false},"excerpt":{"rendered":"<p>Tolles Zahnseil aus 100% Baumwolle. Sicher, nat\u00fcrlich, langlebig und perfekt f\u00fcr Apportier- und Zugspiele. Die 5 Knoten machen dieses Spielzeug besonders attraktiv.\u00a0Au\u00dferdem hilft das Zahnseil, die Z\u00e4hne des Hundes beim Spielen zu reinigen. Dieses Floss Boss Zahnseil ist dichter geflochten und viel st\u00e4rker als normale Zahnseide. Da nur ganze F\u00e4den verwendet werden, h\u00e4lt das Seil [&hellip;]<\/p>\n","protected":false},"featured_media":51801,"comment_status":"closed","ping_status":"open","template":"","meta":[],"product_cat":[13694],"product_tag":[],"class_list":{"0":"post-51800","1":"product","2":"type-product","3":"status-publish","4":"has-post-thumbnail","6":"product_cat-zahnpflegespielzeug","8":"first","9":"instock","10":"taxable","11":"shipping-taxable","12":"purchasable","13":"product-type-simple"},"_links":{"self":[{"href":"https:\/\/all-pets.de\/shop\/wp-json\/wp\/v2\/product\/51800","targetHints":{"allow":["GET"]}}],"collection":[{"href":"https:\/\/all-pets.de\/shop\/wp-json\/wp\/v2\/product"}],"about":[{"href":"https:\/\/all-pets.de\/shop\/wp-json\/wp\/v2\/types\/product"}],"replies":[{"embeddable":true,"href":"https:\/\/all-pets.de\/shop\/wp-json\/wp\/v2\/comments?post=51800"}],"wp:featuredmedia":[{"embeddable":true,"href":"https:\/\/all-pets.de\/shop\/wp-json\/wp\/v2\/media\/51801"}],"wp:attachment":[{"href":"https:\/\/all-pets.de\/shop\/wp-json\/wp\/v2\/media?parent=51800"}],"wp:term":[{"taxonomy":"product_cat","embeddable":true,"href":"https:\/\/all-pets.de\/shop\/wp-json\/wp\/v2\/product_cat?post=51800"},{"taxonomy":"product_tag","embeddable":true,"href":"https:\/\/all-pets.de\/shop\/wp-json\/wp\/v2\/product_tag?post=51800"}],"curies":[{"name":"wp","href":"https:\/\/api.w.org\/{rel}","templated":true}]}}