{"id":51810,"date":"2023-12-12T12:40:35","date_gmt":"2023-12-12T11:40:35","guid":{"rendered":"https:\/\/pet-shopping.de\/shop\/produkt\/trixie-reisedecke-leni-grau-80-x-60-cm\/"},"modified":"2023-12-12T12:40:35","modified_gmt":"2023-12-12T11:40:35","slug":"trixie-reisedecke-leni-grau-80-x-60-cm","status":"publish","type":"product","link":"https:\/\/all-pets.de\/shop\/produkt\/trixie-reisedecke-leni-grau-80-x-60-cm\/","title":{"rendered":"Trixie Reisedecke Leni &#8211; grau &#8211; 80 \u00d7 60 cm"},"content":{"rendered":"<ul>\n<li>Web-Velours<\/li>\n<li>Polyester-Bezug, gesteppt<\/li>\n<li>Polyestervlies-F\u00fcllung, 2 cm<\/li>\n<li>platzsparend zusammenzurollen und durch Klettverschl\u00fcsse zu verschlie\u00dfen<\/li>\n<li>rutschfester Boden<\/li>\n<li>waschbar bei 40\u00b0C<\/li>\n<li>Farbe: grau<\/li>\n<li>Ma\u00dfe: ca. 80 x 60 cm<\/li>\n<\/ul>\n","protected":false},"excerpt":{"rendered":"<p>Web-Velours Polyester-Bezug, gesteppt Polyestervlies-F\u00fcllung, 2 cm platzsparend zusammenzurollen und durch Klettverschl\u00fcsse zu verschlie\u00dfen rutschfester Boden waschbar bei 40\u00b0C Farbe: grau Ma\u00dfe: ca. 80 x 60 cm<\/p>\n","protected":false},"featured_media":51811,"comment_status":"closed","ping_status":"open","template":"","meta":[],"product_cat":[14034],"product_tag":[],"class_list":{"0":"post-51810","1":"product","2":"type-product","3":"status-publish","4":"has-post-thumbnail","6":"product_cat-liegedecken-betten-koerbe","8":"first","9":"instock","10":"taxable","11":"shipping-taxable","12":"purchasable","13":"product-type-simple"},"_links":{"self":[{"href":"https:\/\/all-pets.de\/shop\/wp-json\/wp\/v2\/product\/51810","targetHints":{"allow":["GET"]}}],"collection":[{"href":"https:\/\/all-pets.de\/shop\/wp-json\/wp\/v2\/product"}],"about":[{"href":"https:\/\/all-pets.de\/shop\/wp-json\/wp\/v2\/types\/product"}],"replies":[{"embeddable":true,"href":"https:\/\/all-pets.de\/shop\/wp-json\/wp\/v2\/comments?post=51810"}],"wp:featuredmedia":[{"embeddable":true,"href":"https:\/\/all-pets.de\/shop\/wp-json\/wp\/v2\/media\/51811"}],"wp:attachment":[{"href":"https:\/\/all-pets.de\/shop\/wp-json\/wp\/v2\/media?parent=51810"}],"wp:term":[{"taxonomy":"product_cat","embeddable":true,"href":"https:\/\/all-pets.de\/shop\/wp-json\/wp\/v2\/product_cat?post=51810"},{"taxonomy":"product_tag","embeddable":true,"href":"https:\/\/all-pets.de\/shop\/wp-json\/wp\/v2\/product_tag?post=51810"}],"curies":[{"name":"wp","href":"https:\/\/api.w.org\/{rel}","templated":true}]}}