{"id":51823,"date":"2023-12-12T12:40:35","date_gmt":"2023-12-12T11:40:35","guid":{"rendered":"https:\/\/pet-shopping.de\/shop\/produkt\/karlie-flamingo-geschirr-mellow-jeans-blau-38cm\/"},"modified":"2023-12-12T12:40:37","modified_gmt":"2023-12-12T11:40:37","slug":"karlie-flamingo-geschirr-mellow-jeans-blau-38cm","status":"publish","type":"product","link":"https:\/\/all-pets.de\/shop\/produkt\/karlie-flamingo-geschirr-mellow-jeans-blau-38cm\/","title":{"rendered":"Karlie Flamingo Geschirr Mellow Jeans &#8211; blau \/ 38cm"},"content":{"rendered":"<p>Unser pl\u00fcschigstes Geschirr, speziell f\u00fcr Welpen und junge Hunde.<br \/>Unsere Mellow Geschirre sind an den entscheidenden Stellen mit weichem Pl\u00fcsch \u00fcberzogen, damit keine Druckstellen entstehen und eine schmerzfreie Gew\u00f6hnung an Geschirre erm\u00f6glicht wird. Durch den Steckverschluss kommt ebenso kein Druck auf den K\u00f6per.<br \/>Die Mellow Jeans Geschirre sind mit bedrucktem Jeansstoff verziert.<\/p>\n<p>&#8211; Brustgeschirr f\u00fcr kleine Hunde<br \/>&#8211; Serie: Mellow Jeans<br \/>&#8211; Farbe: blau<br \/>&#8211; Steckverschluss<br \/>&#8211; Brustumfang: ca. 38 cm<\/p>\n","protected":false},"excerpt":{"rendered":"<p>Unser pl\u00fcschigstes Geschirr, speziell f\u00fcr Welpen und junge Hunde.Unsere Mellow Geschirre sind an den entscheidenden Stellen mit weichem Pl\u00fcsch \u00fcberzogen, damit keine Druckstellen entstehen und eine schmerzfreie Gew\u00f6hnung an Geschirre erm\u00f6glicht wird. Durch den Steckverschluss kommt ebenso kein Druck auf den K\u00f6per.Die Mellow Jeans Geschirre sind mit bedrucktem Jeansstoff verziert. &#8211; Brustgeschirr f\u00fcr kleine Hunde&#8211; [&hellip;]<\/p>\n","protected":false},"featured_media":51822,"comment_status":"closed","ping_status":"open","template":"","meta":[],"product_cat":[13812],"product_tag":[],"class_list":{"0":"post-51823","1":"product","2":"type-product","3":"status-publish","4":"has-post-thumbnail","6":"product_cat-hundegeschirre","8":"first","9":"instock","10":"taxable","11":"shipping-taxable","12":"purchasable","13":"product-type-simple"},"_links":{"self":[{"href":"https:\/\/all-pets.de\/shop\/wp-json\/wp\/v2\/product\/51823","targetHints":{"allow":["GET"]}}],"collection":[{"href":"https:\/\/all-pets.de\/shop\/wp-json\/wp\/v2\/product"}],"about":[{"href":"https:\/\/all-pets.de\/shop\/wp-json\/wp\/v2\/types\/product"}],"replies":[{"embeddable":true,"href":"https:\/\/all-pets.de\/shop\/wp-json\/wp\/v2\/comments?post=51823"}],"wp:featuredmedia":[{"embeddable":true,"href":"https:\/\/all-pets.de\/shop\/wp-json\/wp\/v2\/media\/51822"}],"wp:attachment":[{"href":"https:\/\/all-pets.de\/shop\/wp-json\/wp\/v2\/media?parent=51823"}],"wp:term":[{"taxonomy":"product_cat","embeddable":true,"href":"https:\/\/all-pets.de\/shop\/wp-json\/wp\/v2\/product_cat?post=51823"},{"taxonomy":"product_tag","embeddable":true,"href":"https:\/\/all-pets.de\/shop\/wp-json\/wp\/v2\/product_tag?post=51823"}],"curies":[{"name":"wp","href":"https:\/\/api.w.org\/{rel}","templated":true}]}}