{"id":51827,"date":"2023-12-12T12:40:38","date_gmt":"2023-12-12T11:40:38","guid":{"rendered":"https:\/\/pet-shopping.de\/shop\/produkt\/hundebett-heaven-60cm\/"},"modified":"2023-12-12T12:40:39","modified_gmt":"2023-12-12T11:40:39","slug":"hundebett-heaven-60cm","status":"publish","type":"product","link":"https:\/\/all-pets.de\/shop\/produkt\/hundebett-heaven-60cm\/","title":{"rendered":"Hundebett Heaven &#8211; 60cm"},"content":{"rendered":"<div style=\"text-indent:0.0px \">Das Hundebett York ist ein wundervoll weicher R\u00fcckzugsort f\u00fcr unsere Vierbeiner. Die Unterseite des Hundebettes ist mit einer genoppten Oberfl\u00e4che versehen und hat rutschhemmenden Eigenschaften. <\/div>\n<div style=\"text-indent:0.0px \">Das auffallend weiche Fellimitat runden das Gesamtbild stimmungsvoll ab.<\/div>\n<div style=\"text-indent:0.0px \">\u00a0<\/div>\n<div style=\"text-indent:0.0px \">\n<ul>\n<li>Hochwertiges Fellimitat<\/li>\n<li>Wunderbar weich<\/li>\n<li>Mit rutschhemmender Unterseite<\/li>\n<\/ul>\n<\/div>\n","protected":false},"excerpt":{"rendered":"<p>Das Hundebett York ist ein wundervoll weicher R\u00fcckzugsort f\u00fcr unsere Vierbeiner. Die Unterseite des Hundebettes ist mit einer genoppten Oberfl\u00e4che versehen und hat rutschhemmenden Eigenschaften. Das auffallend weiche Fellimitat runden das Gesamtbild stimmungsvoll ab. \u00a0 Hochwertiges Fellimitat Wunderbar weich Mit rutschhemmender Unterseite<\/p>\n","protected":false},"featured_media":51825,"comment_status":"closed","ping_status":"open","template":"","meta":[],"product_cat":[15113],"product_tag":[],"class_list":{"0":"post-51827","1":"product","2":"type-product","3":"status-publish","4":"has-post-thumbnail","6":"product_cat-hundebetten-hundekissen-betten-koerbe","8":"first","9":"instock","10":"taxable","11":"shipping-taxable","12":"purchasable","13":"product-type-simple"},"_links":{"self":[{"href":"https:\/\/all-pets.de\/shop\/wp-json\/wp\/v2\/product\/51827","targetHints":{"allow":["GET"]}}],"collection":[{"href":"https:\/\/all-pets.de\/shop\/wp-json\/wp\/v2\/product"}],"about":[{"href":"https:\/\/all-pets.de\/shop\/wp-json\/wp\/v2\/types\/product"}],"replies":[{"embeddable":true,"href":"https:\/\/all-pets.de\/shop\/wp-json\/wp\/v2\/comments?post=51827"}],"wp:featuredmedia":[{"embeddable":true,"href":"https:\/\/all-pets.de\/shop\/wp-json\/wp\/v2\/media\/51825"}],"wp:attachment":[{"href":"https:\/\/all-pets.de\/shop\/wp-json\/wp\/v2\/media?parent=51827"}],"wp:term":[{"taxonomy":"product_cat","embeddable":true,"href":"https:\/\/all-pets.de\/shop\/wp-json\/wp\/v2\/product_cat?post=51827"},{"taxonomy":"product_tag","embeddable":true,"href":"https:\/\/all-pets.de\/shop\/wp-json\/wp\/v2\/product_tag?post=51827"}],"curies":[{"name":"wp","href":"https:\/\/api.w.org\/{rel}","templated":true}]}}