{"id":51828,"date":"2023-12-12T12:40:38","date_gmt":"2023-12-12T11:40:38","guid":{"rendered":"https:\/\/pet-shopping.de\/shop\/produkt\/trixie-liegematte-fundogs-90-x-68-cm\/"},"modified":"2023-12-12T12:40:39","modified_gmt":"2023-12-12T11:40:39","slug":"trixie-liegematte-fundogs-90-x-68-cm","status":"publish","type":"product","link":"https:\/\/all-pets.de\/shop\/produkt\/trixie-liegematte-fundogs-90-x-68-cm\/","title":{"rendered":"Trixie Liegematte FunDogs &#8211; 90 x 68 cm"},"content":{"rendered":"<p>Die Liegematte FunDogs bietet Ihrem Vierbeiner Schutz vor Bodenk\u00e4lte. Die Liegematte ist mit Kurzhaar-Pl\u00fcsch bezogen und beinhaltet eine d\u00fcnne Schaumstoff-F\u00fcllung. F\u00fcr eine gute Bodenhaftung besitzt sie einen rutschfesten Gummiboden.<\/p>\n<p>Die Matte kann per Handw\u00e4sche gereinigt werden.<\/p>\n<p>Farbe: Braun mit Hundemotiven<br \/> Gr\u00f6\u00dfe: 90 x 68 cm <\/p>\n","protected":false},"excerpt":{"rendered":"<p>Die Liegematte FunDogs bietet Ihrem Vierbeiner Schutz vor Bodenk\u00e4lte. Die Liegematte ist mit Kurzhaar-Pl\u00fcsch bezogen und beinhaltet eine d\u00fcnne Schaumstoff-F\u00fcllung. F\u00fcr eine gute Bodenhaftung besitzt sie einen rutschfesten Gummiboden. Die Matte kann per Handw\u00e4sche gereinigt werden. Farbe: Braun mit Hundemotiven Gr\u00f6\u00dfe: 90 x 68 cm<\/p>\n","protected":false},"featured_media":21383,"comment_status":"closed","ping_status":"open","template":"","meta":[],"product_cat":[14034],"product_tag":[],"class_list":{"0":"post-51828","1":"product","2":"type-product","3":"status-publish","4":"has-post-thumbnail","6":"product_cat-liegedecken-betten-koerbe","8":"first","9":"instock","10":"taxable","11":"shipping-taxable","12":"purchasable","13":"product-type-simple"},"_links":{"self":[{"href":"https:\/\/all-pets.de\/shop\/wp-json\/wp\/v2\/product\/51828","targetHints":{"allow":["GET"]}}],"collection":[{"href":"https:\/\/all-pets.de\/shop\/wp-json\/wp\/v2\/product"}],"about":[{"href":"https:\/\/all-pets.de\/shop\/wp-json\/wp\/v2\/types\/product"}],"replies":[{"embeddable":true,"href":"https:\/\/all-pets.de\/shop\/wp-json\/wp\/v2\/comments?post=51828"}],"wp:featuredmedia":[{"embeddable":true,"href":"https:\/\/all-pets.de\/shop\/wp-json\/wp\/v2\/media\/21383"}],"wp:attachment":[{"href":"https:\/\/all-pets.de\/shop\/wp-json\/wp\/v2\/media?parent=51828"}],"wp:term":[{"taxonomy":"product_cat","embeddable":true,"href":"https:\/\/all-pets.de\/shop\/wp-json\/wp\/v2\/product_cat?post=51828"},{"taxonomy":"product_tag","embeddable":true,"href":"https:\/\/all-pets.de\/shop\/wp-json\/wp\/v2\/product_tag?post=51828"}],"curies":[{"name":"wp","href":"https:\/\/api.w.org\/{rel}","templated":true}]}}