{"id":51837,"date":"2023-12-12T12:40:40","date_gmt":"2023-12-12T11:40:40","guid":{"rendered":"https:\/\/pet-shopping.de\/shop\/produkt\/trixie-katzentoilette-classic-mit-rand-petrol-weiss\/"},"modified":"2023-12-12T12:40:40","modified_gmt":"2023-12-12T11:40:40","slug":"trixie-katzentoilette-classic-mit-rand-petrol-weiss","status":"publish","type":"product","link":"https:\/\/all-pets.de\/shop\/produkt\/trixie-katzentoilette-classic-mit-rand-petrol-weiss\/","title":{"rendered":"Trixie Katzentoilette Classic mit Rand &#8211; petrol\/wei\u00df"},"content":{"rendered":"<ul>\n<li>Katzentoilette aus Kunststoff<\/li>\n<li>Ma\u00dfe: ca. 37 \u00d7 15 \u00d7 47 cm<\/li>\n<li>Farbe: petrol\/wei\u00df<\/li>\n<\/ul>\n","protected":false},"excerpt":{"rendered":"<p>Katzentoilette aus Kunststoff Ma\u00dfe: ca. 37 \u00d7 15 \u00d7 47 cm Farbe: petrol\/wei\u00df<\/p>\n","protected":false},"featured_media":51838,"comment_status":"closed","ping_status":"open","template":"","meta":[],"product_cat":[13941],"product_tag":[],"class_list":{"0":"post-51837","1":"product","2":"type-product","3":"status-publish","4":"has-post-thumbnail","6":"product_cat-katzentoiletten","8":"first","9":"instock","10":"taxable","11":"shipping-taxable","12":"purchasable","13":"product-type-simple"},"_links":{"self":[{"href":"https:\/\/all-pets.de\/shop\/wp-json\/wp\/v2\/product\/51837","targetHints":{"allow":["GET"]}}],"collection":[{"href":"https:\/\/all-pets.de\/shop\/wp-json\/wp\/v2\/product"}],"about":[{"href":"https:\/\/all-pets.de\/shop\/wp-json\/wp\/v2\/types\/product"}],"replies":[{"embeddable":true,"href":"https:\/\/all-pets.de\/shop\/wp-json\/wp\/v2\/comments?post=51837"}],"wp:featuredmedia":[{"embeddable":true,"href":"https:\/\/all-pets.de\/shop\/wp-json\/wp\/v2\/media\/51838"}],"wp:attachment":[{"href":"https:\/\/all-pets.de\/shop\/wp-json\/wp\/v2\/media?parent=51837"}],"wp:term":[{"taxonomy":"product_cat","embeddable":true,"href":"https:\/\/all-pets.de\/shop\/wp-json\/wp\/v2\/product_cat?post=51837"},{"taxonomy":"product_tag","embeddable":true,"href":"https:\/\/all-pets.de\/shop\/wp-json\/wp\/v2\/product_tag?post=51837"}],"curies":[{"name":"wp","href":"https:\/\/api.w.org\/{rel}","templated":true}]}}