{"id":51846,"date":"2023-12-12T12:40:40","date_gmt":"2023-12-12T11:40:40","guid":{"rendered":"https:\/\/pet-shopping.de\/shop\/produkt\/karlie-auto-sicherheitsgeschirr-s-m\/"},"modified":"2023-12-12T12:40:41","modified_gmt":"2023-12-12T11:40:41","slug":"karlie-auto-sicherheitsgeschirr-s-m","status":"publish","type":"product","link":"https:\/\/all-pets.de\/shop\/produkt\/karlie-auto-sicherheitsgeschirr-s-m\/","title":{"rendered":"Karlie Auto-Sicherheitsgeschirr &#8211; S\/M"},"content":{"rendered":"<p>Sicherheitsgurt speziell f\u00fcr Hunde, auch als Geschirr einsetzbar. Die einfachste M\u00f6glichkeit Mensch und Tier zu sch\u00fctzen. Mit diesem Hunde-Sicherheitsgurt ist Ihr Tier w\u00e4hren der Autofahrt optimal gesichert. Verhindert ein Herausspringen bei offener T\u00fcr oder Fenster, der Hund sitzt fest angeschnallt an seinem Platz. Mit Safety-Click Verschl\u00fcssen. Das Geschirr ist verstellbar und aus stabilem hautfreundlichem Nylonmaterial. Der Brustgurt ist weich gepolstert. Das Geschirr wird am vorhandenen Sicherheitsgurt befestigt und eignet sich so f\u00fcr alle g\u00e4ngigen Fahrzeugtypen &#8211; ein zus\u00e4tzlicher Adapter ist nicht notwendig.<\/p>\n<p>Farbe: Schwarz<\/p>\n<p>Gr\u00f6\u00dfe S\/M: Brustumfang ca. 38 &#8211; 60 cm f\u00fcr mittelgro\u00dfe Hunde<br \/> Breite: ca. 25 mm<\/p>\n","protected":false},"excerpt":{"rendered":"<p>Sicherheitsgurt speziell f\u00fcr Hunde, auch als Geschirr einsetzbar. Die einfachste M\u00f6glichkeit Mensch und Tier zu sch\u00fctzen. Mit diesem Hunde-Sicherheitsgurt ist Ihr Tier w\u00e4hren der Autofahrt optimal gesichert. Verhindert ein Herausspringen bei offener T\u00fcr oder Fenster, der Hund sitzt fest angeschnallt an seinem Platz. Mit Safety-Click Verschl\u00fcssen. Das Geschirr ist verstellbar und aus stabilem hautfreundlichem Nylonmaterial. [&hellip;]<\/p>\n","protected":false},"featured_media":21483,"comment_status":"closed","ping_status":"open","template":"","meta":[],"product_cat":[15548],"product_tag":[],"class_list":{"0":"post-51846","1":"product","2":"type-product","3":"status-publish","4":"has-post-thumbnail","6":"product_cat-hundegeschirre-halsbaender-leinen-autozubehoerhundewelt","8":"first","9":"instock","10":"taxable","11":"shipping-taxable","12":"purchasable","13":"product-type-simple"},"_links":{"self":[{"href":"https:\/\/all-pets.de\/shop\/wp-json\/wp\/v2\/product\/51846","targetHints":{"allow":["GET"]}}],"collection":[{"href":"https:\/\/all-pets.de\/shop\/wp-json\/wp\/v2\/product"}],"about":[{"href":"https:\/\/all-pets.de\/shop\/wp-json\/wp\/v2\/types\/product"}],"replies":[{"embeddable":true,"href":"https:\/\/all-pets.de\/shop\/wp-json\/wp\/v2\/comments?post=51846"}],"wp:featuredmedia":[{"embeddable":true,"href":"https:\/\/all-pets.de\/shop\/wp-json\/wp\/v2\/media\/21483"}],"wp:attachment":[{"href":"https:\/\/all-pets.de\/shop\/wp-json\/wp\/v2\/media?parent=51846"}],"wp:term":[{"taxonomy":"product_cat","embeddable":true,"href":"https:\/\/all-pets.de\/shop\/wp-json\/wp\/v2\/product_cat?post=51846"},{"taxonomy":"product_tag","embeddable":true,"href":"https:\/\/all-pets.de\/shop\/wp-json\/wp\/v2\/product_tag?post=51846"}],"curies":[{"name":"wp","href":"https:\/\/api.w.org\/{rel}","templated":true}]}}