{"id":51849,"date":"2023-12-12T12:40:43","date_gmt":"2023-12-12T11:40:43","guid":{"rendered":"https:\/\/pet-shopping.de\/shop\/produkt\/karlie-flamingo-waschhandschuh-mit-lotion-fuer-hunde-fuer-kleine-hunde\/"},"modified":"2023-12-12T12:40:44","modified_gmt":"2023-12-12T11:40:44","slug":"karlie-flamingo-waschhandschuh-mit-lotion-fuer-hunde-fuer-kleine-hunde","status":"publish","type":"product","link":"https:\/\/all-pets.de\/shop\/produkt\/karlie-flamingo-waschhandschuh-mit-lotion-fuer-hunde-fuer-kleine-hunde\/","title":{"rendered":"Karlie Flamingo Waschhandschuh mit Lotion f\u00fcr Hunde &#8211; F\u00fcr kleine Hunde"},"content":{"rendered":"<p>Dieser Reinigungsfausthandschuh ist mit Waschlotion durchtr\u00e4nkt. Dieser gew\u00e4hrleistet eine milde Reinigung f\u00fcr den Pelz Ihres Hundes und neutralisiert schlechte Ger\u00fcche, ohne dass daf\u00fcr Wasser ben\u00f6tigt wird. <\/p>\n<p>Inhalt: 1 St\u00fcck<br \/> F\u00fcr kleine Hunde.<\/p>\n","protected":false},"excerpt":{"rendered":"<p>Dieser Reinigungsfausthandschuh ist mit Waschlotion durchtr\u00e4nkt. Dieser gew\u00e4hrleistet eine milde Reinigung f\u00fcr den Pelz Ihres Hundes und neutralisiert schlechte Ger\u00fcche, ohne dass daf\u00fcr Wasser ben\u00f6tigt wird. Inhalt: 1 St\u00fcck F\u00fcr kleine Hunde.<\/p>\n","protected":false},"featured_media":21505,"comment_status":"closed","ping_status":"open","template":"","meta":[],"product_cat":[15567],"product_tag":[],"class_list":{"0":"post-51849","1":"product","2":"type-product","3":"status-publish","4":"has-post-thumbnail","6":"product_cat-shampoos-fellpflege-pflege-gesundheit-reinigen-trocknenhundewelt-fellpflege-pflege-gesundheit-hundewelt","8":"first","9":"instock","10":"taxable","11":"shipping-taxable","12":"purchasable","13":"product-type-simple"},"_links":{"self":[{"href":"https:\/\/all-pets.de\/shop\/wp-json\/wp\/v2\/product\/51849","targetHints":{"allow":["GET"]}}],"collection":[{"href":"https:\/\/all-pets.de\/shop\/wp-json\/wp\/v2\/product"}],"about":[{"href":"https:\/\/all-pets.de\/shop\/wp-json\/wp\/v2\/types\/product"}],"replies":[{"embeddable":true,"href":"https:\/\/all-pets.de\/shop\/wp-json\/wp\/v2\/comments?post=51849"}],"wp:featuredmedia":[{"embeddable":true,"href":"https:\/\/all-pets.de\/shop\/wp-json\/wp\/v2\/media\/21505"}],"wp:attachment":[{"href":"https:\/\/all-pets.de\/shop\/wp-json\/wp\/v2\/media?parent=51849"}],"wp:term":[{"taxonomy":"product_cat","embeddable":true,"href":"https:\/\/all-pets.de\/shop\/wp-json\/wp\/v2\/product_cat?post=51849"},{"taxonomy":"product_tag","embeddable":true,"href":"https:\/\/all-pets.de\/shop\/wp-json\/wp\/v2\/product_tag?post=51849"}],"curies":[{"name":"wp","href":"https:\/\/api.w.org\/{rel}","templated":true}]}}