{"id":51853,"date":"2023-12-12T12:40:43","date_gmt":"2023-12-12T11:40:43","guid":{"rendered":"https:\/\/pet-shopping.de\/shop\/produkt\/karlie-flamingo-auto-sicherheitsgeschirr-kunstleder-s\/"},"modified":"2023-12-12T12:40:44","modified_gmt":"2023-12-12T11:40:44","slug":"karlie-flamingo-auto-sicherheitsgeschirr-kunstleder-s","status":"publish","type":"product","link":"https:\/\/all-pets.de\/shop\/produkt\/karlie-flamingo-auto-sicherheitsgeschirr-kunstleder-s\/","title":{"rendered":"Karlie Flamingo Auto-Sicherheitsgeschirr Kunstleder &#8211; S"},"content":{"rendered":"<p>Sicherheitsgurt aus schwarzem Kunstleder speziell f\u00fcr Hunde, auch als Geschirr einsetzbar. Die einfachste M\u00f6glichkeit Mensch und Tier zu sch\u00fctzen. Mit diesem Hunde-Sicherheitsgurt ist Ihr Tier w\u00e4hren der Autofahrt optimal gesichert. Verhindert ein Herausspringen bei offener T\u00fcr oder Fenster, der Hund sitzt fest angeschnallt an seinem Platz. Mit Safety-Click Verschl\u00fcssen und weicher Polsterung im Brustbereich. <\/p>\n<p>Das Geschirr wird am vorhandenen Sicherheitsgurt befestigt und eignet sich so f\u00fcr alle g\u00e4ngigen Fahrzeugtypen &#8211; ein zus\u00e4tzlicher Adapter ist nicht notwendig.<\/p>\n<p>Farbe: Schwarz<br \/> Gr\u00f6\u00dfe S: Brustumfang ca. 35 &#8211; 50 cm<\/p>\n","protected":false},"excerpt":{"rendered":"<p>Sicherheitsgurt aus schwarzem Kunstleder speziell f\u00fcr Hunde, auch als Geschirr einsetzbar. Die einfachste M\u00f6glichkeit Mensch und Tier zu sch\u00fctzen. Mit diesem Hunde-Sicherheitsgurt ist Ihr Tier w\u00e4hren der Autofahrt optimal gesichert. Verhindert ein Herausspringen bei offener T\u00fcr oder Fenster, der Hund sitzt fest angeschnallt an seinem Platz. Mit Safety-Click Verschl\u00fcssen und weicher Polsterung im Brustbereich. Das [&hellip;]<\/p>\n","protected":false},"featured_media":21561,"comment_status":"closed","ping_status":"open","template":"","meta":[],"product_cat":[13691],"product_tag":[],"class_list":{"0":"post-51853","1":"product","2":"type-product","3":"status-publish","4":"has-post-thumbnail","6":"product_cat-autozubehoer","8":"first","9":"instock","10":"taxable","11":"shipping-taxable","12":"purchasable","13":"product-type-simple"},"_links":{"self":[{"href":"https:\/\/all-pets.de\/shop\/wp-json\/wp\/v2\/product\/51853","targetHints":{"allow":["GET"]}}],"collection":[{"href":"https:\/\/all-pets.de\/shop\/wp-json\/wp\/v2\/product"}],"about":[{"href":"https:\/\/all-pets.de\/shop\/wp-json\/wp\/v2\/types\/product"}],"replies":[{"embeddable":true,"href":"https:\/\/all-pets.de\/shop\/wp-json\/wp\/v2\/comments?post=51853"}],"wp:featuredmedia":[{"embeddable":true,"href":"https:\/\/all-pets.de\/shop\/wp-json\/wp\/v2\/media\/21561"}],"wp:attachment":[{"href":"https:\/\/all-pets.de\/shop\/wp-json\/wp\/v2\/media?parent=51853"}],"wp:term":[{"taxonomy":"product_cat","embeddable":true,"href":"https:\/\/all-pets.de\/shop\/wp-json\/wp\/v2\/product_cat?post=51853"},{"taxonomy":"product_tag","embeddable":true,"href":"https:\/\/all-pets.de\/shop\/wp-json\/wp\/v2\/product_tag?post=51853"}],"curies":[{"name":"wp","href":"https:\/\/api.w.org\/{rel}","templated":true}]}}