{"id":51856,"date":"2023-12-12T12:40:43","date_gmt":"2023-12-12T11:40:43","guid":{"rendered":"https:\/\/pet-shopping.de\/shop\/produkt\/catit-silikonmatte-blume-30-cm-gruen\/"},"modified":"2023-12-12T12:40:44","modified_gmt":"2023-12-12T11:40:44","slug":"catit-silikonmatte-blume-30-cm-gruen","status":"publish","type":"product","link":"https:\/\/all-pets.de\/shop\/produkt\/catit-silikonmatte-blume-30-cm-gruen\/","title":{"rendered":"CATIT Silikonmatte Blume &#8211; 30 cm &#8211; Gr\u00fcn"},"content":{"rendered":"<p><span style=\"font-weight: bold\">Weiche Silikon-Unterlegmatte mit Rand<\/span><\/p>\n<ul>\n<li>Weiche Unterlegmatte aus Silikon<\/li>\n<li>Mit integrierter Schlaufe zum einfachen Trocknen oder zur praktischen Lagerung der Matte<\/li>\n<li>Sch\u00fctzt den Boden oder Untergrund vor Futter- oder Wasserspritzern<\/li>\n<li>Rutschfest<\/li>\n<li>Farbe: Gr\u00fcn<\/li>\n<\/ul>\n<p> Z.B. f\u00fcr den Gebrauch mit Catit Trinkbrunnen und Catit Futtern\u00e4pfen (nicht enthalten). Das lebensmittelgeeignete Silikon ist flexibel und einfach zu reinigen.<\/p>\n","protected":false},"excerpt":{"rendered":"<p>Weiche Silikon-Unterlegmatte mit Rand Weiche Unterlegmatte aus Silikon Mit integrierter Schlaufe zum einfachen Trocknen oder zur praktischen Lagerung der Matte Sch\u00fctzt den Boden oder Untergrund vor Futter- oder Wasserspritzern Rutschfest Farbe: Gr\u00fcn Z.B. f\u00fcr den Gebrauch mit Catit Trinkbrunnen und Catit Futtern\u00e4pfen (nicht enthalten). Das lebensmittelgeeignete Silikon ist flexibel und einfach zu reinigen.<\/p>\n","protected":false},"featured_media":21570,"comment_status":"closed","ping_status":"open","template":"","meta":[],"product_cat":[13826],"product_tag":[],"class_list":{"0":"post-51856","1":"product","2":"type-product","3":"status-publish","4":"has-post-thumbnail","6":"product_cat-napfunterlagen","8":"first","9":"instock","10":"taxable","11":"shipping-taxable","12":"purchasable","13":"product-type-simple"},"_links":{"self":[{"href":"https:\/\/all-pets.de\/shop\/wp-json\/wp\/v2\/product\/51856","targetHints":{"allow":["GET"]}}],"collection":[{"href":"https:\/\/all-pets.de\/shop\/wp-json\/wp\/v2\/product"}],"about":[{"href":"https:\/\/all-pets.de\/shop\/wp-json\/wp\/v2\/types\/product"}],"replies":[{"embeddable":true,"href":"https:\/\/all-pets.de\/shop\/wp-json\/wp\/v2\/comments?post=51856"}],"wp:featuredmedia":[{"embeddable":true,"href":"https:\/\/all-pets.de\/shop\/wp-json\/wp\/v2\/media\/21570"}],"wp:attachment":[{"href":"https:\/\/all-pets.de\/shop\/wp-json\/wp\/v2\/media?parent=51856"}],"wp:term":[{"taxonomy":"product_cat","embeddable":true,"href":"https:\/\/all-pets.de\/shop\/wp-json\/wp\/v2\/product_cat?post=51856"},{"taxonomy":"product_tag","embeddable":true,"href":"https:\/\/all-pets.de\/shop\/wp-json\/wp\/v2\/product_tag?post=51856"}],"curies":[{"name":"wp","href":"https:\/\/api.w.org\/{rel}","templated":true}]}}