{"id":51862,"date":"2023-12-12T12:40:46","date_gmt":"2023-12-12T11:40:46","guid":{"rendered":"https:\/\/pet-shopping.de\/shop\/produkt\/ebi-tennisbaelle-coockoo-breezy-orange-3er-set-o-765-cm\/"},"modified":"2023-12-12T12:40:46","modified_gmt":"2023-12-12T11:40:46","slug":"ebi-tennisbaelle-coockoo-breezy-orange-3er-set-o-765-cm","status":"publish","type":"product","link":"https:\/\/all-pets.de\/shop\/produkt\/ebi-tennisbaelle-coockoo-breezy-orange-3er-set-o-765-cm\/","title":{"rendered":"EBI Tennisb\u00e4lle Coockoo Breezy Orange &#8211; 3er-Set &#8211; \u00f8 7,65 cm"},"content":{"rendered":"<p>Die COOCKOO Hundespielzeuge BREEZY sehen nicht nur sch\u00f6n und witzig aus, sondern sind auch formstabil und zum Spielen mit Ihrem Hund perfekt geeignet.\u00a0<\/p>\n<p>Der K\u00f6rper des BREEZY ist ein Tennisball. Durch die knallige Farbe ist der Coockoo BREEZY auch f\u00fcr Herrchen oder Frauchen weit sichtbar und geht nicht so schnell verloren. Breezy ist erh\u00e4ltlich als 3er-Set im Netz.<\/p>\n<div>Farbe: Orange<\/div>\n<div>Durchmesser: 7,65 cm<\/div>\n","protected":false},"excerpt":{"rendered":"<p>Die COOCKOO Hundespielzeuge BREEZY sehen nicht nur sch\u00f6n und witzig aus, sondern sind auch formstabil und zum Spielen mit Ihrem Hund perfekt geeignet.\u00a0 Der K\u00f6rper des BREEZY ist ein Tennisball. Durch die knallige Farbe ist der Coockoo BREEZY auch f\u00fcr Herrchen oder Frauchen weit sichtbar und geht nicht so schnell verloren. Breezy ist erh\u00e4ltlich als [&hellip;]<\/p>\n","protected":false},"featured_media":21605,"comment_status":"closed","ping_status":"open","template":"","meta":[],"product_cat":[14200],"product_tag":[],"class_list":{"0":"post-51862","1":"product","2":"type-product","3":"status-publish","4":"has-post-thumbnail","6":"product_cat-hundebaelle-hundespielzeug-sport-hundewurfspielzeughundewelt","8":"first","9":"instock","10":"taxable","11":"shipping-taxable","12":"purchasable","13":"product-type-simple"},"_links":{"self":[{"href":"https:\/\/all-pets.de\/shop\/wp-json\/wp\/v2\/product\/51862","targetHints":{"allow":["GET"]}}],"collection":[{"href":"https:\/\/all-pets.de\/shop\/wp-json\/wp\/v2\/product"}],"about":[{"href":"https:\/\/all-pets.de\/shop\/wp-json\/wp\/v2\/types\/product"}],"replies":[{"embeddable":true,"href":"https:\/\/all-pets.de\/shop\/wp-json\/wp\/v2\/comments?post=51862"}],"wp:featuredmedia":[{"embeddable":true,"href":"https:\/\/all-pets.de\/shop\/wp-json\/wp\/v2\/media\/21605"}],"wp:attachment":[{"href":"https:\/\/all-pets.de\/shop\/wp-json\/wp\/v2\/media?parent=51862"}],"wp:term":[{"taxonomy":"product_cat","embeddable":true,"href":"https:\/\/all-pets.de\/shop\/wp-json\/wp\/v2\/product_cat?post=51862"},{"taxonomy":"product_tag","embeddable":true,"href":"https:\/\/all-pets.de\/shop\/wp-json\/wp\/v2\/product_tag?post=51862"}],"curies":[{"name":"wp","href":"https:\/\/api.w.org\/{rel}","templated":true}]}}